{"id":5804,"date":"2013-08-11T20:13:42","date_gmt":"2013-08-11T18:13:42","guid":{"rendered":"https:\/\/www.triopsgalaxy.de\/faq\/"},"modified":"2023-11-01T22:44:23","modified_gmt":"2023-11-01T21:44:23","slug":"faq","status":"publish","type":"page","link":"https:\/\/www.triopsgalaxy.de\/fr\/faq\/","title":{"rendered":"Foire aux questions"},"content":{"rendered":"\n<style>#sp-ea-7421 .spcollapsing { height: 0; overflow: hidden; transition-property: height;transition-duration: 300ms;}#sp-ea-7421.sp-easy-accordion>.sp-ea-single {margin-bottom: 10px; border: 1px solid #e2e2e2; }#sp-ea-7421.sp-easy-accordion>.sp-ea-single>.ea-header a {color: #ffffff;}#sp-ea-7421.sp-easy-accordion>.sp-ea-single>.sp-collapse>.ea-body {background: #fff; color: #444;}#sp-ea-7421.sp-easy-accordion>.sp-ea-single {background: #086a87;}#sp-ea-7421.sp-easy-accordion>.sp-ea-single>.ea-header a .ea-expand-icon { float: left; color: #ffffff;font-size: 16px;}<\/style><div id=\"sp_easy_accordion-1698874331\"><div id=\"sp-ea-7421\" class=\"sp-ea-one sp-easy-accordion\" data-ea-active=\"ea-click\" data-ea-mode=\"vertical\" data-preloader=\"\" data-scroll-active-item=\"\" data-offset-to-scroll=\"0\"><div class=\"ea-card ea-expand sp-ea-single\"><h3 class=\"ea-header\"><a class=\"collapsed\" id=\"ea-header-74210\" role=\"button\" data-sptoggle=\"spcollapse\" data-sptarget=\"#collapse74210\" aria-controls=\"collapse74210\" href=\"#\" aria-expanded=\"true\" tabindex=\"0\"><i aria-hidden=\"true\" role=\"presentation\" class=\"ea-expand-icon eap-icon-ea-expand-minus\"><\/i> Que sont les triops ?<\/a><\/h3><div class=\"sp-collapse spcollapse collapsed show\" id=\"collapse74210\" data-parent=\"#sp-ea-7421\" role=\"region\" aria-labelledby=\"ea-header-74210\"> <div class=\"ea-body\"><p>Triops ou crabe pr\u00e9historique est le genre qui, au sein de la classe des branchiopodes (Branchiopoda), appartient \u00e0 l'ordre des \u00e9cailleurs dorsaux. Le nom Triops signifie en grec \"celui qui a trois yeux\" et est un fossile vivant.<\/p><p><em>\u2192 L'article principal fournit de plus amples informations sur le sujet : <a href=\"https:\/\/www.triopsgalaxy.de\/fr\/que-sont-les-triops\/\"><strong>Que sont les triops ?<\/strong><\/a><\/em><\/p><\/div><\/div><\/div><div class=\"ea-card sp-ea-single\"><h3 class=\"ea-header\"><a class=\"collapsed\" id=\"ea-header-74211\" role=\"button\" data-sptoggle=\"spcollapse\" data-sptarget=\"#collapse74211\" aria-controls=\"collapse74211\" href=\"#\" aria-expanded=\"false\" tabindex=\"0\"><i aria-hidden=\"true\" role=\"presentation\" class=\"ea-expand-icon eap-icon-ea-expand-plus\"><\/i> Que sont les crabes pr\u00e9historiques ?<\/a><\/h3><div class=\"sp-collapse spcollapse \" id=\"collapse74211\" data-parent=\"#sp-ea-7421\" role=\"region\" aria-labelledby=\"ea-header-74211\"> <div class=\"ea-body\"><p>Le crabe pr\u00e9historique ou triops est un fossile vivant qui nageait d\u00e9j\u00e0 il y a plus de 200 millions d'ann\u00e9es dans les mares o\u00f9 pi\u00e9tinaient les dinosaures.<\/p><p><em>\u2192 Pour plus d'informations, consultez l'article principal : <a href=\"https:\/\/www.triopsgalaxy.de\/fr\/que-sont-les-crabes-prehistoriques\/\"><strong>Que sont les crustac\u00e9s pr\u00e9historiques ?<\/strong><\/a><\/em><\/p><\/div><\/div><\/div><div class=\"ea-card sp-ea-single\"><h3 class=\"ea-header\"><a class=\"collapsed\" id=\"ea-header-74212\" role=\"button\" data-sptoggle=\"spcollapse\" data-sptarget=\"#collapse74212\" aria-controls=\"collapse74212\" href=\"#\" aria-expanded=\"false\" tabindex=\"0\"><i aria-hidden=\"true\" role=\"presentation\" class=\"ea-expand-icon eap-icon-ea-expand-plus\"><\/i> O\u00f9 vivent les triops ?<\/a><\/h3><div class=\"sp-collapse spcollapse \" id=\"collapse74212\" data-parent=\"#sp-ea-7421\" role=\"region\" aria-labelledby=\"ea-header-74212\"> <div class=\"ea-body\"><p>Les triops vivent dans les flaques et les mares d'eau cr\u00e9\u00e9es par les averses et les inondations saisonni\u00e8res.<\/p><\/div><\/div><\/div><div class=\"ea-card sp-ea-single\"><h3 class=\"ea-header\"><a class=\"collapsed\" id=\"ea-header-74213\" role=\"button\" data-sptoggle=\"spcollapse\" data-sptarget=\"#collapse74213\" aria-controls=\"collapse74213\" href=\"#\" aria-expanded=\"false\" tabindex=\"0\"><i aria-hidden=\"true\" role=\"presentation\" class=\"ea-expand-icon eap-icon-ea-expand-plus\"><\/i> Que mangent les triops ?<\/a><\/h3><div class=\"sp-collapse spcollapse \" id=\"collapse74213\" data-parent=\"#sp-ea-7421\" role=\"region\" aria-labelledby=\"ea-header-74213\"> <div class=\"ea-body\"><p>Dans la nature, les triops se nourrissent d'insectes, de t\u00eatards et de plantes. Durant les premiers jours de leur vie, ils tirent leur nourriture des bact\u00e9ries et des nutriments pr\u00e9sents dans l'eau. Dans les \u00e9levages domestiques, les jeunes animaux sont nourris avec de la spiruline en poudre, de la chlorella en poudre et des \u0153ufs d'art\u00e9mias d\u00e9capsul\u00e9s. Les adultes re\u00e7oivent une nourriture solide sous forme de granul\u00e9s, de pellets, de tablettes alimentaires, mais aussi de nourriture vivante.<\/p><p><em>\u2192 Pour plus d'informations sur l'alimentation, consultez l'article principal : <a href=\"https:\/\/www.triopsgalaxy.de\/fr\/nourrir-les-triops\/\"><strong>Nourrir les triops<\/strong><\/a>.<\/em><\/p><\/div><\/div><\/div><div class=\"ea-card sp-ea-single\"><h3 class=\"ea-header\"><a class=\"collapsed\" id=\"ea-header-74214\" role=\"button\" data-sptoggle=\"spcollapse\" data-sptarget=\"#collapse74214\" aria-controls=\"collapse74214\" href=\"#\" aria-expanded=\"false\" tabindex=\"0\"><i aria-hidden=\"true\" role=\"presentation\" class=\"ea-expand-icon eap-icon-ea-expand-plus\"><\/i> Puis-je \u00e9lever des triops moi-m\u00eame \u00e0 la maison ?<\/a><\/h3><div class=\"sp-collapse spcollapse \" id=\"collapse74214\" data-parent=\"#sp-ea-7421\" role=\"region\" aria-labelledby=\"ea-header-74214\"> <div class=\"ea-body\"><p>Oui, tu peux le faire sans probl\u00e8me. Pour cela, il te suffit d'acheter un <a href=\"https:\/\/www.triopsgalaxy.de\/fr\/shop\/triops-longicaudatus-set-fr\/\"><strong>kit pour d\u00e9butants<\/strong><\/a> dans notre boutique et tu pourras commencer \u00e0 \u00e9lever des triops dans quelques jours.<\/p><p><em>\u2192 Pour plus d'informations sur l'\u00e9levage des triops, consultez l'article principal : <a href=\"https:\/\/www.triopsgalaxy.de\/fr\/elever-des-triops\/\"><strong>Elever des triops<\/strong><\/a>.<\/em><\/p><\/div><\/div><\/div><\/div><\/div>\n","protected":false},"excerpt":{"rendered":"","protected":false},"author":2,"featured_media":0,"parent":0,"menu_order":0,"comment_status":"closed","ping_status":"closed","template":"","meta":{"inline_featured_image":false,"footnotes":""},"class_list":["post-5804","page","type-page","status-publish","hentry"],"yoast_head":"<!-- This site is optimized with the Yoast SEO plugin v27.4 - https:\/\/yoast.com\/product\/yoast-seo-wordpress\/ -->\n<title>Foire aux questions - FAQ - Triops Galaxy<\/title>\n<meta name=\"robots\" content=\"index, follow, max-snippet:-1, max-image-preview:large, max-video-preview:-1\" \/>\n<link rel=\"canonical\" href=\"https:\/\/www.triopsgalaxy.de\/fr\/faq\/\" \/>\n<meta property=\"og:locale\" content=\"fr_FR\" \/>\n<meta property=\"og:type\" content=\"article\" \/>\n<meta property=\"og:title\" content=\"Foire aux questions - FAQ - Triops Galaxy\" \/>\n<meta property=\"og:url\" content=\"https:\/\/www.triopsgalaxy.de\/fr\/faq\/\" \/>\n<meta property=\"article:modified_time\" content=\"2023-11-01T21:44:23+00:00\" \/>\n<meta name=\"twitter:card\" content=\"summary_large_image\" \/>\n<meta name=\"twitter:label1\" content=\"Dur\u00e9e de lecture estim\u00e9e\" \/>\n\t<meta name=\"twitter:data1\" content=\"1 minute\" \/>\n<script type=\"application\/ld+json\" class=\"yoast-schema-graph\">{\"@context\":\"https:\\\/\\\/schema.org\",\"@graph\":[{\"@type\":\"WebPage\",\"@id\":\"https:\\\/\\\/www.triopsgalaxy.de\\\/fr\\\/faq\\\/\",\"url\":\"https:\\\/\\\/www.triopsgalaxy.de\\\/fr\\\/faq\\\/\",\"name\":\"Foire aux questions - FAQ - Triops Galaxy\",\"isPartOf\":{\"@id\":\"https:\\\/\\\/www.triopsgalaxy.de\\\/fr\\\/#website\"},\"datePublished\":\"2013-08-11T18:13:42+00:00\",\"dateModified\":\"2023-11-01T21:44:23+00:00\",\"breadcrumb\":{\"@id\":\"https:\\\/\\\/www.triopsgalaxy.de\\\/fr\\\/faq\\\/#breadcrumb\"},\"inLanguage\":\"fr-FR\",\"potentialAction\":[{\"@type\":\"ReadAction\",\"target\":[\"https:\\\/\\\/www.triopsgalaxy.de\\\/fr\\\/faq\\\/\"]}]},{\"@type\":\"BreadcrumbList\",\"@id\":\"https:\\\/\\\/www.triopsgalaxy.de\\\/fr\\\/faq\\\/#breadcrumb\",\"itemListElement\":[{\"@type\":\"ListItem\",\"position\":1,\"name\":\"Startseite\",\"item\":\"https:\\\/\\\/www.triopsgalaxy.de\\\/fr\\\/\"},{\"@type\":\"ListItem\",\"position\":2,\"name\":\"Foire aux questions\"}]},{\"@type\":\"WebSite\",\"@id\":\"https:\\\/\\\/www.triopsgalaxy.de\\\/fr\\\/#website\",\"url\":\"https:\\\/\\\/www.triopsgalaxy.de\\\/fr\\\/\",\"name\":\"\",\"description\":\"\",\"potentialAction\":[{\"@type\":\"SearchAction\",\"target\":{\"@type\":\"EntryPoint\",\"urlTemplate\":\"https:\\\/\\\/www.triopsgalaxy.de\\\/fr\\\/?s={search_term_string}\"},\"query-input\":{\"@type\":\"PropertyValueSpecification\",\"valueRequired\":true,\"valueName\":\"search_term_string\"}}],\"inLanguage\":\"fr-FR\"}]}<\/script>\n<!-- \/ Yoast SEO plugin. -->","yoast_head_json":{"title":"Foire aux questions - FAQ - Triops Galaxy","robots":{"index":"index","follow":"follow","max-snippet":"max-snippet:-1","max-image-preview":"max-image-preview:large","max-video-preview":"max-video-preview:-1"},"canonical":"https:\/\/www.triopsgalaxy.de\/fr\/faq\/","og_locale":"fr_FR","og_type":"article","og_title":"Foire aux questions - FAQ - Triops Galaxy","og_url":"https:\/\/www.triopsgalaxy.de\/fr\/faq\/","article_modified_time":"2023-11-01T21:44:23+00:00","twitter_card":"summary_large_image","twitter_misc":{"Dur\u00e9e de lecture estim\u00e9e":"1 minute"},"schema":{"@context":"https:\/\/schema.org","@graph":[{"@type":"WebPage","@id":"https:\/\/www.triopsgalaxy.de\/fr\/faq\/","url":"https:\/\/www.triopsgalaxy.de\/fr\/faq\/","name":"Foire aux questions - FAQ - Triops Galaxy","isPartOf":{"@id":"https:\/\/www.triopsgalaxy.de\/fr\/#website"},"datePublished":"2013-08-11T18:13:42+00:00","dateModified":"2023-11-01T21:44:23+00:00","breadcrumb":{"@id":"https:\/\/www.triopsgalaxy.de\/fr\/faq\/#breadcrumb"},"inLanguage":"fr-FR","potentialAction":[{"@type":"ReadAction","target":["https:\/\/www.triopsgalaxy.de\/fr\/faq\/"]}]},{"@type":"BreadcrumbList","@id":"https:\/\/www.triopsgalaxy.de\/fr\/faq\/#breadcrumb","itemListElement":[{"@type":"ListItem","position":1,"name":"Startseite","item":"https:\/\/www.triopsgalaxy.de\/fr\/"},{"@type":"ListItem","position":2,"name":"Foire aux questions"}]},{"@type":"WebSite","@id":"https:\/\/www.triopsgalaxy.de\/fr\/#website","url":"https:\/\/www.triopsgalaxy.de\/fr\/","name":"","description":"","potentialAction":[{"@type":"SearchAction","target":{"@type":"EntryPoint","urlTemplate":"https:\/\/www.triopsgalaxy.de\/fr\/?s={search_term_string}"},"query-input":{"@type":"PropertyValueSpecification","valueRequired":true,"valueName":"search_term_string"}}],"inLanguage":"fr-FR"}]}},"_links":{"self":[{"href":"https:\/\/www.triopsgalaxy.de\/fr\/wp-json\/wp\/v2\/pages\/5804","targetHints":{"allow":["GET"]}}],"collection":[{"href":"https:\/\/www.triopsgalaxy.de\/fr\/wp-json\/wp\/v2\/pages"}],"about":[{"href":"https:\/\/www.triopsgalaxy.de\/fr\/wp-json\/wp\/v2\/types\/page"}],"author":[{"embeddable":true,"href":"https:\/\/www.triopsgalaxy.de\/fr\/wp-json\/wp\/v2\/users\/2"}],"replies":[{"embeddable":true,"href":"https:\/\/www.triopsgalaxy.de\/fr\/wp-json\/wp\/v2\/comments?post=5804"}],"version-history":[{"count":0,"href":"https:\/\/www.triopsgalaxy.de\/fr\/wp-json\/wp\/v2\/pages\/5804\/revisions"}],"wp:attachment":[{"href":"https:\/\/www.triopsgalaxy.de\/fr\/wp-json\/wp\/v2\/media?parent=5804"}],"curies":[{"name":"wp","href":"https:\/\/api.w.org\/{rel}","templated":true}]}}