{"id":5852,"date":"2020-07-26T10:00:04","date_gmt":"2020-07-26T08:00:04","guid":{"rendered":"https:\/\/www.triopsgalaxy.de\/agb\/"},"modified":"2025-12-12T12:38:20","modified_gmt":"2025-12-12T11:38:20","slug":"conditions-generales-de-vente","status":"publish","type":"page","link":"https:\/\/www.triopsgalaxy.de\/fr\/conditions-generales-de-vente\/","title":{"rendered":"Conditions g\u00e9n\u00e9rales de vente et informations aux clients"},"content":{"rendered":"\n<h2 class=\"wp-block-heading\" id=\"allgemeine-geschaftsbedingungen\">1. Champ d&rsquo;application<\/h2>\n\n\n\n<p>Les pr\u00e9sentes conditions g\u00e9n\u00e9rales s&rsquo;appliquent \u00e0 toutes les commandes pass\u00e9es par des consommateurs et des entrepreneurs via la boutique en ligne Triops Galaxy (www.triopsgalaxy.de). Un consommateur est toute personne physique qui conclut une transaction juridique \u00e0 des fins qui ne peuvent \u00eatre attribu\u00e9es principalement ni \u00e0 son activit\u00e9 commerciale ni \u00e0 son activit\u00e9 professionnelle ind\u00e9pendante.<\/p>\n\n\n\n<p>Les conditions contraires ou compl\u00e9mentaires de l&rsquo;acheteur ne s&rsquo;appliquent pas, sauf si leur validit\u00e9 est express\u00e9ment accept\u00e9e par \u00e9crit.<\/p>\n\n\n\n<h3 class=\"wp-block-heading\" id=\"2-vertragsschluss\">2. Partenaire contractuel et contact<\/h3>\n\n\n\n<p>Le contrat est conclu avec :<\/p>\n\n\n\n<p>Triops Galaxy <br>Entreprise exploit\u00e9e par Sladjan Lazic<br>Schaidlerstr. 14 <br>81379 Munich, Allemagne<\/p>\n\n\n\n<h3 class=\"wp-block-heading\" id=\"3-vertragsgegenstand-beschaffenheit-lieferung-warenverfugbarkeit\">3. Offre et conclusion du contrat<\/h3>\n\n\n\n<p>La pr\u00e9sentation des produits dans la boutique en ligne ne constitue pas une offre juridiquement contraignante, mais une vitrine en ligne sans engagement. En cliquant sur le bouton \u00ab Acheter maintenant \u00bb, le client soumet une offre d&rsquo;achat ferme.<\/p>\n\n\n\n<p>Le contrat est conclu par la confirmation de la commande par e-mail ou par la livraison de la marchandise.<\/p>\n\n\n\n<h3 class=\"wp-block-heading\" id=\"4-lieferung-preise-versandkosten\">4. Prix et frais d&rsquo;exp\u00e9dition<\/h3>\n\n\n\n<p>Tous les prix sont indiqu\u00e9s en euros et incluent la taxe sur la valeur ajout\u00e9e l\u00e9gale. Les frais d&rsquo;exp\u00e9dition sont indiqu\u00e9s s\u00e9par\u00e9ment.<\/p>\n\n\n\n<h3 class=\"wp-block-heading\" id=\"5-zahlung\">5. Paiement<\/h3>\n\n\n\n<p>Les modes de paiement suivants sont disponibles : paiement anticip\u00e9, PayPal, carte de cr\u00e9dit, \u00e9ventuellement d&rsquo;autres options indiqu\u00e9es dans la boutique.<\/p>\n\n\n\n<h3 class=\"wp-block-heading\" id=\"6-transportschaden\">6. Livraison<\/h3>\n\n\n\n<p>La livraison est effectu\u00e9e \u00e0 l&rsquo;adresse de livraison indiqu\u00e9e par le client. Les d\u00e9lais de livraison sont indiqu\u00e9s dans la description du produit. Nous nous r\u00e9servons le droit de proc\u00e9der \u00e0 des livraisons de remplacement en cas d&rsquo;indisponibilit\u00e9.<\/p>\n\n\n\n<h3 class=\"wp-block-heading\" id=\"7-sachmangelgewahrleistung\">7. R\u00e9serve de propri\u00e9t\u00e9<\/h3>\n\n\n\n<p>La marchandise reste la propri\u00e9t\u00e9 de Triops Galaxy jusqu&rsquo;\u00e0 son paiement int\u00e9gral.<\/p>\n\n\n\n<h3 class=\"wp-block-heading\" id=\"8-eigentumsvorbehalt\">8. Garantie<\/h3>\n\n\n\n<p>Les droits de garantie l\u00e9gaux s&rsquo;appliquent.<\/p>\n\n\n\n<h4 class=\"wp-block-heading\">8.1 Nature de la marchandise<\/h4>\n\n\n\n<p>Les kits d&rsquo;\u00e9levage de triops, les m\u00e9langes \u0153ufs-sable, les aliments et les accessoires sont des produits naturels ou vivants dont le succ\u00e8s d\u00e9pend de facteurs externes (par exemple, la temp\u00e9rature, la qualit\u00e9 de l&rsquo;eau, le rapport de m\u00e9lange, les conditions d&rsquo;\u00e9clairage).<\/p>\n\n\n\n<p><strong>La garantie couvre exclusivement l&rsquo;absence de d\u00e9fauts de la marchandise au moment de la remise, et non le succ\u00e8s de l&rsquo;\u00e9levage ou de la reproduction.<\/strong><\/p>\n\n\n\n<h4 class=\"wp-block-heading\">8.2 Exclusion de responsabilit\u00e9 en cas d&rsquo;utilisation non conforme<\/h4>\n\n\n\n<p>La garantie est exclue si le d\u00e9faut est d\u00fb \u00e0 :<\/p>\n\n\n\n<ul class=\"wp-block-list\">\n<li>Diff\u00e9rence par rapport aux instructions fournies ou disponibles en ligne,<\/li>\n<\/ul>\n\n\n\n<ul class=\"wp-block-list\">\n<li>Mauvaise manipulation ou m\u00e9lange inappropri\u00e9,<\/li>\n<\/ul>\n\n\n\n<ul class=\"wp-block-list\">\n<li>Conditions environnementales inadapt\u00e9es (par exemple, temp\u00e9rature incorrecte, eau du robinet chlor\u00e9e, stockage incorrect),<\/li>\n<\/ul>\n\n\n\n<ul class=\"wp-block-list\">\n<li>Superposition ou d\u00e9passement de la date de p\u00e9remption.<\/li>\n<\/ul>\n\n\n\n<p>La garantie l\u00e9gale reste inchang\u00e9e si le d\u00e9faut existait d\u00e9j\u00e0 au moment de la remise de la marchandise.<\/p>\n\n\n\n<h3 class=\"wp-block-heading\" id=\"9-haftung\">9. Exclusion d&rsquo;application\/Remarques pour une utilisation s\u00fbre<\/h3>\n\n\n\n<p>Les produits Triops Galaxy ne sont pas destin\u00e9s \u00e0 la consommation. Ce ne sont pas des jouets. Ne conviennent pas aux enfants de moins de 3 ans.<\/p>\n\n\n\n<p>Les instructions doivent \u00eatre imp\u00e9rativement respect\u00e9es (accessible num\u00e9riquement via un code QR ou <a href=\"https:\/\/www.triopsgalaxy.de\/fr\/\">www.triopsgalaxy.de<\/a>).<\/p>\n\n\n\n<p><strong>Le succ\u00e8s de l&rsquo;\u00e9levage ne peut \u00eatre garanti, car il s&rsquo;agit d&rsquo;un processus biologique d\u00e9pendant de facteurs externes.<\/strong><\/p>\n\n\n\n<h3 class=\"wp-block-heading\" id=\"10-vertragstext\">10. Droit de r\u00e9tractation<\/h3>\n\n\n\n<p>Les consommateurs disposent d&rsquo;un droit de r\u00e9tractation. Sont exclus de la r\u00e9tractation :<\/p>\n\n\n\n<ul class=\"wp-block-list\">\n<li>les produits scell\u00e9s qui, pour des raisons d&rsquo;hygi\u00e8ne ou de s\u00e9curit\u00e9 alimentaire, ne peuvent \u00eatre renvoy\u00e9s s&rsquo;ils ont \u00e9t\u00e9 d\u00e9ball\u00e9s ;<\/li>\n<\/ul>\n\n\n\n<ul class=\"wp-block-list\">\n<li>les marchandises vivantes ou p\u00e9rissables (par exemple, les \u0153ufs de triops) dont la dur\u00e9e de conservation est limit\u00e9e.<\/li>\n<\/ul>\n\n\n\n<p>Vous trouverez les informations compl\u00e8tes relatives au droit de r\u00e9tractation \u00e0 l&rsquo;adresse suivante : <a href=\"https:\/\/www.triopsgalaxy.de\/fr\/conditions-de-retractation\/\">www.triopsgalaxy.de\/fr\/conditions-de-retractation<\/a>.<\/p>\n\n\n\n<h3 class=\"wp-block-heading\" id=\"11-schlussbestimmungen\">11. Responsabilit\u00e9<\/h3>\n\n\n\n<p>Notre responsabilit\u00e9 est illimit\u00e9e en cas de faute intentionnelle et de n\u00e9gligence grave. En cas de n\u00e9gligence l\u00e9g\u00e8re, notre responsabilit\u00e9 est limit\u00e9e aux dommages pr\u00e9visibles et typiques du contrat, uniquement en cas de violation d&rsquo;obligations contractuelles essentielles (obligations cardinales). Nous d\u00e9clinons toute responsabilit\u00e9 pour les dommages indirects ou le manque \u00e0 gagner.<\/p>\n\n\n\n<h3 class=\"wp-block-heading\">12. Protection des donn\u00e9es<\/h3>\n\n\n\n<p>Vous trouverez des informations sur le traitement des donn\u00e9es dans notre d\u00e9claration de confidentialit\u00e9 \u00e0 l&rsquo;adresse suivante <a href=\"https:\/\/www.triopsgalaxy.de\/fr\/declaration-de-confidentialite\/\">www.triopsgalaxy.de\/fr\/declaration-de-confidentialite\/<\/a>.<\/p>\n\n\n\n<h3 class=\"wp-block-heading\">13. R\u00e8glement des diff\u00e9rends<\/h3>\n\n\n\n<p>La Commission europ\u00e9enne met \u00e0 disposition une plateforme pour le r\u00e8glement en ligne des litiges : <a href=\"https:\/\/ec.europa.eu\/consumers\/odr\" target=\"_blank\" rel=\"noreferrer noopener nofollow\">https:\/\/ec.europa.eu\/consumers\/odr<\/a>.<\/p>\n\n\n\n<p>Nous ne sommes ni tenus ni dispos\u00e9s \u00e0 participer \u00e0 une proc\u00e9dure de r\u00e8glement des litiges devant un organisme de conciliation des consommateurs.<\/p>\n\n\n\n<h4 class=\"wp-block-heading\">14. Dispositions finales<\/h4>\n\n\n\n<p>Le droit allemand s&rsquo;applique, \u00e0 l&rsquo;exclusion du droit commercial des Nations Unies. Si une disposition des pr\u00e9sentes CGV s&rsquo;av\u00e9rait invalide, la validit\u00e9 des autres dispositions n&rsquo;en serait pas affect\u00e9e.<\/p>\n","protected":false},"excerpt":{"rendered":"<p>1. Champ d&rsquo;application Les pr\u00e9sentes conditions g\u00e9n\u00e9rales s&rsquo;appliquent \u00e0 toutes les commandes pass\u00e9es par des consommateurs et des entrepreneurs via la boutique en ligne Triops Galaxy (www.triopsgalaxy.de). Un consommateur est toute personne physique qui conclut une transaction juridique \u00e0 des fins qui ne peuvent \u00eatre attribu\u00e9es principalement ni \u00e0 son activit\u00e9 commerciale ni \u00e0 son [&#8230;]\n","protected":false},"author":2,"featured_media":0,"parent":0,"menu_order":0,"comment_status":"closed","ping_status":"closed","template":"","meta":{"inline_featured_image":false,"footnotes":""},"class_list":["post-5852","page","type-page","status-publish","hentry"],"yoast_head":"<!-- This site is optimized with the Yoast SEO plugin v27.4 - https:\/\/yoast.com\/product\/yoast-seo-wordpress\/ -->\n<title>Conditions g\u00e9n\u00e9rales de vente - Triops Galaxy<\/title>\n<meta name=\"robots\" content=\"noindex, follow\" \/>\n<meta property=\"og:locale\" content=\"fr_FR\" \/>\n<meta property=\"og:type\" content=\"article\" \/>\n<meta property=\"og:title\" content=\"Conditions g\u00e9n\u00e9rales de vente - Triops Galaxy\" \/>\n<meta property=\"og:description\" content=\"1. Champ d&rsquo;application Les pr\u00e9sentes conditions g\u00e9n\u00e9rales s&rsquo;appliquent \u00e0 toutes les commandes pass\u00e9es par des consommateurs et des entrepreneurs via la boutique en ligne Triops Galaxy (www.triopsgalaxy.de). Un consommateur est toute personne physique qui conclut une transaction juridique \u00e0 des fins qui ne peuvent \u00eatre attribu\u00e9es principalement ni \u00e0 son activit\u00e9 commerciale ni \u00e0 son [...]\" \/>\n<meta property=\"og:url\" content=\"https:\/\/www.triopsgalaxy.de\/fr\/conditions-generales-de-vente\/\" \/>\n<meta property=\"article:modified_time\" content=\"2025-12-12T11:38:20+00:00\" \/>\n<meta name=\"twitter:card\" content=\"summary_large_image\" \/>\n<meta name=\"twitter:label1\" content=\"Dur\u00e9e de lecture estim\u00e9e\" \/>\n\t<meta name=\"twitter:data1\" content=\"4 minutes\" \/>\n<script type=\"application\/ld+json\" class=\"yoast-schema-graph\">{\"@context\":\"https:\\\/\\\/schema.org\",\"@graph\":[{\"@type\":\"WebPage\",\"@id\":\"https:\\\/\\\/www.triopsgalaxy.de\\\/fr\\\/conditions-generales-de-vente\\\/\",\"url\":\"https:\\\/\\\/www.triopsgalaxy.de\\\/fr\\\/conditions-generales-de-vente\\\/\",\"name\":\"Conditions g\u00e9n\u00e9rales de vente - Triops Galaxy\",\"isPartOf\":{\"@id\":\"https:\\\/\\\/www.triopsgalaxy.de\\\/fr\\\/#website\"},\"datePublished\":\"2020-07-26T08:00:04+00:00\",\"dateModified\":\"2025-12-12T11:38:20+00:00\",\"breadcrumb\":{\"@id\":\"https:\\\/\\\/www.triopsgalaxy.de\\\/fr\\\/conditions-generales-de-vente\\\/#breadcrumb\"},\"inLanguage\":\"fr-FR\",\"potentialAction\":[{\"@type\":\"ReadAction\",\"target\":[\"https:\\\/\\\/www.triopsgalaxy.de\\\/fr\\\/conditions-generales-de-vente\\\/\"]}]},{\"@type\":\"BreadcrumbList\",\"@id\":\"https:\\\/\\\/www.triopsgalaxy.de\\\/fr\\\/conditions-generales-de-vente\\\/#breadcrumb\",\"itemListElement\":[{\"@type\":\"ListItem\",\"position\":1,\"name\":\"Startseite\",\"item\":\"https:\\\/\\\/www.triopsgalaxy.de\\\/fr\\\/\"},{\"@type\":\"ListItem\",\"position\":2,\"name\":\"Conditions g\u00e9n\u00e9rales de vente et informations aux clients\"}]},{\"@type\":\"WebSite\",\"@id\":\"https:\\\/\\\/www.triopsgalaxy.de\\\/fr\\\/#website\",\"url\":\"https:\\\/\\\/www.triopsgalaxy.de\\\/fr\\\/\",\"name\":\"\",\"description\":\"\",\"potentialAction\":[{\"@type\":\"SearchAction\",\"target\":{\"@type\":\"EntryPoint\",\"urlTemplate\":\"https:\\\/\\\/www.triopsgalaxy.de\\\/fr\\\/?s={search_term_string}\"},\"query-input\":{\"@type\":\"PropertyValueSpecification\",\"valueRequired\":true,\"valueName\":\"search_term_string\"}}],\"inLanguage\":\"fr-FR\"}]}<\/script>\n<!-- \/ Yoast SEO plugin. -->","yoast_head_json":{"title":"Conditions g\u00e9n\u00e9rales de vente - Triops Galaxy","robots":{"index":"noindex","follow":"follow"},"og_locale":"fr_FR","og_type":"article","og_title":"Conditions g\u00e9n\u00e9rales de vente - Triops Galaxy","og_description":"1. Champ d&rsquo;application Les pr\u00e9sentes conditions g\u00e9n\u00e9rales s&rsquo;appliquent \u00e0 toutes les commandes pass\u00e9es par des consommateurs et des entrepreneurs via la boutique en ligne Triops Galaxy (www.triopsgalaxy.de). Un consommateur est toute personne physique qui conclut une transaction juridique \u00e0 des fins qui ne peuvent \u00eatre attribu\u00e9es principalement ni \u00e0 son activit\u00e9 commerciale ni \u00e0 son [...]","og_url":"https:\/\/www.triopsgalaxy.de\/fr\/conditions-generales-de-vente\/","article_modified_time":"2025-12-12T11:38:20+00:00","twitter_card":"summary_large_image","twitter_misc":{"Dur\u00e9e de lecture estim\u00e9e":"4 minutes"},"schema":{"@context":"https:\/\/schema.org","@graph":[{"@type":"WebPage","@id":"https:\/\/www.triopsgalaxy.de\/fr\/conditions-generales-de-vente\/","url":"https:\/\/www.triopsgalaxy.de\/fr\/conditions-generales-de-vente\/","name":"Conditions g\u00e9n\u00e9rales de vente - Triops Galaxy","isPartOf":{"@id":"https:\/\/www.triopsgalaxy.de\/fr\/#website"},"datePublished":"2020-07-26T08:00:04+00:00","dateModified":"2025-12-12T11:38:20+00:00","breadcrumb":{"@id":"https:\/\/www.triopsgalaxy.de\/fr\/conditions-generales-de-vente\/#breadcrumb"},"inLanguage":"fr-FR","potentialAction":[{"@type":"ReadAction","target":["https:\/\/www.triopsgalaxy.de\/fr\/conditions-generales-de-vente\/"]}]},{"@type":"BreadcrumbList","@id":"https:\/\/www.triopsgalaxy.de\/fr\/conditions-generales-de-vente\/#breadcrumb","itemListElement":[{"@type":"ListItem","position":1,"name":"Startseite","item":"https:\/\/www.triopsgalaxy.de\/fr\/"},{"@type":"ListItem","position":2,"name":"Conditions g\u00e9n\u00e9rales de vente et informations aux clients"}]},{"@type":"WebSite","@id":"https:\/\/www.triopsgalaxy.de\/fr\/#website","url":"https:\/\/www.triopsgalaxy.de\/fr\/","name":"","description":"","potentialAction":[{"@type":"SearchAction","target":{"@type":"EntryPoint","urlTemplate":"https:\/\/www.triopsgalaxy.de\/fr\/?s={search_term_string}"},"query-input":{"@type":"PropertyValueSpecification","valueRequired":true,"valueName":"search_term_string"}}],"inLanguage":"fr-FR"}]}},"_links":{"self":[{"href":"https:\/\/www.triopsgalaxy.de\/fr\/wp-json\/wp\/v2\/pages\/5852","targetHints":{"allow":["GET"]}}],"collection":[{"href":"https:\/\/www.triopsgalaxy.de\/fr\/wp-json\/wp\/v2\/pages"}],"about":[{"href":"https:\/\/www.triopsgalaxy.de\/fr\/wp-json\/wp\/v2\/types\/page"}],"author":[{"embeddable":true,"href":"https:\/\/www.triopsgalaxy.de\/fr\/wp-json\/wp\/v2\/users\/2"}],"replies":[{"embeddable":true,"href":"https:\/\/www.triopsgalaxy.de\/fr\/wp-json\/wp\/v2\/comments?post=5852"}],"version-history":[{"count":0,"href":"https:\/\/www.triopsgalaxy.de\/fr\/wp-json\/wp\/v2\/pages\/5852\/revisions"}],"wp:attachment":[{"href":"https:\/\/www.triopsgalaxy.de\/fr\/wp-json\/wp\/v2\/media?parent=5852"}],"curies":[{"name":"wp","href":"https:\/\/api.w.org\/{rel}","templated":true}]}}