{"id":6138,"date":"2023-08-22T10:00:40","date_gmt":"2023-08-22T08:00:40","guid":{"rendered":"https:\/\/www.triopsgalaxy.de\/shop\/livre-elevage-de-triops\/"},"modified":"2026-01-04T16:33:22","modified_gmt":"2026-01-04T15:33:22","slug":"livre-elevage-de-triops","status":"publish","type":"product","link":"https:\/\/www.triopsgalaxy.de\/fr\/shop\/livre-elevage-de-triops\/","title":{"rendered":"Livre de poche (allemand) &#8211; \u00c9levage de triops pour d\u00e9butants et avanc\u00e9s"},"content":{"rendered":"<h3>Le livre de Sladjan Lazic &#8211; \u00c9levage de triops pour d\u00e9butants et avanc\u00e9s<\/h3>\n<p>La premi\u00e8re \u00e9dition (septembre 2021) de ce livre de poche est une introduction compl\u00e8te \u00e0 l&rsquo;\u00e9levage de triops et un must pour tous les futurs \u00e9leveurs d&rsquo;\u00e9crevisses pr\u00e9historiques. En 16 chapitres et 90 pages, il fournit toutes les informations n\u00e9cessaires ainsi que de pr\u00e9cieux conseils et astuces pour r\u00e9ussir votre \u00e9levage de triops. Ce livre de poche est le premier compendium de ce genre dans les pays germanophones, \u00e0 saisir sans attendre.<\/p>\n<p><strong>Pour l&rsquo;instant, le livre n&rsquo;est disponible qu&rsquo;en allemand. Une version en fran\u00e7ais est pr\u00e9vue pour une date ult\u00e9rieure.<\/strong><\/p>\n<h3>Contenu:<\/h3>\n<ol>\n<li>Pr\u00e9face<\/li>\n<li>Que sont les triops ?<\/li>\n<li>Esp\u00e8ces de triops<\/li>\n<li>Pourquoi \u00e9lever des triops ?<\/li>\n<li>A quoi faut-il faire attention lors de l&rsquo;achat d&rsquo;\u0153ufs de triops ?<\/li>\n<li>Quels sont les accessoires n\u00e9cessaires ?<\/li>\n<li>La bonne terre de fond<\/li>\n<li>Nitrite dans l&rsquo;aquarium<\/li>\n<li>Nitrate dans l&rsquo;aquarium<\/li>\n<li>Guide d&rsquo;\u00e9levage des triops, \u00e9tape par \u00e9tape<\/li>\n<li>Les triops n&rsquo;\u00e9closent pas : que faire ?<\/li>\n<li>Nourrir les triops<\/li>\n<li>Plantes aquatiques Triops<\/li>\n<li>Feuilles d&rsquo;amandes de mer : indispensables pour votre \u00e9levage<\/li>\n<li>La mue des triops<\/li>\n<li>\u00c9pilogue<\/li>\n<\/ol>\n","protected":false},"excerpt":{"rendered":"<h3><span style=\"color: #50b848;\">En stock<\/span><\/h3>\n","protected":false},"featured_media":5350,"comment_status":"open","ping_status":"closed","template":"","meta":{"inline_featured_image":false},"product_brand":[],"product_cat":[214],"product_tag":[],"class_list":{"0":"post-6138","1":"product","2":"type-product","3":"status-publish","4":"has-post-thumbnail","6":"product_cat-soldes","7":"product_shipping_class-warenpost-fr","9":"first","10":"instock","11":"sale","12":"shipping-taxable","13":"purchasable","14":"product-type-simple"},"yoast_head":"<!-- This site is optimized with the Yoast SEO plugin v27.5 - https:\/\/yoast.com\/product\/yoast-seo-wordpress\/ -->\n<title>Livre de poche : \u00e9levage de triops pour d\u00e9butants et avanc\u00e9s<\/title>\n<meta name=\"description\" content=\"Livre \u27a4 \u00c9levage de triops pour d\u00e9butants et exp\u00e9riment\u00e9s \u2705 Guide pratique \u2705 \u00c9lever des triops \u2705 \u00c9lever des crustac\u00e9s pr\u00e9historiques \u2705 Septembre 2021 \u270d\ufe0f Triops Galaxy\" \/>\n<meta name=\"robots\" content=\"index, follow, max-snippet:-1, max-image-preview:large, max-video-preview:-1\" \/>\n<link rel=\"canonical\" href=\"https:\/\/www.triopsgalaxy.de\/fr\/shop\/livre-elevage-de-triops\/\" \/>\n<meta property=\"og:locale\" content=\"fr_FR\" \/>\n<meta property=\"og:type\" content=\"article\" \/>\n<meta property=\"og:title\" content=\"Livre de poche : \u00e9levage de triops pour d\u00e9butants et avanc\u00e9s\" \/>\n<meta property=\"og:description\" content=\"Livre \u27a4 \u00c9levage de triops pour d\u00e9butants et exp\u00e9riment\u00e9s \u2705 Guide pratique \u2705 \u00c9lever des triops \u2705 \u00c9lever des crustac\u00e9s pr\u00e9historiques \u2705 Septembre 2021 \u270d\ufe0f Triops Galaxy\" \/>\n<meta property=\"og:url\" content=\"https:\/\/www.triopsgalaxy.de\/fr\/shop\/livre-elevage-de-triops\/\" \/>\n<meta property=\"article:modified_time\" content=\"2026-01-04T15:33:22+00:00\" \/>\n<meta property=\"og:image\" content=\"https:\/\/www.triopsgalaxy.de\/wp-content\/uploads\/Ebook-mockup.jpg\" \/>\n\t<meta property=\"og:image:width\" content=\"1000\" \/>\n\t<meta property=\"og:image:height\" content=\"1000\" \/>\n\t<meta property=\"og:image:type\" content=\"image\/jpeg\" \/>\n<meta name=\"twitter:card\" content=\"summary_large_image\" \/>\n<meta name=\"twitter:label1\" content=\"Dur\u00e9e de lecture estim\u00e9e\" \/>\n\t<meta name=\"twitter:data1\" content=\"2 minutes\" \/>\n<script type=\"application\/ld+json\" class=\"yoast-schema-graph\">{\"@context\":\"https:\\\/\\\/schema.org\",\"@graph\":[{\"@type\":\"WebPage\",\"@id\":\"https:\\\/\\\/www.triopsgalaxy.de\\\/fr\\\/shop\\\/livre-elevage-de-triops\\\/\",\"url\":\"https:\\\/\\\/www.triopsgalaxy.de\\\/fr\\\/shop\\\/livre-elevage-de-triops\\\/\",\"name\":\"Livre de poche : \u00e9levage de triops pour d\u00e9butants et avanc\u00e9s\",\"isPartOf\":{\"@id\":\"https:\\\/\\\/www.triopsgalaxy.de\\\/fr\\\/#website\"},\"primaryImageOfPage\":{\"@id\":\"https:\\\/\\\/www.triopsgalaxy.de\\\/fr\\\/shop\\\/livre-elevage-de-triops\\\/#primaryimage\"},\"image\":{\"@id\":\"https:\\\/\\\/www.triopsgalaxy.de\\\/fr\\\/shop\\\/livre-elevage-de-triops\\\/#primaryimage\"},\"thumbnailUrl\":\"https:\\\/\\\/www.triopsgalaxy.de\\\/wp-content\\\/uploads\\\/Ebook-mockup.jpg\",\"datePublished\":\"2023-08-22T08:00:40+00:00\",\"dateModified\":\"2026-01-04T15:33:22+00:00\",\"description\":\"Livre \u27a4 \u00c9levage de triops pour d\u00e9butants et exp\u00e9riment\u00e9s \u2705 Guide pratique \u2705 \u00c9lever des triops \u2705 \u00c9lever des crustac\u00e9s pr\u00e9historiques \u2705 Septembre 2021 \u270d\ufe0f Triops Galaxy\",\"breadcrumb\":{\"@id\":\"https:\\\/\\\/www.triopsgalaxy.de\\\/fr\\\/shop\\\/livre-elevage-de-triops\\\/#breadcrumb\"},\"inLanguage\":\"fr-FR\",\"potentialAction\":[{\"@type\":\"ReadAction\",\"target\":[\"https:\\\/\\\/www.triopsgalaxy.de\\\/fr\\\/shop\\\/livre-elevage-de-triops\\\/\"]}]},{\"@type\":\"ImageObject\",\"inLanguage\":\"fr-FR\",\"@id\":\"https:\\\/\\\/www.triopsgalaxy.de\\\/fr\\\/shop\\\/livre-elevage-de-triops\\\/#primaryimage\",\"url\":\"https:\\\/\\\/www.triopsgalaxy.de\\\/wp-content\\\/uploads\\\/Ebook-mockup.jpg\",\"contentUrl\":\"https:\\\/\\\/www.triopsgalaxy.de\\\/wp-content\\\/uploads\\\/Ebook-mockup.jpg\",\"width\":1000,\"height\":1000},{\"@type\":\"BreadcrumbList\",\"@id\":\"https:\\\/\\\/www.triopsgalaxy.de\\\/fr\\\/shop\\\/livre-elevage-de-triops\\\/#breadcrumb\",\"itemListElement\":[{\"@type\":\"ListItem\",\"position\":1,\"name\":\"Startseite\",\"item\":\"https:\\\/\\\/www.triopsgalaxy.de\\\/fr\\\/\"},{\"@type\":\"ListItem\",\"position\":2,\"name\":\"Boutique\",\"item\":\"https:\\\/\\\/www.triopsgalaxy.de\\\/fr\\\/boutique\\\/\"},{\"@type\":\"ListItem\",\"position\":3,\"name\":\"Livre de poche (allemand) &#8211; \u00c9levage de triops pour d\u00e9butants et avanc\u00e9s\"}]},{\"@type\":\"WebSite\",\"@id\":\"https:\\\/\\\/www.triopsgalaxy.de\\\/fr\\\/#website\",\"url\":\"https:\\\/\\\/www.triopsgalaxy.de\\\/fr\\\/\",\"name\":\"\",\"description\":\"\",\"potentialAction\":[{\"@type\":\"SearchAction\",\"target\":{\"@type\":\"EntryPoint\",\"urlTemplate\":\"https:\\\/\\\/www.triopsgalaxy.de\\\/fr\\\/?s={search_term_string}\"},\"query-input\":{\"@type\":\"PropertyValueSpecification\",\"valueRequired\":true,\"valueName\":\"search_term_string\"}}],\"inLanguage\":\"fr-FR\"}]}<\/script>\n<!-- \/ Yoast SEO plugin. -->","yoast_head_json":{"title":"Livre de poche : \u00e9levage de triops pour d\u00e9butants et avanc\u00e9s","description":"Livre \u27a4 \u00c9levage de triops pour d\u00e9butants et exp\u00e9riment\u00e9s \u2705 Guide pratique \u2705 \u00c9lever des triops \u2705 \u00c9lever des crustac\u00e9s pr\u00e9historiques \u2705 Septembre 2021 \u270d\ufe0f Triops Galaxy","robots":{"index":"index","follow":"follow","max-snippet":"max-snippet:-1","max-image-preview":"max-image-preview:large","max-video-preview":"max-video-preview:-1"},"canonical":"https:\/\/www.triopsgalaxy.de\/fr\/shop\/livre-elevage-de-triops\/","og_locale":"fr_FR","og_type":"article","og_title":"Livre de poche : \u00e9levage de triops pour d\u00e9butants et avanc\u00e9s","og_description":"Livre \u27a4 \u00c9levage de triops pour d\u00e9butants et exp\u00e9riment\u00e9s \u2705 Guide pratique \u2705 \u00c9lever des triops \u2705 \u00c9lever des crustac\u00e9s pr\u00e9historiques \u2705 Septembre 2021 \u270d\ufe0f Triops Galaxy","og_url":"https:\/\/www.triopsgalaxy.de\/fr\/shop\/livre-elevage-de-triops\/","article_modified_time":"2026-01-04T15:33:22+00:00","og_image":[{"width":1000,"height":1000,"url":"https:\/\/www.triopsgalaxy.de\/wp-content\/uploads\/Ebook-mockup.jpg","type":"image\/jpeg"}],"twitter_card":"summary_large_image","twitter_misc":{"Dur\u00e9e de lecture estim\u00e9e":"2 minutes"},"schema":{"@context":"https:\/\/schema.org","@graph":[{"@type":"WebPage","@id":"https:\/\/www.triopsgalaxy.de\/fr\/shop\/livre-elevage-de-triops\/","url":"https:\/\/www.triopsgalaxy.de\/fr\/shop\/livre-elevage-de-triops\/","name":"Livre de poche : \u00e9levage de triops pour d\u00e9butants et avanc\u00e9s","isPartOf":{"@id":"https:\/\/www.triopsgalaxy.de\/fr\/#website"},"primaryImageOfPage":{"@id":"https:\/\/www.triopsgalaxy.de\/fr\/shop\/livre-elevage-de-triops\/#primaryimage"},"image":{"@id":"https:\/\/www.triopsgalaxy.de\/fr\/shop\/livre-elevage-de-triops\/#primaryimage"},"thumbnailUrl":"https:\/\/www.triopsgalaxy.de\/wp-content\/uploads\/Ebook-mockup.jpg","datePublished":"2023-08-22T08:00:40+00:00","dateModified":"2026-01-04T15:33:22+00:00","description":"Livre \u27a4 \u00c9levage de triops pour d\u00e9butants et exp\u00e9riment\u00e9s \u2705 Guide pratique \u2705 \u00c9lever des triops \u2705 \u00c9lever des crustac\u00e9s pr\u00e9historiques \u2705 Septembre 2021 \u270d\ufe0f Triops Galaxy","breadcrumb":{"@id":"https:\/\/www.triopsgalaxy.de\/fr\/shop\/livre-elevage-de-triops\/#breadcrumb"},"inLanguage":"fr-FR","potentialAction":[{"@type":"ReadAction","target":["https:\/\/www.triopsgalaxy.de\/fr\/shop\/livre-elevage-de-triops\/"]}]},{"@type":"ImageObject","inLanguage":"fr-FR","@id":"https:\/\/www.triopsgalaxy.de\/fr\/shop\/livre-elevage-de-triops\/#primaryimage","url":"https:\/\/www.triopsgalaxy.de\/wp-content\/uploads\/Ebook-mockup.jpg","contentUrl":"https:\/\/www.triopsgalaxy.de\/wp-content\/uploads\/Ebook-mockup.jpg","width":1000,"height":1000},{"@type":"BreadcrumbList","@id":"https:\/\/www.triopsgalaxy.de\/fr\/shop\/livre-elevage-de-triops\/#breadcrumb","itemListElement":[{"@type":"ListItem","position":1,"name":"Startseite","item":"https:\/\/www.triopsgalaxy.de\/fr\/"},{"@type":"ListItem","position":2,"name":"Boutique","item":"https:\/\/www.triopsgalaxy.de\/fr\/boutique\/"},{"@type":"ListItem","position":3,"name":"Livre de poche (allemand) &#8211; \u00c9levage de triops pour d\u00e9butants et avanc\u00e9s"}]},{"@type":"WebSite","@id":"https:\/\/www.triopsgalaxy.de\/fr\/#website","url":"https:\/\/www.triopsgalaxy.de\/fr\/","name":"","description":"","potentialAction":[{"@type":"SearchAction","target":{"@type":"EntryPoint","urlTemplate":"https:\/\/www.triopsgalaxy.de\/fr\/?s={search_term_string}"},"query-input":{"@type":"PropertyValueSpecification","valueRequired":true,"valueName":"search_term_string"}}],"inLanguage":"fr-FR"}]}},"_links":{"self":[{"href":"https:\/\/www.triopsgalaxy.de\/fr\/wp-json\/wp\/v2\/product\/6138","targetHints":{"allow":["GET"]}}],"collection":[{"href":"https:\/\/www.triopsgalaxy.de\/fr\/wp-json\/wp\/v2\/product"}],"about":[{"href":"https:\/\/www.triopsgalaxy.de\/fr\/wp-json\/wp\/v2\/types\/product"}],"replies":[{"embeddable":true,"href":"https:\/\/www.triopsgalaxy.de\/fr\/wp-json\/wp\/v2\/comments?post=6138"}],"wp:featuredmedia":[{"embeddable":true,"href":"https:\/\/www.triopsgalaxy.de\/fr\/wp-json\/wp\/v2\/media\/5350"}],"wp:attachment":[{"href":"https:\/\/www.triopsgalaxy.de\/fr\/wp-json\/wp\/v2\/media?parent=6138"}],"wp:term":[{"taxonomy":"product_brand","embeddable":true,"href":"https:\/\/www.triopsgalaxy.de\/fr\/wp-json\/wp\/v2\/product_brand?post=6138"},{"taxonomy":"product_cat","embeddable":true,"href":"https:\/\/www.triopsgalaxy.de\/fr\/wp-json\/wp\/v2\/product_cat?post=6138"},{"taxonomy":"product_tag","embeddable":true,"href":"https:\/\/www.triopsgalaxy.de\/fr\/wp-json\/wp\/v2\/product_tag?post=6138"}],"curies":[{"name":"wp","href":"https:\/\/api.w.org\/{rel}","templated":true}]}}