{"id":6154,"date":"2021-07-17T10:00:46","date_gmt":"2021-07-17T08:00:46","guid":{"rendered":"https:\/\/www.triopsgalaxy.de\/shop\/triops-longicaudatus-set-maxi-fr\/"},"modified":"2026-01-04T16:48:35","modified_gmt":"2026-01-04T15:48:35","slug":"triops-longicaudatus-set-maxi-fr","status":"publish","type":"product","link":"https:\/\/www.triopsgalaxy.de\/fr\/shop\/triops-longicaudatus-set-maxi-fr\/","title":{"rendered":"\ud83c\udfc5 \ud83c\udfc5 Triops longicaudatus &#8211; Set de crabes pr\u00e9historiques maxi \ud83e\udd90"},"content":{"rendered":"<p>En \u00e9levant des triops, vos enfants d\u00e9velopperont leur responsabilit\u00e9 sociale et prendront soin d&rsquo;un \u00eatre vivant de son \u00e9closion \u00e0 la fin de sa vie. Comme les triops ont une dur\u00e9e de vie tr\u00e8s courte, les enfants ne d\u00e9veloppent pas un lien trop fort, comme avec un autre animal. L&rsquo;esp\u00e8ce Triops longicaudatus grandit tr\u00e8s rapidement et atteint sa maturit\u00e9 sexuelle en 14 jours.<\/p>\n<p>Ensuite, les femelles Triops commencent \u00e0 pondre des \u0153ufs dans le sable. Apr\u00e8s la mort de la derni\u00e8re population de Triops, vous pouvez faire s\u00e9cher les \u0153ufs, les congeler et les utiliser pour un nouvel \u00e9levage. Les Triops longicaudatus se sentent bien \u00e0 une temp\u00e9rature de l&rsquo;ordre de 25\u00b0 C et peuvent \u00eatre \u00e9lev\u00e9s avec de l&rsquo;eau min\u00e9rale plate, de l&rsquo;eau distill\u00e9e ou de l&rsquo;eau de rivi\u00e8re ou de lac.<\/p>\n<p>Revivez la pr\u00e9histoire avec vos enfants &#8211; dans votre salon avec nos kits Triops !<\/p>\n<h2>Portrait de \u00ab\u00a0Triops longicaudatus\u00a0\u00bb:<\/h2>\n<p>Embranchement : arthropodes (Arthropoda)<br \/>\nSous-embranchement : Crustac\u00e9s (Crustacea)<br \/>\nTaille : 5 \u00e0 7 cm<br \/>\nDur\u00e9e de vie : env. 60 \u00e0 90 jours<br \/>\nHabitat : eau douce<br \/>\nTemp\u00e9rature : 25 \u00e0 28\u00b0 C<\/p>\n<h3>Contenu de la livraison:<\/h3>\n<ul>\n<li><strong>1 x m\u00e9lange d&rsquo;\u0153ufs et de sable (pr\u00e9paration pour l&rsquo;\u00e9levage)<\/strong><\/li>\n<li><strong>1 x Faunabox 30 x 20 x 20 cm avec poign\u00e9e de transport int\u00e9gr\u00e9e, trappe \u00e0 nourriture verrouillable et circulation d&rsquo;air suffisante<\/strong><\/li>\n<li><strong>1 x thermoplongeur d&rsquo;aquarium 50 watts<\/strong><\/li>\n<li><strong>1 x cloche \u00e0 mulch pour aquarium (nettoyeur de fond)<\/strong><\/li>\n<li><strong>1 x pipette pour le nettoyage<\/strong><\/li>\n<li><strong>1 x thermom\u00e8tre de pr\u00e9cision en verre 0 \u00e0 50 \u00b0C avec ventouse<\/strong><\/li>\n<li><strong>1 x \u00e9puisette pour aquarium<\/strong><\/li>\n<li><strong>1 x sachet de nourriture principale<\/strong><\/li>\n<li><strong>1 x sachet de spiruline en poudre (nourriture pour jeunes animaux)<\/strong><\/li>\n<li><strong>1 x sachet de nourriture pour jeunes animaux (\u0153ufs d&rsquo;art\u00e9mias d\u00e9capsul\u00e9s)<\/strong><\/li>\n<li><strong>1 x sachet de morceaux de feuilles d&rsquo;amandier de mer<\/strong><\/li>\n<li><strong>1 x sac de sable pour aquarium (gravier), 2 kg<\/strong><\/li>\n<li><strong>Les instructions d&rsquo;\u00e9levage ne sont d\u00e9lib\u00e9r\u00e9ment pas fournies sous forme papier. Vous b\u00e9n\u00e9ficiez d&rsquo;un acc\u00e8s exclusif \u00e0 nos instructions d&rsquo;\u00e9levage num\u00e9riques. Il vous suffit de scanner le code QR figurant sur l&rsquo;\u00e9tiquette ou de <a href=\"https:\/\/www.triopsgalaxy.de\/wp-content\/uploads\/Breeding-Guide.pdf\" target=\"_blank\" rel=\"noopener\">CLIQUER ICI<\/a> ! <\/strong>Sur demande, nous vous enverrons gratuitement des instructions imprim\u00e9es. Veuillez l&rsquo;indiquer dans les commentaires lors de votre commande.<\/li>\n<\/ul>\n<div class=\"video video-fit mb\" style=\"padding-top:56.25%;\"><p><iframe loading=\"lazy\" title=\"Triops longicaudatus 11 Tage alt\" width=\"1020\" height=\"574\" src=\"https:\/\/www.youtube.com\/embed\/WAo_oT-QyXs?feature=oembed\" frameborder=\"0\" allow=\"accelerometer; autoplay; clipboard-write; encrypted-media; gyroscope; picture-in-picture; web-share\" allowfullscreen><\/iframe><\/p>\n<\/div>\n<div class=\"video video-fit mb\" style=\"padding-top:56.25%;\"><p><iframe loading=\"lazy\" title=\"Aufzucht-Schritt-f\u00fcr-Schritt-Anleitung [QUICK GUIDE]\" width=\"1020\" height=\"574\" src=\"https:\/\/www.youtube.com\/embed\/nzmG0C403SE?feature=oembed\" frameborder=\"0\" allow=\"accelerometer; autoplay; clipboard-write; encrypted-media; gyroscope; picture-in-picture; web-share\" allowfullscreen><\/iframe><\/p>\n<\/div>\n","protected":false},"excerpt":{"rendered":"<h3><span style=\"color: #50b848;\">En stock<\/span><\/h3>\n","protected":false},"featured_media":5626,"comment_status":"open","ping_status":"closed","template":"","meta":{"inline_featured_image":false},"product_brand":[],"product_cat":[222,224],"product_tag":[],"class_list":{"0":"post-6154","1":"product","2":"type-product","3":"status-publish","4":"has-post-thumbnail","6":"product_cat-sets-triops","7":"product_cat-triops-longicaudatus-sets-fr","8":"product_shipping_class-dhl-paket-2-kg-fr","10":"first","11":"outofstock","12":"shipping-taxable","13":"purchasable","14":"product-type-variable"},"yoast_head":"<!-- This site is optimized with the Yoast SEO plugin v27.5 - https:\/\/yoast.com\/product\/yoast-seo-wordpress\/ -->\n<title>Triops-Set \u00e0 partir de 69,99 \u20ac - Set de crabes pr\u00e9historiques maxi - Triops Galaxy<\/title>\n<meta name=\"description\" content=\"D\u00e9j\u00e0 \u00e0 partir de 69,99 \u20ac \u2705 Kit pour d\u00e9butants Triops \u2705 \u00c9lever des Triops \u2705 \u0152ufs de Triops \u2705 Crabes pr\u00e9historiques \u2705 Kit complet \u2705 Kit d&#039;\u00e9levage \u270d\ufe0f Triops Galaxy\" \/>\n<meta name=\"robots\" content=\"index, follow, max-snippet:-1, max-image-preview:large, max-video-preview:-1\" \/>\n<link rel=\"canonical\" href=\"https:\/\/www.triopsgalaxy.de\/fr\/shop\/triops-longicaudatus-set-maxi-fr\/\" \/>\n<meta property=\"og:locale\" content=\"fr_FR\" \/>\n<meta property=\"og:type\" content=\"article\" \/>\n<meta property=\"og:title\" content=\"Triops-Set \u00e0 partir de 69,99 \u20ac - Set de crabes pr\u00e9historiques maxi - Triops Galaxy\" \/>\n<meta property=\"og:description\" content=\"D\u00e9j\u00e0 \u00e0 partir de 69,99 \u20ac \u2705 Kit pour d\u00e9butants Triops \u2705 \u00c9lever des Triops \u2705 \u0152ufs de Triops \u2705 Crabes pr\u00e9historiques \u2705 Kit complet \u2705 Kit d&#039;\u00e9levage \u270d\ufe0f Triops Galaxy\" \/>\n<meta property=\"og:url\" content=\"https:\/\/www.triopsgalaxy.de\/fr\/shop\/triops-longicaudatus-set-maxi-fr\/\" \/>\n<meta property=\"article:modified_time\" content=\"2026-01-04T15:48:35+00:00\" \/>\n<meta property=\"og:image\" content=\"https:\/\/www.triopsgalaxy.de\/wp-content\/uploads\/Triops-Set-maxi_3.png\" \/>\n\t<meta property=\"og:image:width\" content=\"1000\" \/>\n\t<meta property=\"og:image:height\" content=\"1000\" \/>\n\t<meta property=\"og:image:type\" content=\"image\/png\" \/>\n<meta name=\"twitter:card\" content=\"summary_large_image\" \/>\n<meta name=\"twitter:label1\" content=\"Dur\u00e9e de lecture estim\u00e9e\" \/>\n\t<meta name=\"twitter:data1\" content=\"3 minutes\" \/>\n<script type=\"application\/ld+json\" class=\"yoast-schema-graph\">{\"@context\":\"https:\\\/\\\/schema.org\",\"@graph\":[{\"@type\":\"WebPage\",\"@id\":\"https:\\\/\\\/www.triopsgalaxy.de\\\/fr\\\/shop\\\/triops-longicaudatus-set-maxi-fr\\\/\",\"url\":\"https:\\\/\\\/www.triopsgalaxy.de\\\/fr\\\/shop\\\/triops-longicaudatus-set-maxi-fr\\\/\",\"name\":\"Triops-Set \u00e0 partir de 69,99 \u20ac - Set de crabes pr\u00e9historiques maxi - Triops Galaxy\",\"isPartOf\":{\"@id\":\"https:\\\/\\\/www.triopsgalaxy.de\\\/fr\\\/#website\"},\"primaryImageOfPage\":{\"@id\":\"https:\\\/\\\/www.triopsgalaxy.de\\\/fr\\\/shop\\\/triops-longicaudatus-set-maxi-fr\\\/#primaryimage\"},\"image\":{\"@id\":\"https:\\\/\\\/www.triopsgalaxy.de\\\/fr\\\/shop\\\/triops-longicaudatus-set-maxi-fr\\\/#primaryimage\"},\"thumbnailUrl\":\"https:\\\/\\\/www.triopsgalaxy.de\\\/wp-content\\\/uploads\\\/Triops-Set-maxi_3.png\",\"datePublished\":\"2021-07-17T08:00:46+00:00\",\"dateModified\":\"2026-01-04T15:48:35+00:00\",\"description\":\"D\u00e9j\u00e0 \u00e0 partir de 69,99 \u20ac \u2705 Kit pour d\u00e9butants Triops \u2705 \u00c9lever des Triops \u2705 \u0152ufs de Triops \u2705 Crabes pr\u00e9historiques \u2705 Kit complet \u2705 Kit d'\u00e9levage \u270d\ufe0f Triops Galaxy\",\"breadcrumb\":{\"@id\":\"https:\\\/\\\/www.triopsgalaxy.de\\\/fr\\\/shop\\\/triops-longicaudatus-set-maxi-fr\\\/#breadcrumb\"},\"inLanguage\":\"fr-FR\",\"potentialAction\":[{\"@type\":\"ReadAction\",\"target\":[\"https:\\\/\\\/www.triopsgalaxy.de\\\/fr\\\/shop\\\/triops-longicaudatus-set-maxi-fr\\\/\"]}]},{\"@type\":\"ImageObject\",\"inLanguage\":\"fr-FR\",\"@id\":\"https:\\\/\\\/www.triopsgalaxy.de\\\/fr\\\/shop\\\/triops-longicaudatus-set-maxi-fr\\\/#primaryimage\",\"url\":\"https:\\\/\\\/www.triopsgalaxy.de\\\/wp-content\\\/uploads\\\/Triops-Set-maxi_3.png\",\"contentUrl\":\"https:\\\/\\\/www.triopsgalaxy.de\\\/wp-content\\\/uploads\\\/Triops-Set-maxi_3.png\",\"width\":1000,\"height\":1000},{\"@type\":\"BreadcrumbList\",\"@id\":\"https:\\\/\\\/www.triopsgalaxy.de\\\/fr\\\/shop\\\/triops-longicaudatus-set-maxi-fr\\\/#breadcrumb\",\"itemListElement\":[{\"@type\":\"ListItem\",\"position\":1,\"name\":\"Startseite\",\"item\":\"https:\\\/\\\/www.triopsgalaxy.de\\\/fr\\\/\"},{\"@type\":\"ListItem\",\"position\":2,\"name\":\"Boutique\",\"item\":\"https:\\\/\\\/www.triopsgalaxy.de\\\/fr\\\/boutique\\\/\"},{\"@type\":\"ListItem\",\"position\":3,\"name\":\"\ud83c\udfc5 \ud83c\udfc5 Triops longicaudatus &#8211; Set de crabes pr\u00e9historiques maxi \ud83e\udd90\"}]},{\"@type\":\"WebSite\",\"@id\":\"https:\\\/\\\/www.triopsgalaxy.de\\\/fr\\\/#website\",\"url\":\"https:\\\/\\\/www.triopsgalaxy.de\\\/fr\\\/\",\"name\":\"\",\"description\":\"\",\"potentialAction\":[{\"@type\":\"SearchAction\",\"target\":{\"@type\":\"EntryPoint\",\"urlTemplate\":\"https:\\\/\\\/www.triopsgalaxy.de\\\/fr\\\/?s={search_term_string}\"},\"query-input\":{\"@type\":\"PropertyValueSpecification\",\"valueRequired\":true,\"valueName\":\"search_term_string\"}}],\"inLanguage\":\"fr-FR\"}]}<\/script>\n<!-- \/ Yoast SEO plugin. -->","yoast_head_json":{"title":"Triops-Set \u00e0 partir de 69,99 \u20ac - Set de crabes pr\u00e9historiques maxi - Triops Galaxy","description":"D\u00e9j\u00e0 \u00e0 partir de 69,99 \u20ac \u2705 Kit pour d\u00e9butants Triops \u2705 \u00c9lever des Triops \u2705 \u0152ufs de Triops \u2705 Crabes pr\u00e9historiques \u2705 Kit complet \u2705 Kit d'\u00e9levage \u270d\ufe0f Triops Galaxy","robots":{"index":"index","follow":"follow","max-snippet":"max-snippet:-1","max-image-preview":"max-image-preview:large","max-video-preview":"max-video-preview:-1"},"canonical":"https:\/\/www.triopsgalaxy.de\/fr\/shop\/triops-longicaudatus-set-maxi-fr\/","og_locale":"fr_FR","og_type":"article","og_title":"Triops-Set \u00e0 partir de 69,99 \u20ac - Set de crabes pr\u00e9historiques maxi - Triops Galaxy","og_description":"D\u00e9j\u00e0 \u00e0 partir de 69,99 \u20ac \u2705 Kit pour d\u00e9butants Triops \u2705 \u00c9lever des Triops \u2705 \u0152ufs de Triops \u2705 Crabes pr\u00e9historiques \u2705 Kit complet \u2705 Kit d'\u00e9levage \u270d\ufe0f Triops Galaxy","og_url":"https:\/\/www.triopsgalaxy.de\/fr\/shop\/triops-longicaudatus-set-maxi-fr\/","article_modified_time":"2026-01-04T15:48:35+00:00","og_image":[{"width":1000,"height":1000,"url":"https:\/\/www.triopsgalaxy.de\/wp-content\/uploads\/Triops-Set-maxi_3.png","type":"image\/png"}],"twitter_card":"summary_large_image","twitter_misc":{"Dur\u00e9e de lecture estim\u00e9e":"3 minutes"},"schema":{"@context":"https:\/\/schema.org","@graph":[{"@type":"WebPage","@id":"https:\/\/www.triopsgalaxy.de\/fr\/shop\/triops-longicaudatus-set-maxi-fr\/","url":"https:\/\/www.triopsgalaxy.de\/fr\/shop\/triops-longicaudatus-set-maxi-fr\/","name":"Triops-Set \u00e0 partir de 69,99 \u20ac - Set de crabes pr\u00e9historiques maxi - Triops Galaxy","isPartOf":{"@id":"https:\/\/www.triopsgalaxy.de\/fr\/#website"},"primaryImageOfPage":{"@id":"https:\/\/www.triopsgalaxy.de\/fr\/shop\/triops-longicaudatus-set-maxi-fr\/#primaryimage"},"image":{"@id":"https:\/\/www.triopsgalaxy.de\/fr\/shop\/triops-longicaudatus-set-maxi-fr\/#primaryimage"},"thumbnailUrl":"https:\/\/www.triopsgalaxy.de\/wp-content\/uploads\/Triops-Set-maxi_3.png","datePublished":"2021-07-17T08:00:46+00:00","dateModified":"2026-01-04T15:48:35+00:00","description":"D\u00e9j\u00e0 \u00e0 partir de 69,99 \u20ac \u2705 Kit pour d\u00e9butants Triops \u2705 \u00c9lever des Triops \u2705 \u0152ufs de Triops \u2705 Crabes pr\u00e9historiques \u2705 Kit complet \u2705 Kit d'\u00e9levage \u270d\ufe0f Triops Galaxy","breadcrumb":{"@id":"https:\/\/www.triopsgalaxy.de\/fr\/shop\/triops-longicaudatus-set-maxi-fr\/#breadcrumb"},"inLanguage":"fr-FR","potentialAction":[{"@type":"ReadAction","target":["https:\/\/www.triopsgalaxy.de\/fr\/shop\/triops-longicaudatus-set-maxi-fr\/"]}]},{"@type":"ImageObject","inLanguage":"fr-FR","@id":"https:\/\/www.triopsgalaxy.de\/fr\/shop\/triops-longicaudatus-set-maxi-fr\/#primaryimage","url":"https:\/\/www.triopsgalaxy.de\/wp-content\/uploads\/Triops-Set-maxi_3.png","contentUrl":"https:\/\/www.triopsgalaxy.de\/wp-content\/uploads\/Triops-Set-maxi_3.png","width":1000,"height":1000},{"@type":"BreadcrumbList","@id":"https:\/\/www.triopsgalaxy.de\/fr\/shop\/triops-longicaudatus-set-maxi-fr\/#breadcrumb","itemListElement":[{"@type":"ListItem","position":1,"name":"Startseite","item":"https:\/\/www.triopsgalaxy.de\/fr\/"},{"@type":"ListItem","position":2,"name":"Boutique","item":"https:\/\/www.triopsgalaxy.de\/fr\/boutique\/"},{"@type":"ListItem","position":3,"name":"\ud83c\udfc5 \ud83c\udfc5 Triops longicaudatus &#8211; Set de crabes pr\u00e9historiques maxi \ud83e\udd90"}]},{"@type":"WebSite","@id":"https:\/\/www.triopsgalaxy.de\/fr\/#website","url":"https:\/\/www.triopsgalaxy.de\/fr\/","name":"","description":"","potentialAction":[{"@type":"SearchAction","target":{"@type":"EntryPoint","urlTemplate":"https:\/\/www.triopsgalaxy.de\/fr\/?s={search_term_string}"},"query-input":{"@type":"PropertyValueSpecification","valueRequired":true,"valueName":"search_term_string"}}],"inLanguage":"fr-FR"}]}},"_links":{"self":[{"href":"https:\/\/www.triopsgalaxy.de\/fr\/wp-json\/wp\/v2\/product\/6154","targetHints":{"allow":["GET"]}}],"collection":[{"href":"https:\/\/www.triopsgalaxy.de\/fr\/wp-json\/wp\/v2\/product"}],"about":[{"href":"https:\/\/www.triopsgalaxy.de\/fr\/wp-json\/wp\/v2\/types\/product"}],"replies":[{"embeddable":true,"href":"https:\/\/www.triopsgalaxy.de\/fr\/wp-json\/wp\/v2\/comments?post=6154"}],"wp:featuredmedia":[{"embeddable":true,"href":"https:\/\/www.triopsgalaxy.de\/fr\/wp-json\/wp\/v2\/media\/5626"}],"wp:attachment":[{"href":"https:\/\/www.triopsgalaxy.de\/fr\/wp-json\/wp\/v2\/media?parent=6154"}],"wp:term":[{"taxonomy":"product_brand","embeddable":true,"href":"https:\/\/www.triopsgalaxy.de\/fr\/wp-json\/wp\/v2\/product_brand?post=6154"},{"taxonomy":"product_cat","embeddable":true,"href":"https:\/\/www.triopsgalaxy.de\/fr\/wp-json\/wp\/v2\/product_cat?post=6154"},{"taxonomy":"product_tag","embeddable":true,"href":"https:\/\/www.triopsgalaxy.de\/fr\/wp-json\/wp\/v2\/product_tag?post=6154"}],"curies":[{"name":"wp","href":"https:\/\/api.w.org\/{rel}","templated":true}]}}