{"id":6161,"date":"2022-05-13T10:00:59","date_gmt":"2022-05-13T08:00:59","guid":{"rendered":"https:\/\/www.triopsgalaxy.de\/shop\/triops-longicaudatus-rouge-set-mini\/"},"modified":"2026-04-01T18:07:20","modified_gmt":"2026-04-01T16:07:20","slug":"triops-longicaudatus-rouge-set-mini","status":"publish","type":"product","link":"https:\/\/www.triopsgalaxy.de\/fr\/shop\/triops-longicaudatus-rouge-set-mini\/","title":{"rendered":"\ud83c\udfc5 \ud83c\udfc5 Triops longicaudatus rouge &#8211; Set Triops mini &#8211; \u0152ufs compt\u00e9s un par un"},"content":{"rendered":"<h1>La pr\u00e9histoire \u00e0 port\u00e9e de main. L&rsquo;\u00e9merveillement dans le salon.<\/h1>\n<p>Avec le kit Triops longicaudatus Red \u2013 Triops-Set mini, les enfants (et les adultes \ud83d\ude09) plongent dans un monde fascinant qui existait bien avant que les dinosaures ne dominent la Terre. \u00c9lever ces crustac\u00e9s pr\u00e9historiques allie connaissances, sens des responsabilit\u00e9s et v\u00e9ritable \u00e9merveillement : c&rsquo;est la pr\u00e9histoire \u00e0 port\u00e9e de main.<\/p>\n<p>De l&rsquo;\u00e9closion jusqu&rsquo;\u00e0 la fin naturelle de leur vie, les enfants accompagnent un v\u00e9ritable \u00eatre vivant et apprennent ainsi de mani\u00e8re ludique \u00e0 assumer des responsabilit\u00e9s. Les triops ont une dur\u00e9e de vie courte, ce qui \u00e9vite tout attachement \u00e9motionnel excessif \u2013 id\u00e9al pour une premi\u00e8re approche des soins aux animaux et des cycles biologiques.<\/p>\n<p>La variante rouge du Triops longicaudatus grandit particuli\u00e8rement vite : les animaux atteignent leur maturit\u00e9 sexuelle d\u00e8s environ 14 jours. Les femelles commencent alors \u00e0 enfouir leurs \u0153ufs dans le sable du sol \u2013 un instinct impressionnant datant de la pr\u00e9histoire. Une fois la population naturellement \u00e9puis\u00e9e, les \u0153ufs peuvent \u00eatre s\u00e9ch\u00e9s, congel\u00e9s et r\u00e9utilis\u00e9s ult\u00e9rieurement pour la reproduction. Ainsi, le cycle de la vie se renouvelle sans cesse.<\/p>\n<p>Les Triops longicaudatus Red pr\u00e9f\u00e8rent des temp\u00e9ratures comprises entre 25 et 28 \u00b0C et s&rsquo;\u00e9l\u00e8vent facilement \u2013 avec de l&rsquo;eau min\u00e9rale plate, de l&rsquo;eau distill\u00e9e ou m\u00eame de l&rsquo;eau de rivi\u00e8re ou de mer trait\u00e9e.<\/p>\n<h2>Des \u0153ufs compt\u00e9s avec pr\u00e9cision pour une qualit\u00e9 optimale<\/h2>\n<p>Les \u0153ufs de triops contenus dans les kits d&rsquo;\u00e9levage de Triops Galaxy sont compt\u00e9s un par un \u00e0 la main, ce qui garantit que le nombre d&rsquo;\u0153ufs indiqu\u00e9 est exact et ne repose pas sur des estimations. Cette approche ax\u00e9e sur la qualit\u00e9 assure la transparence et une qualit\u00e9 constante. Nos \u0153ufs de triops proviennent exclusivement d&rsquo;\u00e9levages locaux.<\/p>\n<h3>\u00c0 qui s&rsquo;adresse ce produit ?<\/h3>\n<p>Le kit Triops longicaudatus Red \u2013 Triops-Set mini est id\u00e9al pour les d\u00e9butants qui souhaitent se lancer dans leur premier \u00e9levage de triops. Il convient \u00e9galement parfaitement aux familles avec enfants et aux personnes int\u00e9ress\u00e9es par les sciences naturelles. Mais il est aussi destin\u00e9 aux biologistes amateurs ainsi qu&rsquo;\u00e0 une utilisation dans les \u00e9coles, les projets et les \u00e9tablissements d&rsquo;enseignement. Les \u00e9leveurs exp\u00e9riment\u00e9s appr\u00e9cient \u00e9galement la qualit\u00e9 contr\u00f4l\u00e9e et le nombre d&rsquo;\u0153ufs garanti, qui constituent une base fiable pour un \u00e9levage r\u00e9ussi.<\/p>\n<p>D\u00e9couvrez avec vos enfants la pr\u00e9histoire en direct : vivante, instructive et fascinante. Directement chez vous.<\/p>\n<h2>Portrait de Triops longicaudatus rouge:<\/h2>\n<p>Embranchement : arthropodes (Arthropoda)<br \/>\nSous-embranchement : Crustac\u00e9s (Crustacea)<br \/>\nTaille : 5 \u00e0 7 cm<br \/>\nDur\u00e9e de vie : env. 60 \u00e0 90 jours<br \/>\nHabitat : eau douce<br \/>\nTemp\u00e9rature : 25 \u00e0 28\u00b0 C<\/p>\n<h3>Kit complet comprenant plusieurs \u00e9l\u00e9ments pour l&rsquo;\u00e9levage de triops (contenu de la livraison) :<\/h3>\n<ul>\n<li><strong>1 x m\u00e9lange d&rsquo;\u0153ufs et de sable (pr\u00e9paration pour l&rsquo;\u00e9levage)<\/strong><strong><br \/>\n<\/strong><\/li>\n<li><strong>1 x bo\u00eete \u00e0 faune 18 x 12 x 14 cm<\/strong><\/li>\n<li><strong>1 x pipette pour le nettoyage<br \/>\n<\/strong><\/li>\n<li><strong>1 x sachet de nourriture principale<\/strong><\/li>\n<li><strong>1 x sachet de spiruline en poudre (nourriture pour jeunes animaux)<\/strong><\/li>\n<li><strong>1 x sachet de sable pour aquarium (gravier), 200 g<\/strong><\/li>\n<li><strong>Les instructions d&rsquo;\u00e9levage ne sont d\u00e9lib\u00e9r\u00e9ment pas fournies sous forme papier. Vous b\u00e9n\u00e9ficiez d&rsquo;un acc\u00e8s exclusif \u00e0 nos instructions d&rsquo;\u00e9levage num\u00e9riques. Il vous suffit de scanner le code QR figurant sur l&rsquo;\u00e9tiquette ou de <a href=\"https:\/\/www.triopsgalaxy.de\/wp-content\/uploads\/Breeding-Guide.pdf\" target=\"_blank\" rel=\"noopener\">CLIQUER ICI<\/a> ! <\/strong>Sur demande, nous vous enverrons gratuitement des instructions imprim\u00e9es. Veuillez l&rsquo;indiquer dans les commentaires lors de votre commande.<\/li>\n<\/ul>\n<div class=\"video video-fit mb\" style=\"padding-top:56.25%;\"><p><iframe loading=\"lazy\" title=\"Triops longicaudatus 11 Tage alt\" width=\"1020\" height=\"574\" src=\"https:\/\/www.youtube.com\/embed\/WAo_oT-QyXs?feature=oembed\" frameborder=\"0\" allow=\"accelerometer; autoplay; clipboard-write; encrypted-media; gyroscope; picture-in-picture; web-share\" allowfullscreen><\/iframe><\/p>\n<\/div>\n<div class=\"video video-fit mb\" style=\"padding-top:56.25%;\"><p><iframe loading=\"lazy\" title=\"Aufzucht-Schritt-f\u00fcr-Schritt-Anleitung [QUICK GUIDE]\" width=\"1020\" height=\"574\" src=\"https:\/\/www.youtube.com\/embed\/nzmG0C403SE?feature=oembed\" frameborder=\"0\" allow=\"accelerometer; autoplay; clipboard-write; encrypted-media; gyroscope; picture-in-picture; web-share\" allowfullscreen><\/iframe><\/p>\n<\/div>\n<p>Gr\u00e2ce \u00e0 ce kit de d\u00e9marrage Triops haut de gamme, vous pourrez vous lancer sans difficult\u00e9 dans le monde fascinant des crustac\u00e9s pr\u00e9historiques. Ce kit complet a \u00e9t\u00e9 sp\u00e9cialement con\u00e7u pour garantir le succ\u00e8s de l&rsquo;\u00e9levage des triops et contient tous les \u00e9l\u00e9ments indispensables \u00e0 un \u00e9levage optimal.<\/p>\n<p>Les \u0153ufs de triops fournis proviennent d&rsquo;un \u00e9levage local contr\u00f4l\u00e9 et se distinguent par un taux d&rsquo;\u00e9closion particuli\u00e8rement \u00e9lev\u00e9. Apr\u00e8s peu de temps, les premiers nauplius peuvent \u00e9clore et, dans des conditions optimales, se d\u00e9velopper rapidement en triops adultes.<\/p>\n<p>Outre les \u0153ufs de triops, le kit contient \u00e9galement un substrat adapt\u00e9, une nourriture de haute qualit\u00e9 ainsi qu&rsquo;une bo\u00eete pratique pour l&rsquo;\u00e9levage. Tous les \u00e9l\u00e9ments sont parfaitement coordonn\u00e9s, de sorte que m\u00eame les d\u00e9butants sans connaissances pr\u00e9alables peuvent \u00e9lever des triops avec succ\u00e8s.<\/p>\n<p>Gr\u00e2ce \u00e0 sa simplicit\u00e9 d&rsquo;utilisation, ce kit complet Triops est id\u00e9al comme projet nature passionnant, support p\u00e9dagogique ou cadeau. Observez la croissance de ces crustac\u00e9s pr\u00e9historiques fascinants en temps r\u00e9el et vivez une exp\u00e9rience unique en pleine nature, directement chez vous.<\/p>\n<p>Pour des r\u00e9sultats optimaux, nous recommandons une temp\u00e9rature de l&rsquo;eau d&rsquo;environ 24 \u00e0 26 \u00b0C ainsi qu&rsquo;un \u00e9clairage suffisant. Des soins attentifs et une alimentation adapt\u00e9e contribuent de mani\u00e8re significative \u00e0 la r\u00e9ussite de l&rsquo;\u00e9levage des triops.<\/p>\n","protected":false},"excerpt":{"rendered":"<h3><span style=\"color: #50b848;\">En stock<\/span><\/h3>\n","protected":false},"featured_media":14224,"comment_status":"open","ping_status":"closed","template":"","meta":{"inline_featured_image":false},"product_brand":[],"product_cat":[222,226],"product_tag":[],"class_list":{"0":"post-6161","1":"product","2":"type-product","3":"status-publish","4":"has-post-thumbnail","6":"product_cat-sets-triops","7":"product_cat-triops-longicaudatus-rouge-sets","8":"product_shipping_class-colis-dhl-m","10":"first","11":"instock","12":"shipping-taxable","13":"purchasable","14":"product-type-variable"},"yoast_head":"<!-- This site is optimized with the Yoast SEO plugin v27.4 - https:\/\/yoast.com\/product\/yoast-seo-wordpress\/ -->\n<title>Kit Triops \u00e0 partir de 25,99 \u20ac (\u0152ufs compt\u00e9s un par un) - Kit Crabes pr\u00e9historiques Rouge mini - Triops Galaxy<\/title>\n<meta name=\"description\" content=\"D\u00e9j\u00e0 \u00e0 partir de 25,99 \u20ac \u2705 \u0152ufs compt\u00e9s un par un \u2705 Set de crabes pr\u00e9historiques mini \u2705 Crabes pr\u00e9historiques \u2705 \u0152ufs \u2705 Triops \u2705 \u00c9levage \u270d\ufe0f Triops Galaxy\" \/>\n<meta name=\"robots\" content=\"index, follow, max-snippet:-1, max-image-preview:large, max-video-preview:-1\" \/>\n<link rel=\"canonical\" href=\"https:\/\/www.triopsgalaxy.de\/fr\/shop\/triops-longicaudatus-rouge-set-mini\/\" \/>\n<meta property=\"og:locale\" content=\"fr_FR\" \/>\n<meta property=\"og:type\" content=\"article\" \/>\n<meta property=\"og:title\" content=\"Kit Triops \u00e0 partir de 25,99 \u20ac (\u0152ufs compt\u00e9s un par un) - Kit Crabes pr\u00e9historiques Rouge mini - Triops Galaxy\" \/>\n<meta property=\"og:description\" content=\"D\u00e9j\u00e0 \u00e0 partir de 25,99 \u20ac \u2705 \u0152ufs compt\u00e9s un par un \u2705 Set de crabes pr\u00e9historiques mini \u2705 Crabes pr\u00e9historiques \u2705 \u0152ufs \u2705 Triops \u2705 \u00c9levage \u270d\ufe0f Triops Galaxy\" \/>\n<meta property=\"og:url\" content=\"https:\/\/www.triopsgalaxy.de\/fr\/shop\/triops-longicaudatus-rouge-set-mini\/\" \/>\n<meta property=\"article:modified_time\" content=\"2026-04-01T16:07:20+00:00\" \/>\n<meta property=\"og:image\" content=\"https:\/\/www.triopsgalaxy.de\/wp-content\/uploads\/2025_Triops-Set_mini_red_1.png\" \/>\n\t<meta property=\"og:image:width\" content=\"1000\" \/>\n\t<meta property=\"og:image:height\" content=\"1000\" \/>\n\t<meta property=\"og:image:type\" content=\"image\/png\" \/>\n<meta name=\"twitter:card\" content=\"summary_large_image\" \/>\n<meta name=\"twitter:label1\" content=\"Dur\u00e9e de lecture estim\u00e9e\" \/>\n\t<meta name=\"twitter:data1\" content=\"5 minutes\" \/>\n<script type=\"application\/ld+json\" class=\"yoast-schema-graph\">{\"@context\":\"https:\\\/\\\/schema.org\",\"@graph\":[{\"@type\":\"WebPage\",\"@id\":\"https:\\\/\\\/www.triopsgalaxy.de\\\/fr\\\/shop\\\/triops-longicaudatus-rouge-set-mini\\\/\",\"url\":\"https:\\\/\\\/www.triopsgalaxy.de\\\/fr\\\/shop\\\/triops-longicaudatus-rouge-set-mini\\\/\",\"name\":\"Kit Triops \u00e0 partir de 25,99 \u20ac (\u0152ufs compt\u00e9s un par un) - Kit Crabes pr\u00e9historiques Rouge mini - Triops Galaxy\",\"isPartOf\":{\"@id\":\"https:\\\/\\\/www.triopsgalaxy.de\\\/fr\\\/#website\"},\"primaryImageOfPage\":{\"@id\":\"https:\\\/\\\/www.triopsgalaxy.de\\\/fr\\\/shop\\\/triops-longicaudatus-rouge-set-mini\\\/#primaryimage\"},\"image\":{\"@id\":\"https:\\\/\\\/www.triopsgalaxy.de\\\/fr\\\/shop\\\/triops-longicaudatus-rouge-set-mini\\\/#primaryimage\"},\"thumbnailUrl\":\"https:\\\/\\\/www.triopsgalaxy.de\\\/wp-content\\\/uploads\\\/2025_Triops-Set_mini_red_1.png\",\"datePublished\":\"2022-05-13T08:00:59+00:00\",\"dateModified\":\"2026-04-01T16:07:20+00:00\",\"description\":\"D\u00e9j\u00e0 \u00e0 partir de 25,99 \u20ac \u2705 \u0152ufs compt\u00e9s un par un \u2705 Set de crabes pr\u00e9historiques mini \u2705 Crabes pr\u00e9historiques \u2705 \u0152ufs \u2705 Triops \u2705 \u00c9levage \u270d\ufe0f Triops Galaxy\",\"breadcrumb\":{\"@id\":\"https:\\\/\\\/www.triopsgalaxy.de\\\/fr\\\/shop\\\/triops-longicaudatus-rouge-set-mini\\\/#breadcrumb\"},\"inLanguage\":\"fr-FR\",\"potentialAction\":[{\"@type\":\"ReadAction\",\"target\":[\"https:\\\/\\\/www.triopsgalaxy.de\\\/fr\\\/shop\\\/triops-longicaudatus-rouge-set-mini\\\/\"]}]},{\"@type\":\"ImageObject\",\"inLanguage\":\"fr-FR\",\"@id\":\"https:\\\/\\\/www.triopsgalaxy.de\\\/fr\\\/shop\\\/triops-longicaudatus-rouge-set-mini\\\/#primaryimage\",\"url\":\"https:\\\/\\\/www.triopsgalaxy.de\\\/wp-content\\\/uploads\\\/2025_Triops-Set_mini_red_1.png\",\"contentUrl\":\"https:\\\/\\\/www.triopsgalaxy.de\\\/wp-content\\\/uploads\\\/2025_Triops-Set_mini_red_1.png\",\"width\":1000,\"height\":1000},{\"@type\":\"BreadcrumbList\",\"@id\":\"https:\\\/\\\/www.triopsgalaxy.de\\\/fr\\\/shop\\\/triops-longicaudatus-rouge-set-mini\\\/#breadcrumb\",\"itemListElement\":[{\"@type\":\"ListItem\",\"position\":1,\"name\":\"Startseite\",\"item\":\"https:\\\/\\\/www.triopsgalaxy.de\\\/fr\\\/\"},{\"@type\":\"ListItem\",\"position\":2,\"name\":\"Boutique\",\"item\":\"https:\\\/\\\/www.triopsgalaxy.de\\\/fr\\\/boutique\\\/\"},{\"@type\":\"ListItem\",\"position\":3,\"name\":\"\ud83c\udfc5 \ud83c\udfc5 Triops longicaudatus rouge &#8211; Set Triops mini &#8211; \u0152ufs compt\u00e9s un par un\"}]},{\"@type\":\"WebSite\",\"@id\":\"https:\\\/\\\/www.triopsgalaxy.de\\\/fr\\\/#website\",\"url\":\"https:\\\/\\\/www.triopsgalaxy.de\\\/fr\\\/\",\"name\":\"\",\"description\":\"\",\"potentialAction\":[{\"@type\":\"SearchAction\",\"target\":{\"@type\":\"EntryPoint\",\"urlTemplate\":\"https:\\\/\\\/www.triopsgalaxy.de\\\/fr\\\/?s={search_term_string}\"},\"query-input\":{\"@type\":\"PropertyValueSpecification\",\"valueRequired\":true,\"valueName\":\"search_term_string\"}}],\"inLanguage\":\"fr-FR\"}]}<\/script>\n<!-- \/ Yoast SEO plugin. -->","yoast_head_json":{"title":"Kit Triops \u00e0 partir de 25,99 \u20ac (\u0152ufs compt\u00e9s un par un) - Kit Crabes pr\u00e9historiques Rouge mini - Triops Galaxy","description":"D\u00e9j\u00e0 \u00e0 partir de 25,99 \u20ac \u2705 \u0152ufs compt\u00e9s un par un \u2705 Set de crabes pr\u00e9historiques mini \u2705 Crabes pr\u00e9historiques \u2705 \u0152ufs \u2705 Triops \u2705 \u00c9levage \u270d\ufe0f Triops Galaxy","robots":{"index":"index","follow":"follow","max-snippet":"max-snippet:-1","max-image-preview":"max-image-preview:large","max-video-preview":"max-video-preview:-1"},"canonical":"https:\/\/www.triopsgalaxy.de\/fr\/shop\/triops-longicaudatus-rouge-set-mini\/","og_locale":"fr_FR","og_type":"article","og_title":"Kit Triops \u00e0 partir de 25,99 \u20ac (\u0152ufs compt\u00e9s un par un) - Kit Crabes pr\u00e9historiques Rouge mini - Triops Galaxy","og_description":"D\u00e9j\u00e0 \u00e0 partir de 25,99 \u20ac \u2705 \u0152ufs compt\u00e9s un par un \u2705 Set de crabes pr\u00e9historiques mini \u2705 Crabes pr\u00e9historiques \u2705 \u0152ufs \u2705 Triops \u2705 \u00c9levage \u270d\ufe0f Triops Galaxy","og_url":"https:\/\/www.triopsgalaxy.de\/fr\/shop\/triops-longicaudatus-rouge-set-mini\/","article_modified_time":"2026-04-01T16:07:20+00:00","og_image":[{"width":1000,"height":1000,"url":"https:\/\/www.triopsgalaxy.de\/wp-content\/uploads\/2025_Triops-Set_mini_red_1.png","type":"image\/png"}],"twitter_card":"summary_large_image","twitter_misc":{"Dur\u00e9e de lecture estim\u00e9e":"5 minutes"},"schema":{"@context":"https:\/\/schema.org","@graph":[{"@type":"WebPage","@id":"https:\/\/www.triopsgalaxy.de\/fr\/shop\/triops-longicaudatus-rouge-set-mini\/","url":"https:\/\/www.triopsgalaxy.de\/fr\/shop\/triops-longicaudatus-rouge-set-mini\/","name":"Kit Triops \u00e0 partir de 25,99 \u20ac (\u0152ufs compt\u00e9s un par un) - Kit Crabes pr\u00e9historiques Rouge mini - Triops Galaxy","isPartOf":{"@id":"https:\/\/www.triopsgalaxy.de\/fr\/#website"},"primaryImageOfPage":{"@id":"https:\/\/www.triopsgalaxy.de\/fr\/shop\/triops-longicaudatus-rouge-set-mini\/#primaryimage"},"image":{"@id":"https:\/\/www.triopsgalaxy.de\/fr\/shop\/triops-longicaudatus-rouge-set-mini\/#primaryimage"},"thumbnailUrl":"https:\/\/www.triopsgalaxy.de\/wp-content\/uploads\/2025_Triops-Set_mini_red_1.png","datePublished":"2022-05-13T08:00:59+00:00","dateModified":"2026-04-01T16:07:20+00:00","description":"D\u00e9j\u00e0 \u00e0 partir de 25,99 \u20ac \u2705 \u0152ufs compt\u00e9s un par un \u2705 Set de crabes pr\u00e9historiques mini \u2705 Crabes pr\u00e9historiques \u2705 \u0152ufs \u2705 Triops \u2705 \u00c9levage \u270d\ufe0f Triops Galaxy","breadcrumb":{"@id":"https:\/\/www.triopsgalaxy.de\/fr\/shop\/triops-longicaudatus-rouge-set-mini\/#breadcrumb"},"inLanguage":"fr-FR","potentialAction":[{"@type":"ReadAction","target":["https:\/\/www.triopsgalaxy.de\/fr\/shop\/triops-longicaudatus-rouge-set-mini\/"]}]},{"@type":"ImageObject","inLanguage":"fr-FR","@id":"https:\/\/www.triopsgalaxy.de\/fr\/shop\/triops-longicaudatus-rouge-set-mini\/#primaryimage","url":"https:\/\/www.triopsgalaxy.de\/wp-content\/uploads\/2025_Triops-Set_mini_red_1.png","contentUrl":"https:\/\/www.triopsgalaxy.de\/wp-content\/uploads\/2025_Triops-Set_mini_red_1.png","width":1000,"height":1000},{"@type":"BreadcrumbList","@id":"https:\/\/www.triopsgalaxy.de\/fr\/shop\/triops-longicaudatus-rouge-set-mini\/#breadcrumb","itemListElement":[{"@type":"ListItem","position":1,"name":"Startseite","item":"https:\/\/www.triopsgalaxy.de\/fr\/"},{"@type":"ListItem","position":2,"name":"Boutique","item":"https:\/\/www.triopsgalaxy.de\/fr\/boutique\/"},{"@type":"ListItem","position":3,"name":"\ud83c\udfc5 \ud83c\udfc5 Triops longicaudatus rouge &#8211; Set Triops mini &#8211; \u0152ufs compt\u00e9s un par un"}]},{"@type":"WebSite","@id":"https:\/\/www.triopsgalaxy.de\/fr\/#website","url":"https:\/\/www.triopsgalaxy.de\/fr\/","name":"","description":"","potentialAction":[{"@type":"SearchAction","target":{"@type":"EntryPoint","urlTemplate":"https:\/\/www.triopsgalaxy.de\/fr\/?s={search_term_string}"},"query-input":{"@type":"PropertyValueSpecification","valueRequired":true,"valueName":"search_term_string"}}],"inLanguage":"fr-FR"}]}},"_links":{"self":[{"href":"https:\/\/www.triopsgalaxy.de\/fr\/wp-json\/wp\/v2\/product\/6161","targetHints":{"allow":["GET"]}}],"collection":[{"href":"https:\/\/www.triopsgalaxy.de\/fr\/wp-json\/wp\/v2\/product"}],"about":[{"href":"https:\/\/www.triopsgalaxy.de\/fr\/wp-json\/wp\/v2\/types\/product"}],"replies":[{"embeddable":true,"href":"https:\/\/www.triopsgalaxy.de\/fr\/wp-json\/wp\/v2\/comments?post=6161"}],"wp:featuredmedia":[{"embeddable":true,"href":"https:\/\/www.triopsgalaxy.de\/fr\/wp-json\/wp\/v2\/media\/14224"}],"wp:attachment":[{"href":"https:\/\/www.triopsgalaxy.de\/fr\/wp-json\/wp\/v2\/media?parent=6161"}],"wp:term":[{"taxonomy":"product_brand","embeddable":true,"href":"https:\/\/www.triopsgalaxy.de\/fr\/wp-json\/wp\/v2\/product_brand?post=6161"},{"taxonomy":"product_cat","embeddable":true,"href":"https:\/\/www.triopsgalaxy.de\/fr\/wp-json\/wp\/v2\/product_cat?post=6161"},{"taxonomy":"product_tag","embeddable":true,"href":"https:\/\/www.triopsgalaxy.de\/fr\/wp-json\/wp\/v2\/product_tag?post=6161"}],"curies":[{"name":"wp","href":"https:\/\/api.w.org\/{rel}","templated":true}]}}