{"id":6188,"date":"2021-09-08T10:00:22","date_gmt":"2021-09-08T08:00:22","guid":{"rendered":"https:\/\/www.triopsgalaxy.de\/shop\/pack-de-nourriture-triops\/"},"modified":"2026-04-01T19:20:48","modified_gmt":"2026-04-01T17:20:48","slug":"pack-de-nourriture-triops","status":"publish","type":"product","link":"https:\/\/www.triopsgalaxy.de\/fr\/shop\/pack-de-nourriture-triops\/","title":{"rendered":"Pack de nourriture Triops (spiruline en poudre, \u0153ufs d&rsquo;art\u00e9mias encapsul\u00e9s, b\u00e2tonnets alimentaires)"},"content":{"rendered":"<p>Les triops mangent de tout et ne sont pas difficiles en mati\u00e8re de nourriture. Le cannibalisme est tout \u00e0 fait normal chez les triops, de sorte qu&rsquo;ils mangent parfois leurs fr\u00e8res et s\u0153urs en plus des plantes et autres aliments.<\/p>\n<p>Comme les triops ont un m\u00e9tabolisme tr\u00e8s rapide, ils doivent \u00eatre nourris par l&rsquo;\u00e9leveur dans le cadre d&rsquo;un \u00e9levage domestique. Les triops n&rsquo;ont pas de dents, de sorte qu&rsquo;ils se nourrissent de leur sac vitellin durant les premiers jours de leur vie. Ils se nourrissent des substances nutritives et des bact\u00e9ries contenues dans l&rsquo;eau. Les triops sont nourris pour la premi\u00e8re fois avec de la spiruline en poudre ou de la chlorella en poudre environ 48 heures apr\u00e8s l&rsquo;\u00e9closion.<\/p>\n<h2>Poudre d&rsquo;algues spirulina pour jeunes triops<\/h2>\n<p>Notre poudre d&rsquo;algues spiruline est parfaitement adapt\u00e9e pour fournir aux jeunes animaux une alimentation optimale pendant les premiers jours de leur vie. La poudre de spiruline pr\u00e9sente une teneur \u00e9lev\u00e9e en prot\u00e9ines (environ 60 pour cent) et en hydrates de carbone avec une teneur en graisse d&rsquo;environ dix pour cent.<\/p>\n<p>Il est important de ne pas suralimenter les triops, car ils peuvent rapidement mourir de suralimentation. En outre, une turbidit\u00e9 de l&rsquo;eau peut appara\u00eetre. La nourriture non consomm\u00e9e g\u00e9n\u00e8re rapidement des bact\u00e9ries par putr\u00e9faction et influence n\u00e9gativement la qualit\u00e9 de l&rsquo;eau. Une pointe de cure-dent de la nourriture est amplement suffisante. Il est possible soit de verser la nourriture directement \u00e0 la surface de l&rsquo;eau, soit de la m\u00e9langer avec de l&rsquo;eau dans une \u00e9prouvette et de l&rsquo;extraire \u00e0 l&rsquo;aide d&rsquo;une pipette, puis d&rsquo;injecter le m\u00e9lange dans le bassin. La deuxi\u00e8me option pr\u00e9sente l&rsquo;avantage de r\u00e9partir la nourriture dans tout le bac, ce qui la rend plus facile \u00e0 trouver pour les triops.<\/p>\n<p>Comme elle est tr\u00e8s fine, la poudre d&rsquo;algues spiruline convient \u00e0 toutes les esp\u00e8ces de crustac\u00e9s primitifs ainsi qu&rsquo;aux crustac\u00e9s sal\u00e9s, aux crustac\u00e9s f\u00e9tides et aux coquillages.<\/p>\n<h2>Des \u0153ufs d&rsquo;art\u00e9mias d\u00e9capsul\u00e9s comme nourriture de transition<\/h2>\n<p>Apr\u00e8s quatre jours d&rsquo;alimentation avec la poudre d&rsquo;algues spiruline, il ne faut pas imm\u00e9diatement donner de la nourriture solide. Elle est encore trop grande pour les triops et la poudre d&rsquo;algues spiruline ne suffit plus comme nourriture. Pour cette raison, les triops ont faim et se d\u00e9vorent entre eux. Mais il existe une solution : les \u0153ufs d&rsquo;art\u00e9mias d\u00e9capsul\u00e9s. Cette nourriture convient pour une p\u00e9riode de transition de dix jours et a une valeur nutritive plus \u00e9lev\u00e9e que la poudre de spiruline. Elle est toutefois plus petite et mieux tol\u00e9r\u00e9e que les b\u00e2tonnets de nourriture ou les granul\u00e9s, qui sont donn\u00e9s comme aliment principal \u00e0 partir de 14 jours environ. Les \u0153ufs d&rsquo;art\u00e9mias d\u00e9capsul\u00e9s sont riches en vitamines, en prot\u00e9ines de haute qualit\u00e9 et en acides gras om\u00e9ga-3.<\/p>\n<p>Avec les \u0153ufs d&rsquo;art\u00e9mias d\u00e9capsul\u00e9s, vous cr\u00e9ez une base optimale pour des \u00e9crevisses primitives vigoureuses et saines.<\/p>\n<h3>Ingr\u00e9dients:<\/h3>\n<p>Prot\u00e9ines brutes : 62%.<br \/>\nCendres brutes : 5%.<br \/>\nMati\u00e8res grasses brutes : 20%.<br \/>\nFibres brutes : 3%.<\/p>\n<h2>B\u00e2tonnets de nourriture de haute qualit\u00e9 pour des triops en bonne sant\u00e9<\/h2>\n<p>Apr\u00e8s environ 14 jours d&rsquo;alimentation avec la poudre de spiruline et les \u0153ufs d&rsquo;art\u00e9mias d\u00e9capsul\u00e9s, on utilise des sticks de nourriture. Nos b\u00e2tonnets flottants ont \u00e9t\u00e9 con\u00e7us pour une alimentation adapt\u00e9e \u00e0 l&rsquo;esp\u00e8ce, contiennent des ingr\u00e9dients naturels et assurent le bien-\u00eatre des triops. Les sticks de nourriture contiennent suffisamment de fibres ainsi que des vitamines et des micro-\u00e9l\u00e9ments.<\/p>\n<p>Avec nos b\u00e2tonnets flottants de haute qualit\u00e9, vous cr\u00e9ez une base optimale pour des crustac\u00e9s primitifs forts et sains.<\/p>\n<h3>Ingr\u00e9dients:<\/h3>\n<p>Prot\u00e9ines brutes : 33<br \/>\nCendres brutes : 8,5%.<br \/>\nMati\u00e8res grasses brutes : 4%.<br \/>\nFibres brutes : 4%.<\/p>\n<h3>Contenu de la livraison:<\/h3>\n<ul>\n<li><strong>2 x sachets de poudre d&rsquo;algues spiruline<\/strong><strong><br \/>\n<\/strong><\/li>\n<li><strong>2 x sachets d&rsquo;\u0153ufs d&rsquo;art\u00e9mias d\u00e9capsul\u00e9s<\/strong><\/li>\n<li><strong>2 x sachets de b\u00e2tonnets flottants<\/strong><\/li>\n<\/ul>\n<p><strong>Aliment complet pour crustac\u00e9s pr\u00e9historiques<\/strong><br \/>\n<strong>Distributeur : Sladjan Lazic, Schaidlerstr. 14, 81379 M\u00fcnchen<\/strong><\/p>\n","protected":false},"excerpt":{"rendered":"<h3><span style=\"color: #50b848;\">En stock<\/span><\/h3>\n","protected":false},"featured_media":5414,"comment_status":"open","ping_status":"closed","template":"","meta":{"inline_featured_image":false},"product_brand":[],"product_cat":[206,208,214],"product_tag":[],"class_list":{"0":"post-6188","1":"product","2":"type-product","3":"status-publish","4":"has-post-thumbnail","6":"product_cat-nourriture","7":"product_cat-nourriture-pour-triops","8":"product_cat-soldes","9":"product_shipping_class-warenpost-fr","11":"first","12":"instock","13":"sale","14":"shipping-taxable","15":"purchasable","16":"product-type-simple"},"yoast_head":"<!-- This site is optimized with the Yoast SEO plugin v27.4 - https:\/\/yoast.com\/product\/yoast-seo-wordpress\/ -->\n<title>Paquet de nourriture \u00e0 partir de 14,99 \u20ac - Spirulina, oeufs d&#039;art\u00e9mias, b\u00e2tonnets - Triops Galaxy<\/title>\n<meta name=\"description\" content=\"Paquet de nourriture \u00e0 partir de 14,99 \u20ac \u2705 Poudre d&#039;algues spiruline \u2705 \u0152ufs d&#039;art\u00e9mias d\u00e9capsul\u00e9s \u2705 B\u00e2tonnets de nourriture \u2705 Triops \u2705 Nourriture compl\u00e8te \u2705 Crabes pr\u00e9historiques \u270d\ufe0f Triops Galaxy\" \/>\n<meta name=\"robots\" content=\"index, follow, max-snippet:-1, max-image-preview:large, max-video-preview:-1\" \/>\n<link rel=\"canonical\" href=\"https:\/\/www.triopsgalaxy.de\/fr\/shop\/pack-de-nourriture-triops\/\" \/>\n<meta property=\"og:locale\" content=\"fr_FR\" \/>\n<meta property=\"og:type\" content=\"article\" \/>\n<meta property=\"og:title\" content=\"Paquet de nourriture \u00e0 partir de 14,99 \u20ac - Spirulina, oeufs d&#039;art\u00e9mias, b\u00e2tonnets - Triops Galaxy\" \/>\n<meta property=\"og:description\" content=\"Paquet de nourriture \u00e0 partir de 14,99 \u20ac \u2705 Poudre d&#039;algues spiruline \u2705 \u0152ufs d&#039;art\u00e9mias d\u00e9capsul\u00e9s \u2705 B\u00e2tonnets de nourriture \u2705 Triops \u2705 Nourriture compl\u00e8te \u2705 Crabes pr\u00e9historiques \u270d\ufe0f Triops Galaxy\" \/>\n<meta property=\"og:url\" content=\"https:\/\/www.triopsgalaxy.de\/fr\/shop\/pack-de-nourriture-triops\/\" \/>\n<meta property=\"article:modified_time\" content=\"2026-04-01T17:20:48+00:00\" \/>\n<meta property=\"og:image\" content=\"https:\/\/www.triopsgalaxy.de\/wp-content\/uploads\/Futter-Sparpaket.jpg\" \/>\n\t<meta property=\"og:image:width\" content=\"1000\" \/>\n\t<meta property=\"og:image:height\" content=\"1000\" \/>\n\t<meta property=\"og:image:type\" content=\"image\/jpeg\" \/>\n<meta name=\"twitter:card\" content=\"summary_large_image\" \/>\n<meta name=\"twitter:label1\" content=\"Dur\u00e9e de lecture estim\u00e9e\" \/>\n\t<meta name=\"twitter:data1\" content=\"4 minutes\" \/>\n<script type=\"application\/ld+json\" class=\"yoast-schema-graph\">{\"@context\":\"https:\\\/\\\/schema.org\",\"@graph\":[{\"@type\":\"WebPage\",\"@id\":\"https:\\\/\\\/www.triopsgalaxy.de\\\/fr\\\/shop\\\/pack-de-nourriture-triops\\\/\",\"url\":\"https:\\\/\\\/www.triopsgalaxy.de\\\/fr\\\/shop\\\/pack-de-nourriture-triops\\\/\",\"name\":\"Paquet de nourriture \u00e0 partir de 14,99 \u20ac - Spirulina, oeufs d'art\u00e9mias, b\u00e2tonnets - Triops Galaxy\",\"isPartOf\":{\"@id\":\"https:\\\/\\\/www.triopsgalaxy.de\\\/fr\\\/#website\"},\"primaryImageOfPage\":{\"@id\":\"https:\\\/\\\/www.triopsgalaxy.de\\\/fr\\\/shop\\\/pack-de-nourriture-triops\\\/#primaryimage\"},\"image\":{\"@id\":\"https:\\\/\\\/www.triopsgalaxy.de\\\/fr\\\/shop\\\/pack-de-nourriture-triops\\\/#primaryimage\"},\"thumbnailUrl\":\"https:\\\/\\\/www.triopsgalaxy.de\\\/wp-content\\\/uploads\\\/Futter-Sparpaket.jpg\",\"datePublished\":\"2021-09-08T08:00:22+00:00\",\"dateModified\":\"2026-04-01T17:20:48+00:00\",\"description\":\"Paquet de nourriture \u00e0 partir de 14,99 \u20ac \u2705 Poudre d'algues spiruline \u2705 \u0152ufs d'art\u00e9mias d\u00e9capsul\u00e9s \u2705 B\u00e2tonnets de nourriture \u2705 Triops \u2705 Nourriture compl\u00e8te \u2705 Crabes pr\u00e9historiques \u270d\ufe0f Triops Galaxy\",\"breadcrumb\":{\"@id\":\"https:\\\/\\\/www.triopsgalaxy.de\\\/fr\\\/shop\\\/pack-de-nourriture-triops\\\/#breadcrumb\"},\"inLanguage\":\"fr-FR\",\"potentialAction\":[{\"@type\":\"ReadAction\",\"target\":[\"https:\\\/\\\/www.triopsgalaxy.de\\\/fr\\\/shop\\\/pack-de-nourriture-triops\\\/\"]}]},{\"@type\":\"ImageObject\",\"inLanguage\":\"fr-FR\",\"@id\":\"https:\\\/\\\/www.triopsgalaxy.de\\\/fr\\\/shop\\\/pack-de-nourriture-triops\\\/#primaryimage\",\"url\":\"https:\\\/\\\/www.triopsgalaxy.de\\\/wp-content\\\/uploads\\\/Futter-Sparpaket.jpg\",\"contentUrl\":\"https:\\\/\\\/www.triopsgalaxy.de\\\/wp-content\\\/uploads\\\/Futter-Sparpaket.jpg\",\"width\":1000,\"height\":1000},{\"@type\":\"BreadcrumbList\",\"@id\":\"https:\\\/\\\/www.triopsgalaxy.de\\\/fr\\\/shop\\\/pack-de-nourriture-triops\\\/#breadcrumb\",\"itemListElement\":[{\"@type\":\"ListItem\",\"position\":1,\"name\":\"Startseite\",\"item\":\"https:\\\/\\\/www.triopsgalaxy.de\\\/fr\\\/\"},{\"@type\":\"ListItem\",\"position\":2,\"name\":\"Boutique\",\"item\":\"https:\\\/\\\/www.triopsgalaxy.de\\\/fr\\\/boutique\\\/\"},{\"@type\":\"ListItem\",\"position\":3,\"name\":\"Pack de nourriture Triops (spiruline en poudre, \u0153ufs d&#8217;art\u00e9mias encapsul\u00e9s, b\u00e2tonnets alimentaires)\"}]},{\"@type\":\"WebSite\",\"@id\":\"https:\\\/\\\/www.triopsgalaxy.de\\\/fr\\\/#website\",\"url\":\"https:\\\/\\\/www.triopsgalaxy.de\\\/fr\\\/\",\"name\":\"\",\"description\":\"\",\"potentialAction\":[{\"@type\":\"SearchAction\",\"target\":{\"@type\":\"EntryPoint\",\"urlTemplate\":\"https:\\\/\\\/www.triopsgalaxy.de\\\/fr\\\/?s={search_term_string}\"},\"query-input\":{\"@type\":\"PropertyValueSpecification\",\"valueRequired\":true,\"valueName\":\"search_term_string\"}}],\"inLanguage\":\"fr-FR\"}]}<\/script>\n<!-- \/ Yoast SEO plugin. -->","yoast_head_json":{"title":"Paquet de nourriture \u00e0 partir de 14,99 \u20ac - Spirulina, oeufs d'art\u00e9mias, b\u00e2tonnets - Triops Galaxy","description":"Paquet de nourriture \u00e0 partir de 14,99 \u20ac \u2705 Poudre d'algues spiruline \u2705 \u0152ufs d'art\u00e9mias d\u00e9capsul\u00e9s \u2705 B\u00e2tonnets de nourriture \u2705 Triops \u2705 Nourriture compl\u00e8te \u2705 Crabes pr\u00e9historiques \u270d\ufe0f Triops Galaxy","robots":{"index":"index","follow":"follow","max-snippet":"max-snippet:-1","max-image-preview":"max-image-preview:large","max-video-preview":"max-video-preview:-1"},"canonical":"https:\/\/www.triopsgalaxy.de\/fr\/shop\/pack-de-nourriture-triops\/","og_locale":"fr_FR","og_type":"article","og_title":"Paquet de nourriture \u00e0 partir de 14,99 \u20ac - Spirulina, oeufs d'art\u00e9mias, b\u00e2tonnets - Triops Galaxy","og_description":"Paquet de nourriture \u00e0 partir de 14,99 \u20ac \u2705 Poudre d'algues spiruline \u2705 \u0152ufs d'art\u00e9mias d\u00e9capsul\u00e9s \u2705 B\u00e2tonnets de nourriture \u2705 Triops \u2705 Nourriture compl\u00e8te \u2705 Crabes pr\u00e9historiques \u270d\ufe0f Triops Galaxy","og_url":"https:\/\/www.triopsgalaxy.de\/fr\/shop\/pack-de-nourriture-triops\/","article_modified_time":"2026-04-01T17:20:48+00:00","og_image":[{"width":1000,"height":1000,"url":"https:\/\/www.triopsgalaxy.de\/wp-content\/uploads\/Futter-Sparpaket.jpg","type":"image\/jpeg"}],"twitter_card":"summary_large_image","twitter_misc":{"Dur\u00e9e de lecture estim\u00e9e":"4 minutes"},"schema":{"@context":"https:\/\/schema.org","@graph":[{"@type":"WebPage","@id":"https:\/\/www.triopsgalaxy.de\/fr\/shop\/pack-de-nourriture-triops\/","url":"https:\/\/www.triopsgalaxy.de\/fr\/shop\/pack-de-nourriture-triops\/","name":"Paquet de nourriture \u00e0 partir de 14,99 \u20ac - Spirulina, oeufs d'art\u00e9mias, b\u00e2tonnets - Triops Galaxy","isPartOf":{"@id":"https:\/\/www.triopsgalaxy.de\/fr\/#website"},"primaryImageOfPage":{"@id":"https:\/\/www.triopsgalaxy.de\/fr\/shop\/pack-de-nourriture-triops\/#primaryimage"},"image":{"@id":"https:\/\/www.triopsgalaxy.de\/fr\/shop\/pack-de-nourriture-triops\/#primaryimage"},"thumbnailUrl":"https:\/\/www.triopsgalaxy.de\/wp-content\/uploads\/Futter-Sparpaket.jpg","datePublished":"2021-09-08T08:00:22+00:00","dateModified":"2026-04-01T17:20:48+00:00","description":"Paquet de nourriture \u00e0 partir de 14,99 \u20ac \u2705 Poudre d'algues spiruline \u2705 \u0152ufs d'art\u00e9mias d\u00e9capsul\u00e9s \u2705 B\u00e2tonnets de nourriture \u2705 Triops \u2705 Nourriture compl\u00e8te \u2705 Crabes pr\u00e9historiques \u270d\ufe0f Triops Galaxy","breadcrumb":{"@id":"https:\/\/www.triopsgalaxy.de\/fr\/shop\/pack-de-nourriture-triops\/#breadcrumb"},"inLanguage":"fr-FR","potentialAction":[{"@type":"ReadAction","target":["https:\/\/www.triopsgalaxy.de\/fr\/shop\/pack-de-nourriture-triops\/"]}]},{"@type":"ImageObject","inLanguage":"fr-FR","@id":"https:\/\/www.triopsgalaxy.de\/fr\/shop\/pack-de-nourriture-triops\/#primaryimage","url":"https:\/\/www.triopsgalaxy.de\/wp-content\/uploads\/Futter-Sparpaket.jpg","contentUrl":"https:\/\/www.triopsgalaxy.de\/wp-content\/uploads\/Futter-Sparpaket.jpg","width":1000,"height":1000},{"@type":"BreadcrumbList","@id":"https:\/\/www.triopsgalaxy.de\/fr\/shop\/pack-de-nourriture-triops\/#breadcrumb","itemListElement":[{"@type":"ListItem","position":1,"name":"Startseite","item":"https:\/\/www.triopsgalaxy.de\/fr\/"},{"@type":"ListItem","position":2,"name":"Boutique","item":"https:\/\/www.triopsgalaxy.de\/fr\/boutique\/"},{"@type":"ListItem","position":3,"name":"Pack de nourriture Triops (spiruline en poudre, \u0153ufs d&#8217;art\u00e9mias encapsul\u00e9s, b\u00e2tonnets alimentaires)"}]},{"@type":"WebSite","@id":"https:\/\/www.triopsgalaxy.de\/fr\/#website","url":"https:\/\/www.triopsgalaxy.de\/fr\/","name":"","description":"","potentialAction":[{"@type":"SearchAction","target":{"@type":"EntryPoint","urlTemplate":"https:\/\/www.triopsgalaxy.de\/fr\/?s={search_term_string}"},"query-input":{"@type":"PropertyValueSpecification","valueRequired":true,"valueName":"search_term_string"}}],"inLanguage":"fr-FR"}]}},"_links":{"self":[{"href":"https:\/\/www.triopsgalaxy.de\/fr\/wp-json\/wp\/v2\/product\/6188","targetHints":{"allow":["GET"]}}],"collection":[{"href":"https:\/\/www.triopsgalaxy.de\/fr\/wp-json\/wp\/v2\/product"}],"about":[{"href":"https:\/\/www.triopsgalaxy.de\/fr\/wp-json\/wp\/v2\/types\/product"}],"replies":[{"embeddable":true,"href":"https:\/\/www.triopsgalaxy.de\/fr\/wp-json\/wp\/v2\/comments?post=6188"}],"wp:featuredmedia":[{"embeddable":true,"href":"https:\/\/www.triopsgalaxy.de\/fr\/wp-json\/wp\/v2\/media\/5414"}],"wp:attachment":[{"href":"https:\/\/www.triopsgalaxy.de\/fr\/wp-json\/wp\/v2\/media?parent=6188"}],"wp:term":[{"taxonomy":"product_brand","embeddable":true,"href":"https:\/\/www.triopsgalaxy.de\/fr\/wp-json\/wp\/v2\/product_brand?post=6188"},{"taxonomy":"product_cat","embeddable":true,"href":"https:\/\/www.triopsgalaxy.de\/fr\/wp-json\/wp\/v2\/product_cat?post=6188"},{"taxonomy":"product_tag","embeddable":true,"href":"https:\/\/www.triopsgalaxy.de\/fr\/wp-json\/wp\/v2\/product_tag?post=6188"}],"curies":[{"name":"wp","href":"https:\/\/api.w.org\/{rel}","templated":true}]}}