{"id":6194,"date":"2021-07-18T10:00:55","date_gmt":"2021-07-18T08:00:55","guid":{"rendered":"https:\/\/www.triopsgalaxy.de\/shop\/chauffage-d-aquarium-50-watts\/"},"modified":"2023-09-25T19:22:09","modified_gmt":"2023-09-25T17:22:09","slug":"chauffage-d-aquarium-50-watts","status":"publish","type":"product","link":"https:\/\/www.triopsgalaxy.de\/fr\/shop\/chauffage-d-aquarium-50-watts\/","title":{"rendered":"Chauffage d&rsquo;aquarium 50 watts, r\u00e9glable en continu"},"content":{"rendered":"<h2>Chauffage d&rsquo;aquarium 50 Watt<\/h2>\n<p>R\u00e9glable en continu de 20 \u00b0C \u00e0 34 \u00b0C, 220-240V~. La temp\u00e9rature souhait\u00e9e peut \u00eatre facilement r\u00e9gl\u00e9e sur l&rsquo;\u00e9chelle visible. Le thermoplongeur est adapt\u00e9 \u00e0 l&rsquo;eau douce et \u00e0 l&rsquo;eau de mer et peut \u00eatre enti\u00e8rement immerg\u00e9 dans l&rsquo;eau.<\/p>\n<h3>Utilisation<\/h3>\n<p>Le thermoplongeur est fix\u00e9 \u00e0 l&rsquo;aide des deux ventouses sur la paroi arri\u00e8re ou sur les parois lat\u00e9rales dans l&rsquo;aquarium, en dessous du niveau de l&rsquo;eau. Le voyant rouge s&rsquo;allume pendant le chauffage de l&rsquo;appareil. Une fois la temp\u00e9rature de l&rsquo;eau r\u00e9gl\u00e9e atteinte, le voyant s&rsquo;\u00e9teint automatiquement.<\/p>\n<h3>Dimensions:<\/h3>\n<p>Diam\u00e8tre : env. 25 mm<br \/>\nLongueur totale : 23 cm<\/p>\n<h3>Contenu de la livraison:<\/h3>\n<p><strong>1 x Chauffage d&rsquo;aquarium<\/strong><\/p>\n","protected":false},"excerpt":{"rendered":"<h3><span style=\"color: #50b848;\">En stock<\/span><\/h3>\n","protected":false},"featured_media":5308,"comment_status":"open","ping_status":"closed","template":"","meta":{"inline_featured_image":false},"product_brand":[],"product_cat":[190,200],"product_tag":[],"class_list":{"0":"post-6194","1":"product","2":"type-product","3":"status-publish","4":"has-post-thumbnail","6":"product_cat-equipement","7":"product_cat-chauffage","8":"product_shipping_class-colis-dhl-m","10":"first","11":"outofstock","12":"shipping-taxable","13":"purchasable","14":"product-type-simple"},"yoast_head":"<!-- This site is optimized with the Yoast SEO plugin v27.4 - https:\/\/yoast.com\/product\/yoast-seo-wordpress\/ -->\n<title>Chauffage d&#039;aquarium 50 Watt - Triops Galaxy<\/title>\n<meta name=\"description\" content=\"Chauffe-eau d&#039;aquarium \u2705 Chauffage \u2705 50 watts \u2705 Aquarium \u2705 Chauffage \u2705 Triops \u2705 \u00c9levage \u2705 \u00c9crevisses pr\u00e9historiques \u2705 Technique \u270d\ufe0f Triops Galaxy\" \/>\n<meta name=\"robots\" content=\"index, follow, max-snippet:-1, max-image-preview:large, max-video-preview:-1\" \/>\n<link rel=\"canonical\" href=\"https:\/\/www.triopsgalaxy.de\/fr\/shop\/chauffage-d-aquarium-50-watts\/\" \/>\n<meta property=\"og:locale\" content=\"fr_FR\" \/>\n<meta property=\"og:type\" content=\"article\" \/>\n<meta property=\"og:title\" content=\"Chauffage d&#039;aquarium 50 Watt - Triops Galaxy\" \/>\n<meta property=\"og:description\" content=\"Chauffe-eau d&#039;aquarium \u2705 Chauffage \u2705 50 watts \u2705 Aquarium \u2705 Chauffage \u2705 Triops \u2705 \u00c9levage \u2705 \u00c9crevisses pr\u00e9historiques \u2705 Technique \u270d\ufe0f Triops Galaxy\" \/>\n<meta property=\"og:url\" content=\"https:\/\/www.triopsgalaxy.de\/fr\/shop\/chauffage-d-aquarium-50-watts\/\" \/>\n<meta property=\"article:modified_time\" content=\"2023-09-25T17:22:09+00:00\" \/>\n<meta property=\"og:image\" content=\"https:\/\/www.triopsgalaxy.de\/wp-content\/uploads\/Aquarium-Heizstab-50-Watt.png\" \/>\n\t<meta property=\"og:image:width\" content=\"1000\" \/>\n\t<meta property=\"og:image:height\" content=\"1000\" \/>\n\t<meta property=\"og:image:type\" content=\"image\/png\" \/>\n<meta name=\"twitter:card\" content=\"summary_large_image\" \/>\n<meta name=\"twitter:label1\" content=\"Dur\u00e9e de lecture estim\u00e9e\" \/>\n\t<meta name=\"twitter:data1\" content=\"1 minute\" \/>\n<script type=\"application\/ld+json\" class=\"yoast-schema-graph\">{\"@context\":\"https:\\\/\\\/schema.org\",\"@graph\":[{\"@type\":\"WebPage\",\"@id\":\"https:\\\/\\\/www.triopsgalaxy.de\\\/fr\\\/shop\\\/chauffage-d-aquarium-50-watts\\\/\",\"url\":\"https:\\\/\\\/www.triopsgalaxy.de\\\/fr\\\/shop\\\/chauffage-d-aquarium-50-watts\\\/\",\"name\":\"Chauffage d'aquarium 50 Watt - Triops Galaxy\",\"isPartOf\":{\"@id\":\"https:\\\/\\\/www.triopsgalaxy.de\\\/fr\\\/#website\"},\"primaryImageOfPage\":{\"@id\":\"https:\\\/\\\/www.triopsgalaxy.de\\\/fr\\\/shop\\\/chauffage-d-aquarium-50-watts\\\/#primaryimage\"},\"image\":{\"@id\":\"https:\\\/\\\/www.triopsgalaxy.de\\\/fr\\\/shop\\\/chauffage-d-aquarium-50-watts\\\/#primaryimage\"},\"thumbnailUrl\":\"https:\\\/\\\/www.triopsgalaxy.de\\\/wp-content\\\/uploads\\\/Aquarium-Heizstab-50-Watt.png\",\"datePublished\":\"2021-07-18T08:00:55+00:00\",\"dateModified\":\"2023-09-25T17:22:09+00:00\",\"description\":\"Chauffe-eau d'aquarium \u2705 Chauffage \u2705 50 watts \u2705 Aquarium \u2705 Chauffage \u2705 Triops \u2705 \u00c9levage \u2705 \u00c9crevisses pr\u00e9historiques \u2705 Technique \u270d\ufe0f Triops Galaxy\",\"breadcrumb\":{\"@id\":\"https:\\\/\\\/www.triopsgalaxy.de\\\/fr\\\/shop\\\/chauffage-d-aquarium-50-watts\\\/#breadcrumb\"},\"inLanguage\":\"fr-FR\",\"potentialAction\":[{\"@type\":\"ReadAction\",\"target\":[\"https:\\\/\\\/www.triopsgalaxy.de\\\/fr\\\/shop\\\/chauffage-d-aquarium-50-watts\\\/\"]}]},{\"@type\":\"ImageObject\",\"inLanguage\":\"fr-FR\",\"@id\":\"https:\\\/\\\/www.triopsgalaxy.de\\\/fr\\\/shop\\\/chauffage-d-aquarium-50-watts\\\/#primaryimage\",\"url\":\"https:\\\/\\\/www.triopsgalaxy.de\\\/wp-content\\\/uploads\\\/Aquarium-Heizstab-50-Watt.png\",\"contentUrl\":\"https:\\\/\\\/www.triopsgalaxy.de\\\/wp-content\\\/uploads\\\/Aquarium-Heizstab-50-Watt.png\",\"width\":1000,\"height\":1000},{\"@type\":\"BreadcrumbList\",\"@id\":\"https:\\\/\\\/www.triopsgalaxy.de\\\/fr\\\/shop\\\/chauffage-d-aquarium-50-watts\\\/#breadcrumb\",\"itemListElement\":[{\"@type\":\"ListItem\",\"position\":1,\"name\":\"Startseite\",\"item\":\"https:\\\/\\\/www.triopsgalaxy.de\\\/fr\\\/\"},{\"@type\":\"ListItem\",\"position\":2,\"name\":\"Boutique\",\"item\":\"https:\\\/\\\/www.triopsgalaxy.de\\\/fr\\\/boutique\\\/\"},{\"@type\":\"ListItem\",\"position\":3,\"name\":\"Chauffage d&#8217;aquarium 50 watts, r\u00e9glable en continu\"}]},{\"@type\":\"WebSite\",\"@id\":\"https:\\\/\\\/www.triopsgalaxy.de\\\/fr\\\/#website\",\"url\":\"https:\\\/\\\/www.triopsgalaxy.de\\\/fr\\\/\",\"name\":\"\",\"description\":\"\",\"potentialAction\":[{\"@type\":\"SearchAction\",\"target\":{\"@type\":\"EntryPoint\",\"urlTemplate\":\"https:\\\/\\\/www.triopsgalaxy.de\\\/fr\\\/?s={search_term_string}\"},\"query-input\":{\"@type\":\"PropertyValueSpecification\",\"valueRequired\":true,\"valueName\":\"search_term_string\"}}],\"inLanguage\":\"fr-FR\"}]}<\/script>\n<!-- \/ Yoast SEO plugin. -->","yoast_head_json":{"title":"Chauffage d'aquarium 50 Watt - Triops Galaxy","description":"Chauffe-eau d'aquarium \u2705 Chauffage \u2705 50 watts \u2705 Aquarium \u2705 Chauffage \u2705 Triops \u2705 \u00c9levage \u2705 \u00c9crevisses pr\u00e9historiques \u2705 Technique \u270d\ufe0f Triops Galaxy","robots":{"index":"index","follow":"follow","max-snippet":"max-snippet:-1","max-image-preview":"max-image-preview:large","max-video-preview":"max-video-preview:-1"},"canonical":"https:\/\/www.triopsgalaxy.de\/fr\/shop\/chauffage-d-aquarium-50-watts\/","og_locale":"fr_FR","og_type":"article","og_title":"Chauffage d'aquarium 50 Watt - Triops Galaxy","og_description":"Chauffe-eau d'aquarium \u2705 Chauffage \u2705 50 watts \u2705 Aquarium \u2705 Chauffage \u2705 Triops \u2705 \u00c9levage \u2705 \u00c9crevisses pr\u00e9historiques \u2705 Technique \u270d\ufe0f Triops Galaxy","og_url":"https:\/\/www.triopsgalaxy.de\/fr\/shop\/chauffage-d-aquarium-50-watts\/","article_modified_time":"2023-09-25T17:22:09+00:00","og_image":[{"width":1000,"height":1000,"url":"https:\/\/www.triopsgalaxy.de\/wp-content\/uploads\/Aquarium-Heizstab-50-Watt.png","type":"image\/png"}],"twitter_card":"summary_large_image","twitter_misc":{"Dur\u00e9e de lecture estim\u00e9e":"1 minute"},"schema":{"@context":"https:\/\/schema.org","@graph":[{"@type":"WebPage","@id":"https:\/\/www.triopsgalaxy.de\/fr\/shop\/chauffage-d-aquarium-50-watts\/","url":"https:\/\/www.triopsgalaxy.de\/fr\/shop\/chauffage-d-aquarium-50-watts\/","name":"Chauffage d'aquarium 50 Watt - Triops Galaxy","isPartOf":{"@id":"https:\/\/www.triopsgalaxy.de\/fr\/#website"},"primaryImageOfPage":{"@id":"https:\/\/www.triopsgalaxy.de\/fr\/shop\/chauffage-d-aquarium-50-watts\/#primaryimage"},"image":{"@id":"https:\/\/www.triopsgalaxy.de\/fr\/shop\/chauffage-d-aquarium-50-watts\/#primaryimage"},"thumbnailUrl":"https:\/\/www.triopsgalaxy.de\/wp-content\/uploads\/Aquarium-Heizstab-50-Watt.png","datePublished":"2021-07-18T08:00:55+00:00","dateModified":"2023-09-25T17:22:09+00:00","description":"Chauffe-eau d'aquarium \u2705 Chauffage \u2705 50 watts \u2705 Aquarium \u2705 Chauffage \u2705 Triops \u2705 \u00c9levage \u2705 \u00c9crevisses pr\u00e9historiques \u2705 Technique \u270d\ufe0f Triops Galaxy","breadcrumb":{"@id":"https:\/\/www.triopsgalaxy.de\/fr\/shop\/chauffage-d-aquarium-50-watts\/#breadcrumb"},"inLanguage":"fr-FR","potentialAction":[{"@type":"ReadAction","target":["https:\/\/www.triopsgalaxy.de\/fr\/shop\/chauffage-d-aquarium-50-watts\/"]}]},{"@type":"ImageObject","inLanguage":"fr-FR","@id":"https:\/\/www.triopsgalaxy.de\/fr\/shop\/chauffage-d-aquarium-50-watts\/#primaryimage","url":"https:\/\/www.triopsgalaxy.de\/wp-content\/uploads\/Aquarium-Heizstab-50-Watt.png","contentUrl":"https:\/\/www.triopsgalaxy.de\/wp-content\/uploads\/Aquarium-Heizstab-50-Watt.png","width":1000,"height":1000},{"@type":"BreadcrumbList","@id":"https:\/\/www.triopsgalaxy.de\/fr\/shop\/chauffage-d-aquarium-50-watts\/#breadcrumb","itemListElement":[{"@type":"ListItem","position":1,"name":"Startseite","item":"https:\/\/www.triopsgalaxy.de\/fr\/"},{"@type":"ListItem","position":2,"name":"Boutique","item":"https:\/\/www.triopsgalaxy.de\/fr\/boutique\/"},{"@type":"ListItem","position":3,"name":"Chauffage d&#8217;aquarium 50 watts, r\u00e9glable en continu"}]},{"@type":"WebSite","@id":"https:\/\/www.triopsgalaxy.de\/fr\/#website","url":"https:\/\/www.triopsgalaxy.de\/fr\/","name":"","description":"","potentialAction":[{"@type":"SearchAction","target":{"@type":"EntryPoint","urlTemplate":"https:\/\/www.triopsgalaxy.de\/fr\/?s={search_term_string}"},"query-input":{"@type":"PropertyValueSpecification","valueRequired":true,"valueName":"search_term_string"}}],"inLanguage":"fr-FR"}]}},"_links":{"self":[{"href":"https:\/\/www.triopsgalaxy.de\/fr\/wp-json\/wp\/v2\/product\/6194","targetHints":{"allow":["GET"]}}],"collection":[{"href":"https:\/\/www.triopsgalaxy.de\/fr\/wp-json\/wp\/v2\/product"}],"about":[{"href":"https:\/\/www.triopsgalaxy.de\/fr\/wp-json\/wp\/v2\/types\/product"}],"replies":[{"embeddable":true,"href":"https:\/\/www.triopsgalaxy.de\/fr\/wp-json\/wp\/v2\/comments?post=6194"}],"wp:featuredmedia":[{"embeddable":true,"href":"https:\/\/www.triopsgalaxy.de\/fr\/wp-json\/wp\/v2\/media\/5308"}],"wp:attachment":[{"href":"https:\/\/www.triopsgalaxy.de\/fr\/wp-json\/wp\/v2\/media?parent=6194"}],"wp:term":[{"taxonomy":"product_brand","embeddable":true,"href":"https:\/\/www.triopsgalaxy.de\/fr\/wp-json\/wp\/v2\/product_brand?post=6194"},{"taxonomy":"product_cat","embeddable":true,"href":"https:\/\/www.triopsgalaxy.de\/fr\/wp-json\/wp\/v2\/product_cat?post=6194"},{"taxonomy":"product_tag","embeddable":true,"href":"https:\/\/www.triopsgalaxy.de\/fr\/wp-json\/wp\/v2\/product_tag?post=6194"}],"curies":[{"name":"wp","href":"https:\/\/api.w.org\/{rel}","templated":true}]}}