{"id":6196,"date":"2021-05-12T10:00:47","date_gmt":"2021-05-12T08:00:47","guid":{"rendered":"https:\/\/www.triopsgalaxy.de\/shop\/lampe-led-d-aquarium-6-watts\/"},"modified":"2023-09-25T19:32:04","modified_gmt":"2023-09-25T17:32:04","slug":"lampe-led-d-aquarium-6-watts","status":"publish","type":"product","link":"https:\/\/www.triopsgalaxy.de\/fr\/shop\/lampe-led-d-aquarium-6-watts\/","title":{"rendered":"Lampe LED d&rsquo;aquarium 6 watts, classe d&rsquo;efficacit\u00e9 \u00e9nerg\u00e9tique A"},"content":{"rendered":"<h2>Lampe \u00e0 poser \u00e0 LED pour aquarium 6 watts<\/h2>\n<p>Dans les aquariums d&rsquo;eau douce, la forte orientation de la lumi\u00e8re produit des r\u00e9flexions \u00e0 la surface de l&rsquo;eau. Gr\u00e2ce \u00e0 cet effet de soleil en forme de cercle, l&rsquo;aquarium para\u00eet encore plus naturel et vivant. Alors que les tubes fluorescents traditionnels perdent dix pour cent de leur intensit\u00e9 lumineuse apr\u00e8s un an de fonctionnement, la perte d&rsquo;intensit\u00e9 de cette lampe LED est de z\u00e9ro pour cent. Alors que les lampes traditionnelles ont une dur\u00e9e de vie de 8000 heures maximum, la lampe LED a une dur\u00e9e de vie de 60 000 heures.<\/p>\n<ul>\n<li>\u00c9clairage d&rsquo;apparence naturelle<\/li>\n<li>Faibles co\u00fbts d&rsquo;exploitation<\/li>\n<li>Pas de perte d&rsquo;\u00e9nergie gr\u00e2ce \u00e0 une temp\u00e9rature de fonctionnement basse<\/li>\n<li>Longue dur\u00e9e de vie<\/li>\n<li>Sans mercure<\/li>\n<li>Faible impact sur le CO2<\/li>\n<li>Classe d&rsquo;efficacit\u00e9 \u00e9nerg\u00e9tique A+<\/li>\n<\/ul>\n<p>La lampe LED convient aux aquariums de 27 cm et plus.<\/p>\n<h3>Dimensions:<\/h3>\n<p>longueur : 26 cm<br \/>\nlargeur : 7 cm<br \/>\nhauteur : 1 cm<br \/>\nHauteur avec les pieds : 3 cm<\/p>\n<h3>Contenu de la livraison:<\/h3>\n<p><strong>1 x Lampe LED d&rsquo;aquarium \u00e0 poser avec adaptateur secteur<\/strong><\/p>\n","protected":false},"excerpt":{"rendered":"<h3><span style=\"color: #50b848;\">En stock<\/span><\/h3>\n","protected":false},"featured_media":5260,"comment_status":"open","ping_status":"closed","template":"","meta":{"inline_featured_image":false},"product_brand":[],"product_cat":[190,194],"product_tag":[],"class_list":{"0":"post-6196","1":"product","2":"type-product","3":"status-publish","4":"has-post-thumbnail","6":"product_cat-equipement","7":"product_cat-eclairage","8":"product_shipping_class-colis-dhl-m","10":"first","11":"outofstock","12":"sold-individually","13":"shipping-taxable","14":"purchasable","15":"product-type-simple"},"yoast_head":"<!-- This site is optimized with the Yoast SEO plugin v27.4 - https:\/\/yoast.com\/product\/yoast-seo-wordpress\/ -->\n<title>Lampe LED d&#039;aquarium \u00e0 poser 6 Watt - Triops Galaxy<\/title>\n<meta name=\"description\" content=\"Lampe pour aquarium \u2705 Lampe LED \u2705 6 watts \u2705 Classe d&#039;efficacit\u00e9 \u00e9nerg\u00e9tique A+ \u2705 Longueur 26 cm \u2705 Triops \u2705 Crabes pr\u00e9historiques \u2705 \u00c9levage de triops \u270d\ufe0f Triops Galaxy\" \/>\n<meta name=\"robots\" content=\"index, follow, max-snippet:-1, max-image-preview:large, max-video-preview:-1\" \/>\n<link rel=\"canonical\" href=\"https:\/\/www.triopsgalaxy.de\/fr\/shop\/lampe-led-d-aquarium-6-watts\/\" \/>\n<meta property=\"og:locale\" content=\"fr_FR\" \/>\n<meta property=\"og:type\" content=\"article\" \/>\n<meta property=\"og:title\" content=\"Lampe LED d&#039;aquarium \u00e0 poser 6 Watt - Triops Galaxy\" \/>\n<meta property=\"og:description\" content=\"Lampe pour aquarium \u2705 Lampe LED \u2705 6 watts \u2705 Classe d&#039;efficacit\u00e9 \u00e9nerg\u00e9tique A+ \u2705 Longueur 26 cm \u2705 Triops \u2705 Crabes pr\u00e9historiques \u2705 \u00c9levage de triops \u270d\ufe0f Triops Galaxy\" \/>\n<meta property=\"og:url\" content=\"https:\/\/www.triopsgalaxy.de\/fr\/shop\/lampe-led-d-aquarium-6-watts\/\" \/>\n<meta property=\"article:modified_time\" content=\"2023-09-25T17:32:04+00:00\" \/>\n<meta property=\"og:image\" content=\"https:\/\/www.triopsgalaxy.de\/wp-content\/uploads\/Aquarium-LED-Aufsetzlampe.png\" \/>\n\t<meta property=\"og:image:width\" content=\"1000\" \/>\n\t<meta property=\"og:image:height\" content=\"1000\" \/>\n\t<meta property=\"og:image:type\" content=\"image\/png\" \/>\n<meta name=\"twitter:card\" content=\"summary_large_image\" \/>\n<meta name=\"twitter:label1\" content=\"Dur\u00e9e de lecture estim\u00e9e\" \/>\n\t<meta name=\"twitter:data1\" content=\"1 minute\" \/>\n<script type=\"application\/ld+json\" class=\"yoast-schema-graph\">{\"@context\":\"https:\\\/\\\/schema.org\",\"@graph\":[{\"@type\":\"WebPage\",\"@id\":\"https:\\\/\\\/www.triopsgalaxy.de\\\/fr\\\/shop\\\/lampe-led-d-aquarium-6-watts\\\/\",\"url\":\"https:\\\/\\\/www.triopsgalaxy.de\\\/fr\\\/shop\\\/lampe-led-d-aquarium-6-watts\\\/\",\"name\":\"Lampe LED d'aquarium \u00e0 poser 6 Watt - Triops Galaxy\",\"isPartOf\":{\"@id\":\"https:\\\/\\\/www.triopsgalaxy.de\\\/fr\\\/#website\"},\"primaryImageOfPage\":{\"@id\":\"https:\\\/\\\/www.triopsgalaxy.de\\\/fr\\\/shop\\\/lampe-led-d-aquarium-6-watts\\\/#primaryimage\"},\"image\":{\"@id\":\"https:\\\/\\\/www.triopsgalaxy.de\\\/fr\\\/shop\\\/lampe-led-d-aquarium-6-watts\\\/#primaryimage\"},\"thumbnailUrl\":\"https:\\\/\\\/www.triopsgalaxy.de\\\/wp-content\\\/uploads\\\/Aquarium-LED-Aufsetzlampe.png\",\"datePublished\":\"2021-05-12T08:00:47+00:00\",\"dateModified\":\"2023-09-25T17:32:04+00:00\",\"description\":\"Lampe pour aquarium \u2705 Lampe LED \u2705 6 watts \u2705 Classe d'efficacit\u00e9 \u00e9nerg\u00e9tique A+ \u2705 Longueur 26 cm \u2705 Triops \u2705 Crabes pr\u00e9historiques \u2705 \u00c9levage de triops \u270d\ufe0f Triops Galaxy\",\"breadcrumb\":{\"@id\":\"https:\\\/\\\/www.triopsgalaxy.de\\\/fr\\\/shop\\\/lampe-led-d-aquarium-6-watts\\\/#breadcrumb\"},\"inLanguage\":\"fr-FR\",\"potentialAction\":[{\"@type\":\"ReadAction\",\"target\":[\"https:\\\/\\\/www.triopsgalaxy.de\\\/fr\\\/shop\\\/lampe-led-d-aquarium-6-watts\\\/\"]}]},{\"@type\":\"ImageObject\",\"inLanguage\":\"fr-FR\",\"@id\":\"https:\\\/\\\/www.triopsgalaxy.de\\\/fr\\\/shop\\\/lampe-led-d-aquarium-6-watts\\\/#primaryimage\",\"url\":\"https:\\\/\\\/www.triopsgalaxy.de\\\/wp-content\\\/uploads\\\/Aquarium-LED-Aufsetzlampe.png\",\"contentUrl\":\"https:\\\/\\\/www.triopsgalaxy.de\\\/wp-content\\\/uploads\\\/Aquarium-LED-Aufsetzlampe.png\",\"width\":1000,\"height\":1000},{\"@type\":\"BreadcrumbList\",\"@id\":\"https:\\\/\\\/www.triopsgalaxy.de\\\/fr\\\/shop\\\/lampe-led-d-aquarium-6-watts\\\/#breadcrumb\",\"itemListElement\":[{\"@type\":\"ListItem\",\"position\":1,\"name\":\"Startseite\",\"item\":\"https:\\\/\\\/www.triopsgalaxy.de\\\/fr\\\/\"},{\"@type\":\"ListItem\",\"position\":2,\"name\":\"Boutique\",\"item\":\"https:\\\/\\\/www.triopsgalaxy.de\\\/fr\\\/boutique\\\/\"},{\"@type\":\"ListItem\",\"position\":3,\"name\":\"Lampe LED d&#8217;aquarium 6 watts, classe d&#8217;efficacit\u00e9 \u00e9nerg\u00e9tique A\"}]},{\"@type\":\"WebSite\",\"@id\":\"https:\\\/\\\/www.triopsgalaxy.de\\\/fr\\\/#website\",\"url\":\"https:\\\/\\\/www.triopsgalaxy.de\\\/fr\\\/\",\"name\":\"\",\"description\":\"\",\"potentialAction\":[{\"@type\":\"SearchAction\",\"target\":{\"@type\":\"EntryPoint\",\"urlTemplate\":\"https:\\\/\\\/www.triopsgalaxy.de\\\/fr\\\/?s={search_term_string}\"},\"query-input\":{\"@type\":\"PropertyValueSpecification\",\"valueRequired\":true,\"valueName\":\"search_term_string\"}}],\"inLanguage\":\"fr-FR\"}]}<\/script>\n<!-- \/ Yoast SEO plugin. -->","yoast_head_json":{"title":"Lampe LED d'aquarium \u00e0 poser 6 Watt - Triops Galaxy","description":"Lampe pour aquarium \u2705 Lampe LED \u2705 6 watts \u2705 Classe d'efficacit\u00e9 \u00e9nerg\u00e9tique A+ \u2705 Longueur 26 cm \u2705 Triops \u2705 Crabes pr\u00e9historiques \u2705 \u00c9levage de triops \u270d\ufe0f Triops Galaxy","robots":{"index":"index","follow":"follow","max-snippet":"max-snippet:-1","max-image-preview":"max-image-preview:large","max-video-preview":"max-video-preview:-1"},"canonical":"https:\/\/www.triopsgalaxy.de\/fr\/shop\/lampe-led-d-aquarium-6-watts\/","og_locale":"fr_FR","og_type":"article","og_title":"Lampe LED d'aquarium \u00e0 poser 6 Watt - Triops Galaxy","og_description":"Lampe pour aquarium \u2705 Lampe LED \u2705 6 watts \u2705 Classe d'efficacit\u00e9 \u00e9nerg\u00e9tique A+ \u2705 Longueur 26 cm \u2705 Triops \u2705 Crabes pr\u00e9historiques \u2705 \u00c9levage de triops \u270d\ufe0f Triops Galaxy","og_url":"https:\/\/www.triopsgalaxy.de\/fr\/shop\/lampe-led-d-aquarium-6-watts\/","article_modified_time":"2023-09-25T17:32:04+00:00","og_image":[{"width":1000,"height":1000,"url":"https:\/\/www.triopsgalaxy.de\/wp-content\/uploads\/Aquarium-LED-Aufsetzlampe.png","type":"image\/png"}],"twitter_card":"summary_large_image","twitter_misc":{"Dur\u00e9e de lecture estim\u00e9e":"1 minute"},"schema":{"@context":"https:\/\/schema.org","@graph":[{"@type":"WebPage","@id":"https:\/\/www.triopsgalaxy.de\/fr\/shop\/lampe-led-d-aquarium-6-watts\/","url":"https:\/\/www.triopsgalaxy.de\/fr\/shop\/lampe-led-d-aquarium-6-watts\/","name":"Lampe LED d'aquarium \u00e0 poser 6 Watt - Triops Galaxy","isPartOf":{"@id":"https:\/\/www.triopsgalaxy.de\/fr\/#website"},"primaryImageOfPage":{"@id":"https:\/\/www.triopsgalaxy.de\/fr\/shop\/lampe-led-d-aquarium-6-watts\/#primaryimage"},"image":{"@id":"https:\/\/www.triopsgalaxy.de\/fr\/shop\/lampe-led-d-aquarium-6-watts\/#primaryimage"},"thumbnailUrl":"https:\/\/www.triopsgalaxy.de\/wp-content\/uploads\/Aquarium-LED-Aufsetzlampe.png","datePublished":"2021-05-12T08:00:47+00:00","dateModified":"2023-09-25T17:32:04+00:00","description":"Lampe pour aquarium \u2705 Lampe LED \u2705 6 watts \u2705 Classe d'efficacit\u00e9 \u00e9nerg\u00e9tique A+ \u2705 Longueur 26 cm \u2705 Triops \u2705 Crabes pr\u00e9historiques \u2705 \u00c9levage de triops \u270d\ufe0f Triops Galaxy","breadcrumb":{"@id":"https:\/\/www.triopsgalaxy.de\/fr\/shop\/lampe-led-d-aquarium-6-watts\/#breadcrumb"},"inLanguage":"fr-FR","potentialAction":[{"@type":"ReadAction","target":["https:\/\/www.triopsgalaxy.de\/fr\/shop\/lampe-led-d-aquarium-6-watts\/"]}]},{"@type":"ImageObject","inLanguage":"fr-FR","@id":"https:\/\/www.triopsgalaxy.de\/fr\/shop\/lampe-led-d-aquarium-6-watts\/#primaryimage","url":"https:\/\/www.triopsgalaxy.de\/wp-content\/uploads\/Aquarium-LED-Aufsetzlampe.png","contentUrl":"https:\/\/www.triopsgalaxy.de\/wp-content\/uploads\/Aquarium-LED-Aufsetzlampe.png","width":1000,"height":1000},{"@type":"BreadcrumbList","@id":"https:\/\/www.triopsgalaxy.de\/fr\/shop\/lampe-led-d-aquarium-6-watts\/#breadcrumb","itemListElement":[{"@type":"ListItem","position":1,"name":"Startseite","item":"https:\/\/www.triopsgalaxy.de\/fr\/"},{"@type":"ListItem","position":2,"name":"Boutique","item":"https:\/\/www.triopsgalaxy.de\/fr\/boutique\/"},{"@type":"ListItem","position":3,"name":"Lampe LED d&#8217;aquarium 6 watts, classe d&#8217;efficacit\u00e9 \u00e9nerg\u00e9tique A"}]},{"@type":"WebSite","@id":"https:\/\/www.triopsgalaxy.de\/fr\/#website","url":"https:\/\/www.triopsgalaxy.de\/fr\/","name":"","description":"","potentialAction":[{"@type":"SearchAction","target":{"@type":"EntryPoint","urlTemplate":"https:\/\/www.triopsgalaxy.de\/fr\/?s={search_term_string}"},"query-input":{"@type":"PropertyValueSpecification","valueRequired":true,"valueName":"search_term_string"}}],"inLanguage":"fr-FR"}]}},"_links":{"self":[{"href":"https:\/\/www.triopsgalaxy.de\/fr\/wp-json\/wp\/v2\/product\/6196","targetHints":{"allow":["GET"]}}],"collection":[{"href":"https:\/\/www.triopsgalaxy.de\/fr\/wp-json\/wp\/v2\/product"}],"about":[{"href":"https:\/\/www.triopsgalaxy.de\/fr\/wp-json\/wp\/v2\/types\/product"}],"replies":[{"embeddable":true,"href":"https:\/\/www.triopsgalaxy.de\/fr\/wp-json\/wp\/v2\/comments?post=6196"}],"wp:featuredmedia":[{"embeddable":true,"href":"https:\/\/www.triopsgalaxy.de\/fr\/wp-json\/wp\/v2\/media\/5260"}],"wp:attachment":[{"href":"https:\/\/www.triopsgalaxy.de\/fr\/wp-json\/wp\/v2\/media?parent=6196"}],"wp:term":[{"taxonomy":"product_brand","embeddable":true,"href":"https:\/\/www.triopsgalaxy.de\/fr\/wp-json\/wp\/v2\/product_brand?post=6196"},{"taxonomy":"product_cat","embeddable":true,"href":"https:\/\/www.triopsgalaxy.de\/fr\/wp-json\/wp\/v2\/product_cat?post=6196"},{"taxonomy":"product_tag","embeddable":true,"href":"https:\/\/www.triopsgalaxy.de\/fr\/wp-json\/wp\/v2\/product_tag?post=6196"}],"curies":[{"name":"wp","href":"https:\/\/api.w.org\/{rel}","templated":true}]}}