{"id":6204,"date":"2020-11-22T10:00:56","date_gmt":"2020-11-22T09:00:56","guid":{"rendered":"https:\/\/www.triopsgalaxy.de\/shop\/triops-longicaudatus-oeufs-lot-de-3\/"},"modified":"2026-01-04T16:55:43","modified_gmt":"2026-01-04T15:55:43","slug":"triops-longicaudatus-oeufs-lot-de-3","status":"publish","type":"product","link":"https:\/\/www.triopsgalaxy.de\/fr\/shop\/triops-longicaudatus-oeufs-lot-de-3\/","title":{"rendered":"\ud83c\udfc5 Triops longicaudatus &#8211; \u0152ufs de crabe pr\u00e9historique, lot de 3 (3 x 50 \u0153ufs) \ud83e\udd90"},"content":{"rendered":"<p>Les crabes pr\u00e9historiques sont une fascination et un enrichissement pour chaque chambre d&rsquo;enfant. Les enfants apprennent pour la premi\u00e8re fois \u00e0 assumer une responsabilit\u00e9 sociale envers un \u00eatre vivant, de l&rsquo;\u00e9closion \u00e0 la fin de sa vie. Gr\u00e2ce \u00e0 la dur\u00e9e de vie relativement courte de deux \u00e0 trois mois, il n&rsquo;y a pas de lien trop fort, comme par exemple avec un chat ou un chien. L&rsquo;esp\u00e8ce Triops longicaudatus est l&rsquo;esp\u00e8ce am\u00e9ricaine de triops, avec une carapace grise iris\u00e9e et une longue queue fourchue. Le Triops longicaudatus a une croissance tr\u00e8s rapide et atteint sa maturit\u00e9 sexuelle en deux semaines.<\/p>\n<p>Apr\u00e8s 14 jours, les femelles triops sont capables de pondre des \u0153ufs et de les enterrer dans le sable. En fin de vie, il est possible de faire s\u00e9cher le sable avec les \u0153ufs, de les congeler et de commencer ensuite un nouvel \u00e9levage. Gr\u00e2ce \u00e0 la croissance rapide des Triops, on ne s&rsquo;ennuie certainement jamais dans l&rsquo;aquarium. Les Triops longicaudatus ont besoin d&rsquo;une temp\u00e9rature de l&rsquo;ordre de 25\u00b0C et peuvent \u00eatre \u00e9lev\u00e9s avec de l&rsquo;eau distill\u00e9e, de l&rsquo;eau min\u00e9rale plate ou de l&rsquo;eau de rivi\u00e8re ou de mer.<\/p>\n<p>Faites ce voyage fascinant dans le pass\u00e9 et vivez la pr\u00e9histoire avec vos enfants &#8211; chez vous, dans votre salon !<\/p>\n<h2>Portrait de Triops longicaudatus:<\/h2>\n<p>Embranchement : arthropodes (Arthropoda)<br \/>\nSous-embranchement : Crustac\u00e9s (Crustacea)<br \/>\nTaille : 5 \u00e0 7 cm<br \/>\nDur\u00e9e de vie : env. 60 \u00e0 90 jours<br \/>\nHabitat : eau douce<br \/>\nTemp\u00e9rature : 25 \u00e0 28\u00b0 C<\/p>\n<h3>Contenu de la livraison:<\/h3>\n<ul>\n<li><strong>3 x m\u00e9lange d&rsquo;\u0153ufs et de sable \u00e0 50 \u0153ufs chacun<br \/>\n<\/strong><\/li>\n<li><strong>Les instructions d&rsquo;\u00e9levage ne sont d\u00e9lib\u00e9r\u00e9ment pas fournies sous forme papier. Vous b\u00e9n\u00e9ficiez d&rsquo;un acc\u00e8s exclusif \u00e0 nos instructions d&rsquo;\u00e9levage num\u00e9riques. Il vous suffit de scanner le code QR figurant sur l&rsquo;\u00e9tiquette ou de <a href=\"https:\/\/www.triopsgalaxy.de\/wp-content\/uploads\/Breeding-Guide.pdf\" target=\"_blank\" rel=\"noopener\">CLIQUER ICI<\/a> ! <\/strong>Sur demande, nous vous enverrons gratuitement des instructions imprim\u00e9es. Veuillez l&rsquo;indiquer dans les commentaires lors de votre commande.<\/li>\n<\/ul>\n<div class=\"video video-fit mb\" style=\"padding-top:56.25%;\"><p><iframe loading=\"lazy\" title=\"Triops longicaudatus 11 Tage alt\" width=\"1020\" height=\"574\" src=\"https:\/\/www.youtube.com\/embed\/WAo_oT-QyXs?feature=oembed\" frameborder=\"0\" allow=\"accelerometer; autoplay; clipboard-write; encrypted-media; gyroscope; picture-in-picture; web-share\" allowfullscreen><\/iframe><\/p>\n<\/div>\n<div class=\"video video-fit mb\" style=\"padding-top:56.25%;\"><p><iframe loading=\"lazy\" title=\"Triops longicaudatus buddelt im Sand\" width=\"1020\" height=\"574\" src=\"https:\/\/www.youtube.com\/embed\/WzLsrpdBogA?feature=oembed\" frameborder=\"0\" allow=\"accelerometer; autoplay; clipboard-write; encrypted-media; gyroscope; picture-in-picture; web-share\" allowfullscreen><\/iframe><\/p>\n<\/div>\n","protected":false},"excerpt":{"rendered":"<h3><span style=\"color: #50b848;\">En stock<\/span><\/h3>\n","protected":false},"featured_media":14227,"comment_status":"open","ping_status":"closed","template":"","meta":{"inline_featured_image":false},"product_brand":[],"product_cat":[214],"product_tag":[],"class_list":{"0":"post-6204","1":"product","2":"type-product","3":"status-publish","4":"has-post-thumbnail","6":"product_cat-soldes","7":"product_shipping_class-warenpost-fr","9":"first","10":"instock","11":"sale","12":"shipping-taxable","13":"purchasable","14":"product-type-simple"},"yoast_head":"<!-- This site is optimized with the Yoast SEO plugin v27.4 - https:\/\/yoast.com\/product\/yoast-seo-wordpress\/ -->\n<title>Triops longicaudatus - \u0152ufs de triops - Lot de 3 - Triops Galaxy<\/title>\n<meta name=\"description\" content=\"\u0152ufs de triops \u2705 Lot de 3 \u0152ufs \u2705 50 \u2705 \u00c9levage \u2705 Crabes pr\u00e9historiques \u2705 \u0152ufs de triops \u2705 \u00c9levage \u2705 \u00c9lever soi-m\u00eame \u270d\ufe0f Triops Galaxy\" \/>\n<meta name=\"robots\" content=\"index, follow, max-snippet:-1, max-image-preview:large, max-video-preview:-1\" \/>\n<link rel=\"canonical\" href=\"https:\/\/www.triopsgalaxy.de\/fr\/shop\/triops-longicaudatus-oeufs-lot-de-3\/\" \/>\n<meta property=\"og:locale\" content=\"fr_FR\" \/>\n<meta property=\"og:type\" content=\"article\" \/>\n<meta property=\"og:title\" content=\"Triops longicaudatus - \u0152ufs de triops - Lot de 3 - Triops Galaxy\" \/>\n<meta property=\"og:description\" content=\"\u0152ufs de triops \u2705 Lot de 3 \u0152ufs \u2705 50 \u2705 \u00c9levage \u2705 Crabes pr\u00e9historiques \u2705 \u0152ufs de triops \u2705 \u00c9levage \u2705 \u00c9lever soi-m\u00eame \u270d\ufe0f Triops Galaxy\" \/>\n<meta property=\"og:url\" content=\"https:\/\/www.triopsgalaxy.de\/fr\/shop\/triops-longicaudatus-oeufs-lot-de-3\/\" \/>\n<meta property=\"article:modified_time\" content=\"2026-01-04T15:55:43+00:00\" \/>\n<meta property=\"og:image\" content=\"https:\/\/www.triopsgalaxy.de\/wp-content\/uploads\/2025_Triops_3er_Bundle.jpg\" \/>\n\t<meta property=\"og:image:width\" content=\"1000\" \/>\n\t<meta property=\"og:image:height\" content=\"1000\" \/>\n\t<meta property=\"og:image:type\" content=\"image\/jpeg\" \/>\n<meta name=\"twitter:card\" content=\"summary_large_image\" \/>\n<meta name=\"twitter:label1\" content=\"Dur\u00e9e de lecture estim\u00e9e\" \/>\n\t<meta name=\"twitter:data1\" content=\"2 minutes\" \/>\n<script type=\"application\/ld+json\" class=\"yoast-schema-graph\">{\"@context\":\"https:\\\/\\\/schema.org\",\"@graph\":[{\"@type\":\"WebPage\",\"@id\":\"https:\\\/\\\/www.triopsgalaxy.de\\\/fr\\\/shop\\\/triops-longicaudatus-oeufs-lot-de-3\\\/\",\"url\":\"https:\\\/\\\/www.triopsgalaxy.de\\\/fr\\\/shop\\\/triops-longicaudatus-oeufs-lot-de-3\\\/\",\"name\":\"Triops longicaudatus - \u0152ufs de triops - Lot de 3 - Triops Galaxy\",\"isPartOf\":{\"@id\":\"https:\\\/\\\/www.triopsgalaxy.de\\\/fr\\\/#website\"},\"primaryImageOfPage\":{\"@id\":\"https:\\\/\\\/www.triopsgalaxy.de\\\/fr\\\/shop\\\/triops-longicaudatus-oeufs-lot-de-3\\\/#primaryimage\"},\"image\":{\"@id\":\"https:\\\/\\\/www.triopsgalaxy.de\\\/fr\\\/shop\\\/triops-longicaudatus-oeufs-lot-de-3\\\/#primaryimage\"},\"thumbnailUrl\":\"https:\\\/\\\/www.triopsgalaxy.de\\\/wp-content\\\/uploads\\\/2025_Triops_3er_Bundle.jpg\",\"datePublished\":\"2020-11-22T09:00:56+00:00\",\"dateModified\":\"2026-01-04T15:55:43+00:00\",\"description\":\"\u0152ufs de triops \u2705 Lot de 3 \u0152ufs \u2705 50 \u2705 \u00c9levage \u2705 Crabes pr\u00e9historiques \u2705 \u0152ufs de triops \u2705 \u00c9levage \u2705 \u00c9lever soi-m\u00eame \u270d\ufe0f Triops Galaxy\",\"breadcrumb\":{\"@id\":\"https:\\\/\\\/www.triopsgalaxy.de\\\/fr\\\/shop\\\/triops-longicaudatus-oeufs-lot-de-3\\\/#breadcrumb\"},\"inLanguage\":\"fr-FR\",\"potentialAction\":[{\"@type\":\"ReadAction\",\"target\":[\"https:\\\/\\\/www.triopsgalaxy.de\\\/fr\\\/shop\\\/triops-longicaudatus-oeufs-lot-de-3\\\/\"]}]},{\"@type\":\"ImageObject\",\"inLanguage\":\"fr-FR\",\"@id\":\"https:\\\/\\\/www.triopsgalaxy.de\\\/fr\\\/shop\\\/triops-longicaudatus-oeufs-lot-de-3\\\/#primaryimage\",\"url\":\"https:\\\/\\\/www.triopsgalaxy.de\\\/wp-content\\\/uploads\\\/2025_Triops_3er_Bundle.jpg\",\"contentUrl\":\"https:\\\/\\\/www.triopsgalaxy.de\\\/wp-content\\\/uploads\\\/2025_Triops_3er_Bundle.jpg\",\"width\":1000,\"height\":1000},{\"@type\":\"BreadcrumbList\",\"@id\":\"https:\\\/\\\/www.triopsgalaxy.de\\\/fr\\\/shop\\\/triops-longicaudatus-oeufs-lot-de-3\\\/#breadcrumb\",\"itemListElement\":[{\"@type\":\"ListItem\",\"position\":1,\"name\":\"Startseite\",\"item\":\"https:\\\/\\\/www.triopsgalaxy.de\\\/fr\\\/\"},{\"@type\":\"ListItem\",\"position\":2,\"name\":\"Boutique\",\"item\":\"https:\\\/\\\/www.triopsgalaxy.de\\\/fr\\\/boutique\\\/\"},{\"@type\":\"ListItem\",\"position\":3,\"name\":\"\ud83c\udfc5 Triops longicaudatus &#8211; \u0152ufs de crabe pr\u00e9historique, lot de 3 (3 x 50 \u0153ufs) \ud83e\udd90\"}]},{\"@type\":\"WebSite\",\"@id\":\"https:\\\/\\\/www.triopsgalaxy.de\\\/fr\\\/#website\",\"url\":\"https:\\\/\\\/www.triopsgalaxy.de\\\/fr\\\/\",\"name\":\"\",\"description\":\"\",\"potentialAction\":[{\"@type\":\"SearchAction\",\"target\":{\"@type\":\"EntryPoint\",\"urlTemplate\":\"https:\\\/\\\/www.triopsgalaxy.de\\\/fr\\\/?s={search_term_string}\"},\"query-input\":{\"@type\":\"PropertyValueSpecification\",\"valueRequired\":true,\"valueName\":\"search_term_string\"}}],\"inLanguage\":\"fr-FR\"}]}<\/script>\n<!-- \/ Yoast SEO plugin. -->","yoast_head_json":{"title":"Triops longicaudatus - \u0152ufs de triops - Lot de 3 - Triops Galaxy","description":"\u0152ufs de triops \u2705 Lot de 3 \u0152ufs \u2705 50 \u2705 \u00c9levage \u2705 Crabes pr\u00e9historiques \u2705 \u0152ufs de triops \u2705 \u00c9levage \u2705 \u00c9lever soi-m\u00eame \u270d\ufe0f Triops Galaxy","robots":{"index":"index","follow":"follow","max-snippet":"max-snippet:-1","max-image-preview":"max-image-preview:large","max-video-preview":"max-video-preview:-1"},"canonical":"https:\/\/www.triopsgalaxy.de\/fr\/shop\/triops-longicaudatus-oeufs-lot-de-3\/","og_locale":"fr_FR","og_type":"article","og_title":"Triops longicaudatus - \u0152ufs de triops - Lot de 3 - Triops Galaxy","og_description":"\u0152ufs de triops \u2705 Lot de 3 \u0152ufs \u2705 50 \u2705 \u00c9levage \u2705 Crabes pr\u00e9historiques \u2705 \u0152ufs de triops \u2705 \u00c9levage \u2705 \u00c9lever soi-m\u00eame \u270d\ufe0f Triops Galaxy","og_url":"https:\/\/www.triopsgalaxy.de\/fr\/shop\/triops-longicaudatus-oeufs-lot-de-3\/","article_modified_time":"2026-01-04T15:55:43+00:00","og_image":[{"width":1000,"height":1000,"url":"https:\/\/www.triopsgalaxy.de\/wp-content\/uploads\/2025_Triops_3er_Bundle.jpg","type":"image\/jpeg"}],"twitter_card":"summary_large_image","twitter_misc":{"Dur\u00e9e de lecture estim\u00e9e":"2 minutes"},"schema":{"@context":"https:\/\/schema.org","@graph":[{"@type":"WebPage","@id":"https:\/\/www.triopsgalaxy.de\/fr\/shop\/triops-longicaudatus-oeufs-lot-de-3\/","url":"https:\/\/www.triopsgalaxy.de\/fr\/shop\/triops-longicaudatus-oeufs-lot-de-3\/","name":"Triops longicaudatus - \u0152ufs de triops - Lot de 3 - Triops Galaxy","isPartOf":{"@id":"https:\/\/www.triopsgalaxy.de\/fr\/#website"},"primaryImageOfPage":{"@id":"https:\/\/www.triopsgalaxy.de\/fr\/shop\/triops-longicaudatus-oeufs-lot-de-3\/#primaryimage"},"image":{"@id":"https:\/\/www.triopsgalaxy.de\/fr\/shop\/triops-longicaudatus-oeufs-lot-de-3\/#primaryimage"},"thumbnailUrl":"https:\/\/www.triopsgalaxy.de\/wp-content\/uploads\/2025_Triops_3er_Bundle.jpg","datePublished":"2020-11-22T09:00:56+00:00","dateModified":"2026-01-04T15:55:43+00:00","description":"\u0152ufs de triops \u2705 Lot de 3 \u0152ufs \u2705 50 \u2705 \u00c9levage \u2705 Crabes pr\u00e9historiques \u2705 \u0152ufs de triops \u2705 \u00c9levage \u2705 \u00c9lever soi-m\u00eame \u270d\ufe0f Triops Galaxy","breadcrumb":{"@id":"https:\/\/www.triopsgalaxy.de\/fr\/shop\/triops-longicaudatus-oeufs-lot-de-3\/#breadcrumb"},"inLanguage":"fr-FR","potentialAction":[{"@type":"ReadAction","target":["https:\/\/www.triopsgalaxy.de\/fr\/shop\/triops-longicaudatus-oeufs-lot-de-3\/"]}]},{"@type":"ImageObject","inLanguage":"fr-FR","@id":"https:\/\/www.triopsgalaxy.de\/fr\/shop\/triops-longicaudatus-oeufs-lot-de-3\/#primaryimage","url":"https:\/\/www.triopsgalaxy.de\/wp-content\/uploads\/2025_Triops_3er_Bundle.jpg","contentUrl":"https:\/\/www.triopsgalaxy.de\/wp-content\/uploads\/2025_Triops_3er_Bundle.jpg","width":1000,"height":1000},{"@type":"BreadcrumbList","@id":"https:\/\/www.triopsgalaxy.de\/fr\/shop\/triops-longicaudatus-oeufs-lot-de-3\/#breadcrumb","itemListElement":[{"@type":"ListItem","position":1,"name":"Startseite","item":"https:\/\/www.triopsgalaxy.de\/fr\/"},{"@type":"ListItem","position":2,"name":"Boutique","item":"https:\/\/www.triopsgalaxy.de\/fr\/boutique\/"},{"@type":"ListItem","position":3,"name":"\ud83c\udfc5 Triops longicaudatus &#8211; \u0152ufs de crabe pr\u00e9historique, lot de 3 (3 x 50 \u0153ufs) \ud83e\udd90"}]},{"@type":"WebSite","@id":"https:\/\/www.triopsgalaxy.de\/fr\/#website","url":"https:\/\/www.triopsgalaxy.de\/fr\/","name":"","description":"","potentialAction":[{"@type":"SearchAction","target":{"@type":"EntryPoint","urlTemplate":"https:\/\/www.triopsgalaxy.de\/fr\/?s={search_term_string}"},"query-input":{"@type":"PropertyValueSpecification","valueRequired":true,"valueName":"search_term_string"}}],"inLanguage":"fr-FR"}]}},"_links":{"self":[{"href":"https:\/\/www.triopsgalaxy.de\/fr\/wp-json\/wp\/v2\/product\/6204","targetHints":{"allow":["GET"]}}],"collection":[{"href":"https:\/\/www.triopsgalaxy.de\/fr\/wp-json\/wp\/v2\/product"}],"about":[{"href":"https:\/\/www.triopsgalaxy.de\/fr\/wp-json\/wp\/v2\/types\/product"}],"replies":[{"embeddable":true,"href":"https:\/\/www.triopsgalaxy.de\/fr\/wp-json\/wp\/v2\/comments?post=6204"}],"wp:featuredmedia":[{"embeddable":true,"href":"https:\/\/www.triopsgalaxy.de\/fr\/wp-json\/wp\/v2\/media\/14227"}],"wp:attachment":[{"href":"https:\/\/www.triopsgalaxy.de\/fr\/wp-json\/wp\/v2\/media?parent=6204"}],"wp:term":[{"taxonomy":"product_brand","embeddable":true,"href":"https:\/\/www.triopsgalaxy.de\/fr\/wp-json\/wp\/v2\/product_brand?post=6204"},{"taxonomy":"product_cat","embeddable":true,"href":"https:\/\/www.triopsgalaxy.de\/fr\/wp-json\/wp\/v2\/product_cat?post=6204"},{"taxonomy":"product_tag","embeddable":true,"href":"https:\/\/www.triopsgalaxy.de\/fr\/wp-json\/wp\/v2\/product_tag?post=6204"}],"curies":[{"name":"wp","href":"https:\/\/api.w.org\/{rel}","templated":true}]}}