{"id":6206,"date":"2020-10-31T10:00:16","date_gmt":"2020-10-31T09:00:16","guid":{"rendered":"https:\/\/www.triopsgalaxy.de\/shop\/triops-spirulina-nourriture-pour-jeunes-animaux\/"},"modified":"2026-04-01T18:28:41","modified_gmt":"2026-04-01T16:28:41","slug":"triops-spirulina-nourriture-pour-jeunes-animaux","status":"publish","type":"product","link":"https:\/\/www.triopsgalaxy.de\/fr\/shop\/triops-spirulina-nourriture-pour-jeunes-animaux\/","title":{"rendered":"Triops Spirulina algues en poudre, nourriture pour jeunes animaux, 5 grammes"},"content":{"rendered":"<p>Les triops sont omnivores et ne sont pas difficiles quant au choix de la nourriture. Ils mangent toute la journ\u00e9e, creusent dans le sable \u00e0 la recherche de nourriture, grignotent des plantes et mangent aussi parfois leurs petits fr\u00e8res et s\u0153urs. Les triops sont connus pour leur cannibalisme.<\/p>\n<p>Ils ont un m\u00e9tabolisme tr\u00e8s rapide, de sorte que malgr\u00e9 la nourriture naturelle d\u00e9j\u00e0 pr\u00e9sente dans l&rsquo;aquarium, ils doivent \u00eatre nourris par le propri\u00e9taire. Certaines choses importantes doivent \u00eatre observ\u00e9es, en particulier dans les premiers jours suivant l&rsquo;\u00e9closion. Durant les premiers jours de leur vie, les crabes pr\u00e9historiques n&rsquo;ont pas de dents pour r\u00e9duire la taille de la nourriture, de sorte qu&rsquo;ils se nourrissent \u00e0 travers le sac vitellin. Ils tirent leur nourriture des bact\u00e9ries et des nutriments contenus dans l&rsquo;eau. C&rsquo;est pourquoi il ne faut pas utiliser uniquement de l&rsquo;eau distill\u00e9e pour l&rsquo;\u00e9levage, mais un m\u00e9lange de 70 pour cent d&rsquo;eau distill\u00e9e et de 30 pour cent d&rsquo;eau min\u00e9rale plate. Environ 48 heures apr\u00e8s l&rsquo;\u00e9closion, les triops sont nourris pour la premi\u00e8re fois. Pour cela, une pointe de cure-dent de la nourriture pour jeunes animaux (poudre de spiruline) suffit amplement.<\/p>\n<p>Il convient d&rsquo;\u00eatre particuli\u00e8rement vigilant, surtout dans les premiers jours suivant l&rsquo;\u00e9closion. Les nauplius fra\u00eechement \u00e9clos ne disposent pas encore d&rsquo;appareils buccaux pleinement d\u00e9velopp\u00e9s et ne peuvent pas ing\u00e9rer d&rsquo;aliments solides. Au lieu de cela, ils se nourrissent d&rsquo;abord de leur sac vitellin ainsi que des micro-organismes les plus fins pr\u00e9sents dans l&rsquo;eau. C&rsquo;est pourquoi la composition de l&rsquo;eau joue un r\u00f4le d\u00e9cisif : un m\u00e9lange compos\u00e9 d&rsquo;environ 70 % d&rsquo;eau distill\u00e9e et de 30 % d&rsquo;eau min\u00e9rale plate a fait ses preuves, car il fournit suffisamment de min\u00e9raux et de micro-organismes sans trop polluer l&rsquo;eau.<\/p>\n<p>L&rsquo;alimentation active commence environ 48 heures apr\u00e8s l&rsquo;\u00e9closion. \u00c0 ce stade, moins c&rsquo;est mieux : une quantit\u00e9 minimale \u2013 par exemple, une pointe de cure-dent de poudre de spiruline \u2013 suffit amplement. Une suralimentation peut rapidement perturber le fragile \u00e9quilibre de l&rsquo;eau et entra\u00eener un manque d&rsquo;oxyg\u00e8ne ou une prolif\u00e9ration bact\u00e9rienne, ce qui est particuli\u00e8rement dangereux pour les jeunes poissons.<\/p>\n<p>\u00c0 mesure que les triops grandissent, les options alimentaires s&rsquo;\u00e9largissent consid\u00e9rablement. Outre la spiruline, on peut ensuite leur donner des aliments en poudre fine, des b\u00e2tonnets alimentaires broy\u00e9s ou des aliments sp\u00e9ciaux pour l&rsquo;\u00e9levage. Les triops plus \u00e2g\u00e9s acceptent \u00e9galement des aliments plus grossiers, tels que des comprim\u00e9s alimentaires, des composants v\u00e9g\u00e9taux ou encore de petites prot\u00e9ines animales. Il est important de toujours respecter un dosage contr\u00f4l\u00e9 et d&rsquo;observer le comportement alimentaire afin de garantir la qualit\u00e9 de l&rsquo;eau et la sant\u00e9 des animaux \u00e0 long terme.<\/p>\n<p>Une alimentation \u00e9quilibr\u00e9e contribue de mani\u00e8re significative \u00e0 ce que les animaux se d\u00e9veloppent de mani\u00e8re optimale, grandissent plus rapidement et atteignent leur esp\u00e9rance de vie maximale. Parall\u00e8lement, une alimentation r\u00e9guli\u00e8re et adapt\u00e9e permet \u00e9galement de r\u00e9duire consid\u00e9rablement le risque de cannibalisme au sein du groupe.<\/p>\n<h2>Poudre d&rsquo;algues spiruline pour la sant\u00e9 des crustac\u00e9s primitifs<\/h2>\n<p>Notre nourriture pour jeunes animaux est parfaitement adapt\u00e9e pour fournir aux triops des substances nutritives optimales pendant les premiers jours de leur vie. La poudre a une teneur \u00e9lev\u00e9e en prot\u00e9ines (environ 60 pour cent) et en hydrates de carbone avec une teneur en mati\u00e8res grasses d&rsquo;environ 10 pour cent.<\/p>\n<p>Il est important de ne pas suralimenter les triops car, premi\u00e8rement, ils peuvent rapidement mourir de suralimentation et, deuxi\u00e8mement, un trouble de l&rsquo;eau peut appara\u00eetre. La nourriture non consomm\u00e9e entra\u00eene rapidement l&rsquo;apparition de bact\u00e9ries par putr\u00e9faction, ce qui a une influence n\u00e9gative sur la qualit\u00e9 de l&rsquo;eau. Une pointe de cure-dent de la nourriture suffit amplement. Il est possible soit de verser la nourriture directement \u00e0 la surface de l&rsquo;eau, soit de la m\u00e9langer \u00e0 l&rsquo;eau dans une \u00e9prouvette et de l&rsquo;extraire \u00e0 l&rsquo;aide d&rsquo;une pipette, puis d&rsquo;injecter le m\u00e9lange dans le bassin. La deuxi\u00e8me option pr\u00e9sente l&rsquo;avantage de r\u00e9partir la nourriture dans tout le bac, ce qui la rend plus facile \u00e0 trouver pour les triops.<\/p>\n<p>Comme elle est tr\u00e8s fine, la poudre d&rsquo;algues spiruline convient \u00e0 toutes les esp\u00e8ces de crustac\u00e9s primitifs ainsi qu&rsquo;aux crustac\u00e9s sal\u00e9s, aux crustac\u00e9s f\u00e9tides et aux coquillages.<\/p>\n<p>Avec la poudre de spiruline, vous cr\u00e9ez une base optimale pour des triops sains et vigoureux.<\/p>\n<h3>Ingr\u00e9dients:<\/h3>\n<p>Prot\u00e9ines brutes : 60%.<br \/>\nCendres brutes : 8%.<br \/>\nteneur en eau : 8%.<br \/>\nChlorophylle : 11-14 mg\/g<br \/>\ncarot\u00e9no\u00efdes : 4,0 &#8211; 5,5 mg\/g<br \/>\nphycocyanine : 12 &#8211; 19<\/p>\n<h3>Contenu de la livraison:<\/h3>\n<ul>\n<li><strong>1 x Sachet de poudre de spiruline<\/strong><strong><br \/>\n<\/strong><\/li>\n<\/ul>\n<p><strong>Aliment complet pour crustac\u00e9s pr\u00e9historiques<\/strong><br \/>\n<strong>Distributeur : Sladjan Lazic, Schaidlerstr. 14, 81379 M\u00fcnchen<\/strong><\/p>\n<div class=\"video video-fit mb\" style=\"padding-top:56.25%;\"><p><iframe loading=\"lazy\" title=\"[ANLEITUNG] Triops-F\u00fctterung mit Spirulina @TriopsGalaxy\" width=\"1020\" height=\"574\" src=\"https:\/\/www.youtube.com\/embed\/gFAgY8u-iTM?feature=oembed\" frameborder=\"0\" allow=\"accelerometer; autoplay; clipboard-write; encrypted-media; gyroscope; picture-in-picture; web-share\" allowfullscreen><\/iframe><\/p>\n<\/div>\n","protected":false},"excerpt":{"rendered":"<h3><span style=\"color: #50b848;\">En stock<\/span><\/h3>\n","protected":false},"featured_media":5408,"comment_status":"open","ping_status":"closed","template":"","meta":{"inline_featured_image":false},"product_brand":[],"product_cat":[206,208],"product_tag":[],"class_list":{"0":"post-6206","1":"product","2":"type-product","3":"status-publish","4":"has-post-thumbnail","6":"product_cat-nourriture","7":"product_cat-nourriture-pour-triops","8":"product_shipping_class-warenpost-fr","10":"first","11":"instock","12":"shipping-taxable","13":"purchasable","14":"product-type-simple"},"yoast_head":"<!-- This site is optimized with the Yoast SEO plugin v27.4 - https:\/\/yoast.com\/product\/yoast-seo-wordpress\/ -->\n<title>Nourriture pour triops \u00e0 partir de 2,99 \u20ac - Poudre d&#039;algues spiruline - Triops Galaxy<\/title>\n<meta name=\"description\" content=\"D\u00e9j\u00e0 \u00e0 partir de 2,99 \u20ac \u2705 Poudre d&#039;algues spiruline \u2705 Triops \u2705 Nourriture pour jeunes animaux \u2705 Crabes pr\u00e9historiques \u2705 Alimentation \u2705 \u00c9levage \u2705 \u00c9levage personnel \u270d\ufe0f Triops Galaxy\" \/>\n<meta name=\"robots\" content=\"index, follow, max-snippet:-1, max-image-preview:large, max-video-preview:-1\" \/>\n<link rel=\"canonical\" href=\"https:\/\/www.triopsgalaxy.de\/fr\/shop\/triops-spirulina-nourriture-pour-jeunes-animaux\/\" \/>\n<meta property=\"og:locale\" content=\"fr_FR\" \/>\n<meta property=\"og:type\" content=\"article\" \/>\n<meta property=\"og:title\" content=\"Nourriture pour triops \u00e0 partir de 2,99 \u20ac - Poudre d&#039;algues spiruline - Triops Galaxy\" \/>\n<meta property=\"og:description\" content=\"D\u00e9j\u00e0 \u00e0 partir de 2,99 \u20ac \u2705 Poudre d&#039;algues spiruline \u2705 Triops \u2705 Nourriture pour jeunes animaux \u2705 Crabes pr\u00e9historiques \u2705 Alimentation \u2705 \u00c9levage \u2705 \u00c9levage personnel \u270d\ufe0f Triops Galaxy\" \/>\n<meta property=\"og:url\" content=\"https:\/\/www.triopsgalaxy.de\/fr\/shop\/triops-spirulina-nourriture-pour-jeunes-animaux\/\" \/>\n<meta property=\"article:modified_time\" content=\"2026-04-01T16:28:41+00:00\" \/>\n<meta property=\"og:image\" content=\"https:\/\/www.triopsgalaxy.de\/wp-content\/uploads\/Produkt-Spirulinapulver-1.png\" \/>\n\t<meta property=\"og:image:width\" content=\"1000\" \/>\n\t<meta property=\"og:image:height\" content=\"1000\" \/>\n\t<meta property=\"og:image:type\" content=\"image\/png\" \/>\n<meta name=\"twitter:card\" content=\"summary_large_image\" \/>\n<meta name=\"twitter:label1\" content=\"Dur\u00e9e de lecture estim\u00e9e\" \/>\n\t<meta name=\"twitter:data1\" content=\"5 minutes\" \/>\n<script type=\"application\/ld+json\" class=\"yoast-schema-graph\">{\"@context\":\"https:\\\/\\\/schema.org\",\"@graph\":[{\"@type\":\"WebPage\",\"@id\":\"https:\\\/\\\/www.triopsgalaxy.de\\\/fr\\\/shop\\\/triops-spirulina-nourriture-pour-jeunes-animaux\\\/\",\"url\":\"https:\\\/\\\/www.triopsgalaxy.de\\\/fr\\\/shop\\\/triops-spirulina-nourriture-pour-jeunes-animaux\\\/\",\"name\":\"Nourriture pour triops \u00e0 partir de 2,99 \u20ac - Poudre d'algues spiruline - Triops Galaxy\",\"isPartOf\":{\"@id\":\"https:\\\/\\\/www.triopsgalaxy.de\\\/fr\\\/#website\"},\"primaryImageOfPage\":{\"@id\":\"https:\\\/\\\/www.triopsgalaxy.de\\\/fr\\\/shop\\\/triops-spirulina-nourriture-pour-jeunes-animaux\\\/#primaryimage\"},\"image\":{\"@id\":\"https:\\\/\\\/www.triopsgalaxy.de\\\/fr\\\/shop\\\/triops-spirulina-nourriture-pour-jeunes-animaux\\\/#primaryimage\"},\"thumbnailUrl\":\"https:\\\/\\\/www.triopsgalaxy.de\\\/wp-content\\\/uploads\\\/Produkt-Spirulinapulver-1.png\",\"datePublished\":\"2020-10-31T09:00:16+00:00\",\"dateModified\":\"2026-04-01T16:28:41+00:00\",\"description\":\"D\u00e9j\u00e0 \u00e0 partir de 2,99 \u20ac \u2705 Poudre d'algues spiruline \u2705 Triops \u2705 Nourriture pour jeunes animaux \u2705 Crabes pr\u00e9historiques \u2705 Alimentation \u2705 \u00c9levage \u2705 \u00c9levage personnel \u270d\ufe0f Triops Galaxy\",\"breadcrumb\":{\"@id\":\"https:\\\/\\\/www.triopsgalaxy.de\\\/fr\\\/shop\\\/triops-spirulina-nourriture-pour-jeunes-animaux\\\/#breadcrumb\"},\"inLanguage\":\"fr-FR\",\"potentialAction\":[{\"@type\":\"ReadAction\",\"target\":[\"https:\\\/\\\/www.triopsgalaxy.de\\\/fr\\\/shop\\\/triops-spirulina-nourriture-pour-jeunes-animaux\\\/\"]}]},{\"@type\":\"ImageObject\",\"inLanguage\":\"fr-FR\",\"@id\":\"https:\\\/\\\/www.triopsgalaxy.de\\\/fr\\\/shop\\\/triops-spirulina-nourriture-pour-jeunes-animaux\\\/#primaryimage\",\"url\":\"https:\\\/\\\/www.triopsgalaxy.de\\\/wp-content\\\/uploads\\\/Produkt-Spirulinapulver-1.png\",\"contentUrl\":\"https:\\\/\\\/www.triopsgalaxy.de\\\/wp-content\\\/uploads\\\/Produkt-Spirulinapulver-1.png\",\"width\":1000,\"height\":1000},{\"@type\":\"BreadcrumbList\",\"@id\":\"https:\\\/\\\/www.triopsgalaxy.de\\\/fr\\\/shop\\\/triops-spirulina-nourriture-pour-jeunes-animaux\\\/#breadcrumb\",\"itemListElement\":[{\"@type\":\"ListItem\",\"position\":1,\"name\":\"Startseite\",\"item\":\"https:\\\/\\\/www.triopsgalaxy.de\\\/fr\\\/\"},{\"@type\":\"ListItem\",\"position\":2,\"name\":\"Boutique\",\"item\":\"https:\\\/\\\/www.triopsgalaxy.de\\\/fr\\\/boutique\\\/\"},{\"@type\":\"ListItem\",\"position\":3,\"name\":\"Triops Spirulina algues en poudre, nourriture pour jeunes animaux, 5 grammes\"}]},{\"@type\":\"WebSite\",\"@id\":\"https:\\\/\\\/www.triopsgalaxy.de\\\/fr\\\/#website\",\"url\":\"https:\\\/\\\/www.triopsgalaxy.de\\\/fr\\\/\",\"name\":\"\",\"description\":\"\",\"potentialAction\":[{\"@type\":\"SearchAction\",\"target\":{\"@type\":\"EntryPoint\",\"urlTemplate\":\"https:\\\/\\\/www.triopsgalaxy.de\\\/fr\\\/?s={search_term_string}\"},\"query-input\":{\"@type\":\"PropertyValueSpecification\",\"valueRequired\":true,\"valueName\":\"search_term_string\"}}],\"inLanguage\":\"fr-FR\"}]}<\/script>\n<!-- \/ Yoast SEO plugin. -->","yoast_head_json":{"title":"Nourriture pour triops \u00e0 partir de 2,99 \u20ac - Poudre d'algues spiruline - Triops Galaxy","description":"D\u00e9j\u00e0 \u00e0 partir de 2,99 \u20ac \u2705 Poudre d'algues spiruline \u2705 Triops \u2705 Nourriture pour jeunes animaux \u2705 Crabes pr\u00e9historiques \u2705 Alimentation \u2705 \u00c9levage \u2705 \u00c9levage personnel \u270d\ufe0f Triops Galaxy","robots":{"index":"index","follow":"follow","max-snippet":"max-snippet:-1","max-image-preview":"max-image-preview:large","max-video-preview":"max-video-preview:-1"},"canonical":"https:\/\/www.triopsgalaxy.de\/fr\/shop\/triops-spirulina-nourriture-pour-jeunes-animaux\/","og_locale":"fr_FR","og_type":"article","og_title":"Nourriture pour triops \u00e0 partir de 2,99 \u20ac - Poudre d'algues spiruline - Triops Galaxy","og_description":"D\u00e9j\u00e0 \u00e0 partir de 2,99 \u20ac \u2705 Poudre d'algues spiruline \u2705 Triops \u2705 Nourriture pour jeunes animaux \u2705 Crabes pr\u00e9historiques \u2705 Alimentation \u2705 \u00c9levage \u2705 \u00c9levage personnel \u270d\ufe0f Triops Galaxy","og_url":"https:\/\/www.triopsgalaxy.de\/fr\/shop\/triops-spirulina-nourriture-pour-jeunes-animaux\/","article_modified_time":"2026-04-01T16:28:41+00:00","og_image":[{"width":1000,"height":1000,"url":"https:\/\/www.triopsgalaxy.de\/wp-content\/uploads\/Produkt-Spirulinapulver-1.png","type":"image\/png"}],"twitter_card":"summary_large_image","twitter_misc":{"Dur\u00e9e de lecture estim\u00e9e":"5 minutes"},"schema":{"@context":"https:\/\/schema.org","@graph":[{"@type":"WebPage","@id":"https:\/\/www.triopsgalaxy.de\/fr\/shop\/triops-spirulina-nourriture-pour-jeunes-animaux\/","url":"https:\/\/www.triopsgalaxy.de\/fr\/shop\/triops-spirulina-nourriture-pour-jeunes-animaux\/","name":"Nourriture pour triops \u00e0 partir de 2,99 \u20ac - Poudre d'algues spiruline - Triops Galaxy","isPartOf":{"@id":"https:\/\/www.triopsgalaxy.de\/fr\/#website"},"primaryImageOfPage":{"@id":"https:\/\/www.triopsgalaxy.de\/fr\/shop\/triops-spirulina-nourriture-pour-jeunes-animaux\/#primaryimage"},"image":{"@id":"https:\/\/www.triopsgalaxy.de\/fr\/shop\/triops-spirulina-nourriture-pour-jeunes-animaux\/#primaryimage"},"thumbnailUrl":"https:\/\/www.triopsgalaxy.de\/wp-content\/uploads\/Produkt-Spirulinapulver-1.png","datePublished":"2020-10-31T09:00:16+00:00","dateModified":"2026-04-01T16:28:41+00:00","description":"D\u00e9j\u00e0 \u00e0 partir de 2,99 \u20ac \u2705 Poudre d'algues spiruline \u2705 Triops \u2705 Nourriture pour jeunes animaux \u2705 Crabes pr\u00e9historiques \u2705 Alimentation \u2705 \u00c9levage \u2705 \u00c9levage personnel \u270d\ufe0f Triops Galaxy","breadcrumb":{"@id":"https:\/\/www.triopsgalaxy.de\/fr\/shop\/triops-spirulina-nourriture-pour-jeunes-animaux\/#breadcrumb"},"inLanguage":"fr-FR","potentialAction":[{"@type":"ReadAction","target":["https:\/\/www.triopsgalaxy.de\/fr\/shop\/triops-spirulina-nourriture-pour-jeunes-animaux\/"]}]},{"@type":"ImageObject","inLanguage":"fr-FR","@id":"https:\/\/www.triopsgalaxy.de\/fr\/shop\/triops-spirulina-nourriture-pour-jeunes-animaux\/#primaryimage","url":"https:\/\/www.triopsgalaxy.de\/wp-content\/uploads\/Produkt-Spirulinapulver-1.png","contentUrl":"https:\/\/www.triopsgalaxy.de\/wp-content\/uploads\/Produkt-Spirulinapulver-1.png","width":1000,"height":1000},{"@type":"BreadcrumbList","@id":"https:\/\/www.triopsgalaxy.de\/fr\/shop\/triops-spirulina-nourriture-pour-jeunes-animaux\/#breadcrumb","itemListElement":[{"@type":"ListItem","position":1,"name":"Startseite","item":"https:\/\/www.triopsgalaxy.de\/fr\/"},{"@type":"ListItem","position":2,"name":"Boutique","item":"https:\/\/www.triopsgalaxy.de\/fr\/boutique\/"},{"@type":"ListItem","position":3,"name":"Triops Spirulina algues en poudre, nourriture pour jeunes animaux, 5 grammes"}]},{"@type":"WebSite","@id":"https:\/\/www.triopsgalaxy.de\/fr\/#website","url":"https:\/\/www.triopsgalaxy.de\/fr\/","name":"","description":"","potentialAction":[{"@type":"SearchAction","target":{"@type":"EntryPoint","urlTemplate":"https:\/\/www.triopsgalaxy.de\/fr\/?s={search_term_string}"},"query-input":{"@type":"PropertyValueSpecification","valueRequired":true,"valueName":"search_term_string"}}],"inLanguage":"fr-FR"}]}},"_links":{"self":[{"href":"https:\/\/www.triopsgalaxy.de\/fr\/wp-json\/wp\/v2\/product\/6206","targetHints":{"allow":["GET"]}}],"collection":[{"href":"https:\/\/www.triopsgalaxy.de\/fr\/wp-json\/wp\/v2\/product"}],"about":[{"href":"https:\/\/www.triopsgalaxy.de\/fr\/wp-json\/wp\/v2\/types\/product"}],"replies":[{"embeddable":true,"href":"https:\/\/www.triopsgalaxy.de\/fr\/wp-json\/wp\/v2\/comments?post=6206"}],"wp:featuredmedia":[{"embeddable":true,"href":"https:\/\/www.triopsgalaxy.de\/fr\/wp-json\/wp\/v2\/media\/5408"}],"wp:attachment":[{"href":"https:\/\/www.triopsgalaxy.de\/fr\/wp-json\/wp\/v2\/media?parent=6206"}],"wp:term":[{"taxonomy":"product_brand","embeddable":true,"href":"https:\/\/www.triopsgalaxy.de\/fr\/wp-json\/wp\/v2\/product_brand?post=6206"},{"taxonomy":"product_cat","embeddable":true,"href":"https:\/\/www.triopsgalaxy.de\/fr\/wp-json\/wp\/v2\/product_cat?post=6206"},{"taxonomy":"product_tag","embeddable":true,"href":"https:\/\/www.triopsgalaxy.de\/fr\/wp-json\/wp\/v2\/product_tag?post=6206"}],"curies":[{"name":"wp","href":"https:\/\/api.w.org\/{rel}","templated":true}]}}