{"id":6215,"date":"2022-04-21T10:00:04","date_gmt":"2022-04-21T08:00:04","guid":{"rendered":"https:\/\/www.triopsgalaxy.de\/shop\/triops-longicaudatus-rouge-starterpack-maxi\/"},"modified":"2026-04-02T08:21:56","modified_gmt":"2026-04-02T06:21:56","slug":"triops-longicaudatus-rouge-starterpack-maxi","status":"publish","type":"product","link":"https:\/\/www.triopsgalaxy.de\/fr\/shop\/triops-longicaudatus-rouge-starterpack-maxi\/","title":{"rendered":"Triops longicaudatus rouge &#8211; Kit de d\u00e9marrage maxi &#8211; \u0152ufs compt\u00e9s un par un"},"content":{"rendered":"<h1>\u00c9levez d\u00e8s MAINTENANT cette fascinante esp\u00e8ce albinos du Triops longicaudatus<\/h1>\n<p>Gr\u00e2ce \u00e0 l&rsquo;\u00e9levage de triops, vos enfants d\u00e9veloppent le sens des responsabilit\u00e9s en s&rsquo;occupant d&rsquo;un \u00eatre vivant, de l&rsquo;\u00e9closion jusqu&rsquo;\u00e0 la fin de sa vie. Comme les triops ont une dur\u00e9e de vie tr\u00e8s courte, les enfants ne s&rsquo;y attachent pas trop, contrairement \u00e0 ce qui se passe avec d&rsquo;autres animaux. Le Triops longicaudatus Red est un magnifique sp\u00e9cimen parmi les Triops. C&rsquo;est un d\u00e9faut g\u00e9n\u00e9tique qui lui conf\u00e8re sa couleur rouge, due \u00e0 son propre sang. Le Triops longicaudatus Red est une esp\u00e8ce albinos du Triops longicaudatus. Comme le \u00ab Triops Red \u00bb ne se trouve qu&rsquo;en \u00e9levage en aquarium, on le cherchera en vain dans la nature. Le Triops longicaudatus Red est apparent\u00e9 au Triops longicaudatus et peut \u00eatre \u00e9lev\u00e9 avec ce dernier dans un m\u00eame bac.<\/p>\n<p>Les femelles Triops commencent alors \u00e0 pondre leurs \u0153ufs dans le sable. Plus pr\u00e9cis\u00e9ment, elles les enfouissent dans le sable. Lorsque la derni\u00e8re population de triops a disparu, vous pouvez faire s\u00e9cher les \u0153ufs, les congeler et les utiliser pour un nouvel \u00e9levage. Les Triops longicaudatus se sentent bien \u00e0 une temp\u00e9rature d\u2019environ 25 \u00b0C et peuvent \u00eatre \u00e9lev\u00e9s dans de l\u2019eau min\u00e9rale plate, de l\u2019eau distill\u00e9e ou de l\u2019eau de rivi\u00e8re et de mer.<\/p>\n<h2>\u00c0 qui s&rsquo;adresse ce kit de d\u00e9marrage ?<\/h2>\n<p>Le kit de d\u00e9marrage maxi Triops longicaudatus Red convient aussi bien aux d\u00e9butants qu&rsquo;aux \u00e9leveurs de triops exp\u00e9riment\u00e9s. Il est \u00e9galement adapt\u00e9 aux \u00e9coles, aux universit\u00e9s et aux autres \u00e9tablissements d&rsquo;enseignement. Les familles avec enfants, les passionn\u00e9s de sciences naturelles et les biologistes amateurs appr\u00e9cient tout autant notre kit de d\u00e9marrage.<\/p>\n<h3>Notre garantie de qualit\u00e9 : des \u0153ufs compt\u00e9s individuellement dans les kits d&rsquo;\u00e9levage<\/h3>\n<p>Alors que de nombreux autres kits d&rsquo;\u00e9levage de triops disponibles sur le march\u00e9 indiquent des quantit\u00e9s approximatives et qu&rsquo;il est impossible de d\u00e9terminer avec pr\u00e9cision le nombre d&rsquo;\u0153ufs qu&rsquo;ils contiennent, Triops Galaxy garantit que tous ses kits d&rsquo;\u00e9levage, qu&rsquo;ils en contiennent 50, 150 ou 300, contiennent au minimum la quantit\u00e9 d&rsquo;\u0153ufs indiqu\u00e9e. Ceci est assur\u00e9 par notre proc\u00e9d\u00e9 sp\u00e9cial et le comptage manuel des \u0153ufs de triops. Ainsi, le nombre d\u2019\u0153ufs de triops est garanti et non estim\u00e9, ce qui est souvent le cas avec les kits de triops disponibles dans le commerce.<\/p>\n<p>Revivez la pr\u00e9histoire avec vos enfants \u2013 dans votre salon !<\/p>\n<h3>Comment nourrit-on les triops ?<\/h3>\n<p>Les triops qui viennent d&rsquo;\u00e9clore n&rsquo;ont pas encore d&rsquo;appareils buccaux compl\u00e8tement d\u00e9velopp\u00e9s et ne peuvent pas ing\u00e9rer d&rsquo;aliments solides. Ils se nourrissent d&rsquo;abord de leur sac vitellin ainsi que de bact\u00e9ries, de micro-organismes et de nutriments dissous dans l&rsquo;eau. C&rsquo;est pourquoi il est important de disposer d&rsquo;une eau de qualit\u00e9 afin d&rsquo;offrir aux animaux des conditions optimales d\u00e8s le d\u00e9but.<\/p>\n<p>La premi\u00e8re alimentation active commence environ 48 heures apr\u00e8s l&rsquo;\u00e9closion. Il est essentiel de respecter un dosage tr\u00e8s faible : une pointe de cure-dent de poudre de spiruline suffit amplement pour nourrir les jeunes triops. Cette fine poudre d&rsquo;algues est facile \u00e0 dig\u00e9rer et parfaitement adapt\u00e9e aux besoins des jeunes triops. Il faut absolument \u00e9viter de les suralimenter, car un exc\u00e8s de nourriture peut rapidement d\u00e9t\u00e9riorer la qualit\u00e9 de l&rsquo;eau et mettre en danger ces animaux fragiles.<\/p>\n<h2>Portrait de Triops longicaudatus Red:<\/h2>\n<p>Embranchement : arthropodes (Arthropoda)<br \/>\nSous-embranchement : Crustac\u00e9s (Crustacea)<br \/>\nTaille : 5 \u00e0 7 cm<br \/>\nDur\u00e9e de vie : env. 60 \u00e0 90 jours<br \/>\nHabitat : eau douce<br \/>\nTemp\u00e9rature : 25 \u00e0 28\u00b0 C<\/p>\n<h3>Contenu de la livraison:<\/h3>\n<ul>\n<li><strong>1 x m\u00e9lange d&rsquo;\u0153ufs et de sable<\/strong><\/li>\n<li><strong>1 x sachet de spiruline en poudre<\/strong><\/li>\n<li><strong>1 x sachet d&rsquo;\u0153ufs d&rsquo;art\u00e9mias d\u00e9capsul\u00e9s (nourriture pour jeunes animaux)<\/strong><\/li>\n<li><strong>1 x sachet d&rsquo;aliment principal<\/strong><\/li>\n<li><strong>1 x sachet de morceaux de feuilles d&rsquo;amandier de mer s\u00e9ch\u00e9es<\/strong><\/li>\n<li><strong>Les instructions d&rsquo;\u00e9levage ne sont d\u00e9lib\u00e9r\u00e9ment pas fournies sous forme papier. Vous b\u00e9n\u00e9ficiez d&rsquo;un acc\u00e8s exclusif \u00e0 nos instructions d&rsquo;\u00e9levage num\u00e9riques. Il vous suffit de scanner le code QR figurant sur l&rsquo;\u00e9tiquette ou de <a href=\"https:\/\/www.triopsgalaxy.de\/wp-content\/uploads\/Breeding-Guide.pdf\" target=\"_blank\" rel=\"noopener\">CLIQUER ICI<\/a> ! <\/strong>Sur demande, nous vous enverrons gratuitement des instructions imprim\u00e9es. Veuillez l&rsquo;indiquer dans les commentaires lors de votre commande.<\/li>\n<\/ul>\n<div class=\"video video-fit mb\" style=\"padding-top:56.25%;\"><p><iframe loading=\"lazy\" title=\"? ? Triops longicaudatus Red 3 Wochen alt legt Eier ab\" width=\"1020\" height=\"574\" src=\"https:\/\/www.youtube.com\/embed\/atSGOCJLbYY?feature=oembed\" frameborder=\"0\" allow=\"accelerometer; autoplay; clipboard-write; encrypted-media; gyroscope; picture-in-picture; web-share\" allowfullscreen><\/iframe><\/p>\n<\/div>\n<div class=\"video video-fit mb\" style=\"padding-top:56.25%;\"><p><iframe loading=\"lazy\" title=\"Triops longicaudatus Red 10 Tage alt + NEUES E-BOOK ?\" width=\"1020\" height=\"574\" src=\"https:\/\/www.youtube.com\/embed\/slSQB2yleEE?feature=oembed\" frameborder=\"0\" allow=\"accelerometer; autoplay; clipboard-write; encrypted-media; gyroscope; picture-in-picture; web-share\" allowfullscreen><\/iframe><\/p>\n<\/div>\n","protected":false},"excerpt":{"rendered":"<h3><span style=\"color: #50b848;\">En stock<\/span><\/h3>\n","protected":false},"featured_media":14262,"comment_status":"open","ping_status":"closed","template":"","meta":{"inline_featured_image":false},"product_brand":[],"product_cat":[216,220],"product_tag":[],"class_list":{"0":"post-6215","1":"product","2":"type-product","3":"status-publish","4":"has-post-thumbnail","6":"product_cat-les-triops","7":"product_cat-triops-longicaudatus-rouge","8":"product_shipping_class-warenpost-fr","10":"first","11":"instock","12":"shipping-taxable","13":"purchasable","14":"product-type-variable"},"yoast_head":"<!-- This site is optimized with the Yoast SEO plugin v27.4 - https:\/\/yoast.com\/product\/yoast-seo-wordpress\/ -->\n<title>Starterpack \u00e0 partir de 19,99 \u20ac (\u0152ufs compt\u00e9s un par un) - Kit de d\u00e9marrage maxi - Triops Galaxy<\/title>\n<meta name=\"description\" content=\"D\u00e9j\u00e0 \u00e0 partir de 19,99 \u20ac \u2705 Triops Red longicaudatus \u2705 \u0152ufs compt\u00e9s un par un \u2705 Crabes pr\u00e9historiques \u2705 Kit pour d\u00e9butants \u2705 \u0152ufs de Triops \u270d\ufe0f Triops Galaxy\" \/>\n<meta name=\"robots\" content=\"index, follow, max-snippet:-1, max-image-preview:large, max-video-preview:-1\" \/>\n<link rel=\"canonical\" href=\"https:\/\/www.triopsgalaxy.de\/fr\/shop\/triops-longicaudatus-rouge-starterpack-maxi\/\" \/>\n<meta property=\"og:locale\" content=\"fr_FR\" \/>\n<meta property=\"og:type\" content=\"article\" \/>\n<meta property=\"og:title\" content=\"Starterpack \u00e0 partir de 19,99 \u20ac (\u0152ufs compt\u00e9s un par un) - Kit de d\u00e9marrage maxi - Triops Galaxy\" \/>\n<meta property=\"og:description\" content=\"D\u00e9j\u00e0 \u00e0 partir de 19,99 \u20ac \u2705 Triops Red longicaudatus \u2705 \u0152ufs compt\u00e9s un par un \u2705 Crabes pr\u00e9historiques \u2705 Kit pour d\u00e9butants \u2705 \u0152ufs de Triops \u270d\ufe0f Triops Galaxy\" \/>\n<meta property=\"og:url\" content=\"https:\/\/www.triopsgalaxy.de\/fr\/shop\/triops-longicaudatus-rouge-starterpack-maxi\/\" \/>\n<meta property=\"article:modified_time\" content=\"2026-04-02T06:21:56+00:00\" \/>\n<meta property=\"og:image\" content=\"https:\/\/www.triopsgalaxy.de\/wp-content\/uploads\/2025_Triops-Starterpack_maxi_red.png\" \/>\n\t<meta property=\"og:image:width\" content=\"1000\" \/>\n\t<meta property=\"og:image:height\" content=\"1000\" \/>\n\t<meta property=\"og:image:type\" content=\"image\/png\" \/>\n<meta name=\"twitter:card\" content=\"summary_large_image\" \/>\n<meta name=\"twitter:label1\" content=\"Dur\u00e9e de lecture estim\u00e9e\" \/>\n\t<meta name=\"twitter:data1\" content=\"4 minutes\" \/>\n<script type=\"application\/ld+json\" class=\"yoast-schema-graph\">{\"@context\":\"https:\\\/\\\/schema.org\",\"@graph\":[{\"@type\":\"WebPage\",\"@id\":\"https:\\\/\\\/www.triopsgalaxy.de\\\/fr\\\/shop\\\/triops-longicaudatus-rouge-starterpack-maxi\\\/\",\"url\":\"https:\\\/\\\/www.triopsgalaxy.de\\\/fr\\\/shop\\\/triops-longicaudatus-rouge-starterpack-maxi\\\/\",\"name\":\"Starterpack \u00e0 partir de 19,99 \u20ac (\u0152ufs compt\u00e9s un par un) - Kit de d\u00e9marrage maxi - Triops Galaxy\",\"isPartOf\":{\"@id\":\"https:\\\/\\\/www.triopsgalaxy.de\\\/fr\\\/#website\"},\"primaryImageOfPage\":{\"@id\":\"https:\\\/\\\/www.triopsgalaxy.de\\\/fr\\\/shop\\\/triops-longicaudatus-rouge-starterpack-maxi\\\/#primaryimage\"},\"image\":{\"@id\":\"https:\\\/\\\/www.triopsgalaxy.de\\\/fr\\\/shop\\\/triops-longicaudatus-rouge-starterpack-maxi\\\/#primaryimage\"},\"thumbnailUrl\":\"https:\\\/\\\/www.triopsgalaxy.de\\\/wp-content\\\/uploads\\\/2025_Triops-Starterpack_maxi_red.png\",\"datePublished\":\"2022-04-21T08:00:04+00:00\",\"dateModified\":\"2026-04-02T06:21:56+00:00\",\"description\":\"D\u00e9j\u00e0 \u00e0 partir de 19,99 \u20ac \u2705 Triops Red longicaudatus \u2705 \u0152ufs compt\u00e9s un par un \u2705 Crabes pr\u00e9historiques \u2705 Kit pour d\u00e9butants \u2705 \u0152ufs de Triops \u270d\ufe0f Triops Galaxy\",\"breadcrumb\":{\"@id\":\"https:\\\/\\\/www.triopsgalaxy.de\\\/fr\\\/shop\\\/triops-longicaudatus-rouge-starterpack-maxi\\\/#breadcrumb\"},\"inLanguage\":\"fr-FR\",\"potentialAction\":[{\"@type\":\"ReadAction\",\"target\":[\"https:\\\/\\\/www.triopsgalaxy.de\\\/fr\\\/shop\\\/triops-longicaudatus-rouge-starterpack-maxi\\\/\"]}]},{\"@type\":\"ImageObject\",\"inLanguage\":\"fr-FR\",\"@id\":\"https:\\\/\\\/www.triopsgalaxy.de\\\/fr\\\/shop\\\/triops-longicaudatus-rouge-starterpack-maxi\\\/#primaryimage\",\"url\":\"https:\\\/\\\/www.triopsgalaxy.de\\\/wp-content\\\/uploads\\\/2025_Triops-Starterpack_maxi_red.png\",\"contentUrl\":\"https:\\\/\\\/www.triopsgalaxy.de\\\/wp-content\\\/uploads\\\/2025_Triops-Starterpack_maxi_red.png\",\"width\":1000,\"height\":1000},{\"@type\":\"BreadcrumbList\",\"@id\":\"https:\\\/\\\/www.triopsgalaxy.de\\\/fr\\\/shop\\\/triops-longicaudatus-rouge-starterpack-maxi\\\/#breadcrumb\",\"itemListElement\":[{\"@type\":\"ListItem\",\"position\":1,\"name\":\"Startseite\",\"item\":\"https:\\\/\\\/www.triopsgalaxy.de\\\/fr\\\/\"},{\"@type\":\"ListItem\",\"position\":2,\"name\":\"Boutique\",\"item\":\"https:\\\/\\\/www.triopsgalaxy.de\\\/fr\\\/boutique\\\/\"},{\"@type\":\"ListItem\",\"position\":3,\"name\":\"Triops longicaudatus rouge &#8211; Kit de d\u00e9marrage maxi &#8211; \u0152ufs compt\u00e9s un par un\"}]},{\"@type\":\"WebSite\",\"@id\":\"https:\\\/\\\/www.triopsgalaxy.de\\\/fr\\\/#website\",\"url\":\"https:\\\/\\\/www.triopsgalaxy.de\\\/fr\\\/\",\"name\":\"\",\"description\":\"\",\"potentialAction\":[{\"@type\":\"SearchAction\",\"target\":{\"@type\":\"EntryPoint\",\"urlTemplate\":\"https:\\\/\\\/www.triopsgalaxy.de\\\/fr\\\/?s={search_term_string}\"},\"query-input\":{\"@type\":\"PropertyValueSpecification\",\"valueRequired\":true,\"valueName\":\"search_term_string\"}}],\"inLanguage\":\"fr-FR\"}]}<\/script>\n<!-- \/ Yoast SEO plugin. -->","yoast_head_json":{"title":"Starterpack \u00e0 partir de 19,99 \u20ac (\u0152ufs compt\u00e9s un par un) - Kit de d\u00e9marrage maxi - Triops Galaxy","description":"D\u00e9j\u00e0 \u00e0 partir de 19,99 \u20ac \u2705 Triops Red longicaudatus \u2705 \u0152ufs compt\u00e9s un par un \u2705 Crabes pr\u00e9historiques \u2705 Kit pour d\u00e9butants \u2705 \u0152ufs de Triops \u270d\ufe0f Triops Galaxy","robots":{"index":"index","follow":"follow","max-snippet":"max-snippet:-1","max-image-preview":"max-image-preview:large","max-video-preview":"max-video-preview:-1"},"canonical":"https:\/\/www.triopsgalaxy.de\/fr\/shop\/triops-longicaudatus-rouge-starterpack-maxi\/","og_locale":"fr_FR","og_type":"article","og_title":"Starterpack \u00e0 partir de 19,99 \u20ac (\u0152ufs compt\u00e9s un par un) - Kit de d\u00e9marrage maxi - Triops Galaxy","og_description":"D\u00e9j\u00e0 \u00e0 partir de 19,99 \u20ac \u2705 Triops Red longicaudatus \u2705 \u0152ufs compt\u00e9s un par un \u2705 Crabes pr\u00e9historiques \u2705 Kit pour d\u00e9butants \u2705 \u0152ufs de Triops \u270d\ufe0f Triops Galaxy","og_url":"https:\/\/www.triopsgalaxy.de\/fr\/shop\/triops-longicaudatus-rouge-starterpack-maxi\/","article_modified_time":"2026-04-02T06:21:56+00:00","og_image":[{"width":1000,"height":1000,"url":"https:\/\/www.triopsgalaxy.de\/wp-content\/uploads\/2025_Triops-Starterpack_maxi_red.png","type":"image\/png"}],"twitter_card":"summary_large_image","twitter_misc":{"Dur\u00e9e de lecture estim\u00e9e":"4 minutes"},"schema":{"@context":"https:\/\/schema.org","@graph":[{"@type":"WebPage","@id":"https:\/\/www.triopsgalaxy.de\/fr\/shop\/triops-longicaudatus-rouge-starterpack-maxi\/","url":"https:\/\/www.triopsgalaxy.de\/fr\/shop\/triops-longicaudatus-rouge-starterpack-maxi\/","name":"Starterpack \u00e0 partir de 19,99 \u20ac (\u0152ufs compt\u00e9s un par un) - Kit de d\u00e9marrage maxi - Triops Galaxy","isPartOf":{"@id":"https:\/\/www.triopsgalaxy.de\/fr\/#website"},"primaryImageOfPage":{"@id":"https:\/\/www.triopsgalaxy.de\/fr\/shop\/triops-longicaudatus-rouge-starterpack-maxi\/#primaryimage"},"image":{"@id":"https:\/\/www.triopsgalaxy.de\/fr\/shop\/triops-longicaudatus-rouge-starterpack-maxi\/#primaryimage"},"thumbnailUrl":"https:\/\/www.triopsgalaxy.de\/wp-content\/uploads\/2025_Triops-Starterpack_maxi_red.png","datePublished":"2022-04-21T08:00:04+00:00","dateModified":"2026-04-02T06:21:56+00:00","description":"D\u00e9j\u00e0 \u00e0 partir de 19,99 \u20ac \u2705 Triops Red longicaudatus \u2705 \u0152ufs compt\u00e9s un par un \u2705 Crabes pr\u00e9historiques \u2705 Kit pour d\u00e9butants \u2705 \u0152ufs de Triops \u270d\ufe0f Triops Galaxy","breadcrumb":{"@id":"https:\/\/www.triopsgalaxy.de\/fr\/shop\/triops-longicaudatus-rouge-starterpack-maxi\/#breadcrumb"},"inLanguage":"fr-FR","potentialAction":[{"@type":"ReadAction","target":["https:\/\/www.triopsgalaxy.de\/fr\/shop\/triops-longicaudatus-rouge-starterpack-maxi\/"]}]},{"@type":"ImageObject","inLanguage":"fr-FR","@id":"https:\/\/www.triopsgalaxy.de\/fr\/shop\/triops-longicaudatus-rouge-starterpack-maxi\/#primaryimage","url":"https:\/\/www.triopsgalaxy.de\/wp-content\/uploads\/2025_Triops-Starterpack_maxi_red.png","contentUrl":"https:\/\/www.triopsgalaxy.de\/wp-content\/uploads\/2025_Triops-Starterpack_maxi_red.png","width":1000,"height":1000},{"@type":"BreadcrumbList","@id":"https:\/\/www.triopsgalaxy.de\/fr\/shop\/triops-longicaudatus-rouge-starterpack-maxi\/#breadcrumb","itemListElement":[{"@type":"ListItem","position":1,"name":"Startseite","item":"https:\/\/www.triopsgalaxy.de\/fr\/"},{"@type":"ListItem","position":2,"name":"Boutique","item":"https:\/\/www.triopsgalaxy.de\/fr\/boutique\/"},{"@type":"ListItem","position":3,"name":"Triops longicaudatus rouge &#8211; Kit de d\u00e9marrage maxi &#8211; \u0152ufs compt\u00e9s un par un"}]},{"@type":"WebSite","@id":"https:\/\/www.triopsgalaxy.de\/fr\/#website","url":"https:\/\/www.triopsgalaxy.de\/fr\/","name":"","description":"","potentialAction":[{"@type":"SearchAction","target":{"@type":"EntryPoint","urlTemplate":"https:\/\/www.triopsgalaxy.de\/fr\/?s={search_term_string}"},"query-input":{"@type":"PropertyValueSpecification","valueRequired":true,"valueName":"search_term_string"}}],"inLanguage":"fr-FR"}]}},"_links":{"self":[{"href":"https:\/\/www.triopsgalaxy.de\/fr\/wp-json\/wp\/v2\/product\/6215","targetHints":{"allow":["GET"]}}],"collection":[{"href":"https:\/\/www.triopsgalaxy.de\/fr\/wp-json\/wp\/v2\/product"}],"about":[{"href":"https:\/\/www.triopsgalaxy.de\/fr\/wp-json\/wp\/v2\/types\/product"}],"replies":[{"embeddable":true,"href":"https:\/\/www.triopsgalaxy.de\/fr\/wp-json\/wp\/v2\/comments?post=6215"}],"wp:featuredmedia":[{"embeddable":true,"href":"https:\/\/www.triopsgalaxy.de\/fr\/wp-json\/wp\/v2\/media\/14262"}],"wp:attachment":[{"href":"https:\/\/www.triopsgalaxy.de\/fr\/wp-json\/wp\/v2\/media?parent=6215"}],"wp:term":[{"taxonomy":"product_brand","embeddable":true,"href":"https:\/\/www.triopsgalaxy.de\/fr\/wp-json\/wp\/v2\/product_brand?post=6215"},{"taxonomy":"product_cat","embeddable":true,"href":"https:\/\/www.triopsgalaxy.de\/fr\/wp-json\/wp\/v2\/product_cat?post=6215"},{"taxonomy":"product_tag","embeddable":true,"href":"https:\/\/www.triopsgalaxy.de\/fr\/wp-json\/wp\/v2\/product_tag?post=6215"}],"curies":[{"name":"wp","href":"https:\/\/api.w.org\/{rel}","templated":true}]}}