{"id":6231,"date":"2022-04-21T10:00:09","date_gmt":"2022-04-21T08:00:09","guid":{"rendered":"https:\/\/www.triopsgalaxy.de\/shop\/triops-longicaudatus-rouge-starterpack\/"},"modified":"2026-04-02T14:10:07","modified_gmt":"2026-04-02T12:10:07","slug":"triops-longicaudatus-rouge-starterpack","status":"publish","type":"product","link":"https:\/\/www.triopsgalaxy.de\/fr\/shop\/triops-longicaudatus-rouge-starterpack\/","title":{"rendered":"Triops longicaudatus rouge &#8211; Kit de d\u00e9marrage &#8211; \u0152ufs compt\u00e9s un par un"},"content":{"rendered":"<h1>Triops longicaudatus Red : une exp\u00e9rience pr\u00e9historique issue d&rsquo;un \u00e9levage local<\/h1>\n<p>Les triops exercent depuis toujours une fascination particuli\u00e8re sur les enfants. Leur \u00e9levage permet d&rsquo;accompagner un \u00eatre vivant tout au long de son cycle de vie et, ce faisant, de d\u00e9velopper le sens des responsabilit\u00e9s, l&rsquo;attention et le respect de la nature. Gr\u00e2ce \u00e0 leur dur\u00e9e de vie raisonnable, pouvant aller jusqu&rsquo;\u00e0 trois mois, un lien adapt\u00e9 \u00e0 l&rsquo;\u00e2ge de l&rsquo;enfant se cr\u00e9e, mettant l&rsquo;accent sur l&rsquo;apprentissage et l&rsquo;observation sans le surcharger.<\/p>\n<p>Le Triops longicaudatus Red, \u00e9galement connu sous le nom de Triops-Red longicaudatus, est une variante particuli\u00e8rement impressionnante. Sa couleur rouge exceptionnelle est le r\u00e9sultat d&rsquo;une particularit\u00e9 g\u00e9n\u00e9tique (forme albinos) qui rend visible la couleur rouge du sang. Cette forme existe exclusivement en \u00e9levage contr\u00f4l\u00e9 en aquarium et n&rsquo;est pas pr\u00e9sente dans la nature. Le lot propos\u00e9 ici provient d&rsquo;un \u00e9levage local et est obtenu dans des conditions soigneusement contr\u00f4l\u00e9es. En raison de leur \u00e9troite parent\u00e9 avec le Triops longicaudatus classique, les deux vari\u00e9t\u00e9s peuvent \u00eatre \u00e9lev\u00e9es ensemble sans probl\u00e8me dans un aquarium.<\/p>\n<p>Au bout d&rsquo;environ 14 jours, les femelles atteignent leur maturit\u00e9 sexuelle et commencent \u00e0 enfouir leurs \u0153ufs de mani\u00e8re cibl\u00e9e dans le sable du fond. \u00c0 la fin de la vie naturelle des animaux, le m\u00e9lange d&rsquo;\u0153ufs et de sable est conserv\u00e9. Celui-ci peut \u00eatre s\u00e9ch\u00e9 avec les enfants, congel\u00e9, puis r\u00e9utilis\u00e9 ult\u00e9rieurement pour l&rsquo;\u00e9levage. Ainsi, une exp\u00e9rience unique se transforme en un cycle r\u00e9current qui perdure depuis des millions d&rsquo;ann\u00e9es.<\/p>\n<p>Gr\u00e2ce \u00e0 la croissance rapide des triops, l&rsquo;aquarium \u00e9volue constamment et offre sans cesse de nouvelles possibilit\u00e9s d&rsquo;observation. Les Triops longicaudatus Red se sentent particuli\u00e8rement \u00e0 l&rsquo;aise \u00e0 des temp\u00e9ratures avoisinant les 25 \u00b0C et peuvent \u00eatre \u00e9lev\u00e9s dans diverses conditions.<\/p>\n<h2>\u00c9levage local avec des \u0153ufs compt\u00e9s un par un<\/h2>\n<p>L&rsquo;un des principaux gages de qualit\u00e9 de cette m\u00e9thode d&rsquo;\u00e9levage r\u00e9side dans le comptage minutieux des \u0153ufs de triops contenus dans le lot. Les \u0153ufs sont compt\u00e9s un par un \u00e0 la main, ce qui garantit le nombre d&rsquo;\u0153ufs indiqu\u00e9 et \u00e9vite toute estimation. Associ\u00e9 \u00e0 l&rsquo;\u00e9levage local, ce proc\u00e9d\u00e9 assure une qualit\u00e9 constante, une transparence totale et une base fiable pour un \u00e9levage r\u00e9ussi.<\/p>\n<h3>Comment nourrit-on les triops ?<\/h3>\n<p>Les triops qui viennent d&rsquo;\u00e9clore n&rsquo;ont pas encore d&rsquo;appareils buccaux compl\u00e8tement d\u00e9velopp\u00e9s et ne peuvent pas ing\u00e9rer d&rsquo;aliments solides. Ils se nourrissent d&rsquo;abord de leur sac vitellin ainsi que de bact\u00e9ries, de micro-organismes et de nutriments dissous dans l&rsquo;eau. C&rsquo;est pourquoi il est important de disposer d&rsquo;une eau de qualit\u00e9 afin d&rsquo;offrir aux animaux des conditions optimales d\u00e8s le d\u00e9but.<\/p>\n<p>La premi\u00e8re alimentation active commence environ 48 heures apr\u00e8s l&rsquo;\u00e9closion. Il est essentiel de respecter un dosage tr\u00e8s faible : une pointe de cure-dent de poudre de spiruline suffit amplement pour nourrir les jeunes triops. Cette fine poudre d&rsquo;algues est facile \u00e0 dig\u00e9rer et parfaitement adapt\u00e9e aux besoins des jeunes triops. Il faut absolument \u00e9viter de les suralimenter, car un exc\u00e8s de nourriture peut rapidement d\u00e9t\u00e9riorer la qualit\u00e9 de l&rsquo;eau et mettre en danger ces animaux fragiles.<\/p>\n<h3>\u00c0 qui s&rsquo;adresse ce kit de d\u00e9marrage ?<\/h3>\n<p>Le kit de d\u00e9marrage Triops longicaudatus Red est id\u00e9al pour les biologistes amateurs, les d\u00e9butants, les familles avec enfants, les passionn\u00e9s de nature, ainsi que pour une utilisation dans les \u00e9coles, les projets et les \u00e9tablissements d&rsquo;enseignement. M\u00eame les \u00e9leveurs exp\u00e9riment\u00e9s appr\u00e9cient l&rsquo;origine contr\u00f4l\u00e9e, le nombre d&rsquo;\u0153ufs garanti et la qualit\u00e9 constante issue d&rsquo;un \u00e9levage local.<\/p>\n<p>Embarquez avec vos enfants pour un voyage \u00e0 travers l&rsquo;histoire de la Terre et faites entrer un peu de cette fascinante pr\u00e9histoire \u2013 vivante et concr\u00e8te \u2013 dans votre propre salon.<\/p>\n<h2>Portrait de Triops longicaudatus rouge:<\/h2>\n<p>Embranchement : arthropodes (Arthropoda)<br \/>\nSous-embranchement : Crustac\u00e9s (Crustacea)<br \/>\nTaille : 5 \u00e0 7 cm<br \/>\nDur\u00e9e de vie : env. 60 \u00e0 90 jours<br \/>\nHabitat : eau douce<br \/>\nTemp\u00e9rature : 25 \u00e0 28\u00b0 C<\/p>\n<h3>Kit complet comprenant plusieurs \u00e9l\u00e9ments pour l\u2019\u00e9levage de triops (contenu de la livraison) :<\/h3>\n<ul>\n<li><strong>1 x m\u00e9lange d&rsquo;\u0153ufs et de sable<\/strong><\/li>\n<li><strong>1 x sachet de spiruline en poudre<\/strong><\/li>\n<li><strong>1 x sachet de nourriture principale<\/strong><\/li>\n<li><strong>1 x sachet de morceaux de feuilles d&rsquo;amandier de mer s\u00e9ch\u00e9es<\/strong><\/li>\n<li><strong>Les instructions d&rsquo;\u00e9levage ne sont d\u00e9lib\u00e9r\u00e9ment pas fournies sous forme papier. Vous b\u00e9n\u00e9ficiez d&rsquo;un acc\u00e8s exclusif \u00e0 nos instructions d&rsquo;\u00e9levage num\u00e9riques. Il vous suffit de scanner le code QR figurant sur l&rsquo;\u00e9tiquette ou de <a href=\"https:\/\/www.triopsgalaxy.de\/wp-content\/uploads\/Breeding-Guide.pdf\" target=\"_blank\" rel=\"noopener\">CLIQUER ICI<\/a> ! <\/strong>Sur demande, nous vous enverrons gratuitement des instructions imprim\u00e9es. Veuillez l&rsquo;indiquer dans les commentaires lors de votre commande.<\/li>\n<\/ul>\n<div class=\"video video-fit mb\" style=\"padding-top:56.25%;\"><p><iframe loading=\"lazy\" title=\"Triops longicaudatus 11 Tage alt\" width=\"1020\" height=\"574\" src=\"https:\/\/www.youtube.com\/embed\/WAo_oT-QyXs?feature=oembed\" frameborder=\"0\" allow=\"accelerometer; autoplay; clipboard-write; encrypted-media; gyroscope; picture-in-picture; web-share\" allowfullscreen><\/iframe><\/p>\n<\/div>\n<div class=\"video video-fit mb\" style=\"padding-top:56.25%;\"><p><iframe loading=\"lazy\" title=\"Aufzucht-Schritt-f\u00fcr-Schritt-Anleitung [QUICK GUIDE]\" width=\"1020\" height=\"574\" src=\"https:\/\/www.youtube.com\/embed\/nzmG0C403SE?feature=oembed\" frameborder=\"0\" allow=\"accelerometer; autoplay; clipboard-write; encrypted-media; gyroscope; picture-in-picture; web-share\" allowfullscreen><\/iframe><\/p>\n<\/div>\n","protected":false},"excerpt":{"rendered":"<h3><span style=\"color: #50b848;\">En stock<\/span><\/h3>\n","protected":false},"featured_media":14245,"comment_status":"open","ping_status":"closed","template":"","meta":{"inline_featured_image":false},"product_brand":[],"product_cat":[216,220],"product_tag":[],"class_list":{"0":"post-6231","1":"product","2":"type-product","3":"status-publish","4":"has-post-thumbnail","6":"product_cat-les-triops","7":"product_cat-triops-longicaudatus-rouge","8":"product_shipping_class-warenpost-fr","10":"first","11":"instock","12":"shipping-taxable","13":"purchasable","14":"product-type-variable"},"yoast_head":"<!-- This site is optimized with the Yoast SEO plugin v27.4 - https:\/\/yoast.com\/product\/yoast-seo-wordpress\/ -->\n<title>Starterpack ab 16,99 \u20ac (\u0152ufs compt\u00e9s un par un) - Triops longicaudatus Red Starter - Triops Galaxy<\/title>\n<meta name=\"description\" content=\"Bereits ab 16,99 \u20ac \u2705 Triops longicaudatus Red \u2705 \u0152ufs compt\u00e9s un par un \u2705 Einsteiger \u2705 Triops-Eier \u2705 Urzeitkrebse \u2705 Eier \u2705 Starter Kit \u270d\ufe0f Triops Galaxy\" \/>\n<meta name=\"robots\" content=\"index, follow, max-snippet:-1, max-image-preview:large, max-video-preview:-1\" \/>\n<link rel=\"canonical\" href=\"https:\/\/www.triopsgalaxy.de\/fr\/shop\/triops-longicaudatus-rouge-starterpack\/\" \/>\n<meta property=\"og:locale\" content=\"fr_FR\" \/>\n<meta property=\"og:type\" content=\"article\" \/>\n<meta property=\"og:title\" content=\"Starterpack ab 16,99 \u20ac (\u0152ufs compt\u00e9s un par un) - Triops longicaudatus Red Starter - Triops Galaxy\" \/>\n<meta property=\"og:description\" content=\"Bereits ab 16,99 \u20ac \u2705 Triops longicaudatus Red \u2705 \u0152ufs compt\u00e9s un par un \u2705 Einsteiger \u2705 Triops-Eier \u2705 Urzeitkrebse \u2705 Eier \u2705 Starter Kit \u270d\ufe0f Triops Galaxy\" \/>\n<meta property=\"og:url\" content=\"https:\/\/www.triopsgalaxy.de\/fr\/shop\/triops-longicaudatus-rouge-starterpack\/\" \/>\n<meta property=\"article:modified_time\" content=\"2026-04-02T12:10:07+00:00\" \/>\n<meta property=\"og:image\" content=\"https:\/\/www.triopsgalaxy.de\/wp-content\/uploads\/2025_Triops-Starterpack_red.png\" \/>\n\t<meta property=\"og:image:width\" content=\"1000\" \/>\n\t<meta property=\"og:image:height\" content=\"1000\" \/>\n\t<meta property=\"og:image:type\" content=\"image\/png\" \/>\n<meta name=\"twitter:card\" content=\"summary_large_image\" \/>\n<meta name=\"twitter:label1\" content=\"Dur\u00e9e de lecture estim\u00e9e\" \/>\n\t<meta name=\"twitter:data1\" content=\"5 minutes\" \/>\n<script type=\"application\/ld+json\" class=\"yoast-schema-graph\">{\"@context\":\"https:\\\/\\\/schema.org\",\"@graph\":[{\"@type\":\"WebPage\",\"@id\":\"https:\\\/\\\/www.triopsgalaxy.de\\\/fr\\\/shop\\\/triops-longicaudatus-rouge-starterpack\\\/\",\"url\":\"https:\\\/\\\/www.triopsgalaxy.de\\\/fr\\\/shop\\\/triops-longicaudatus-rouge-starterpack\\\/\",\"name\":\"Starterpack ab 16,99 \u20ac (\u0152ufs compt\u00e9s un par un) - Triops longicaudatus Red Starter - Triops Galaxy\",\"isPartOf\":{\"@id\":\"https:\\\/\\\/www.triopsgalaxy.de\\\/fr\\\/#website\"},\"primaryImageOfPage\":{\"@id\":\"https:\\\/\\\/www.triopsgalaxy.de\\\/fr\\\/shop\\\/triops-longicaudatus-rouge-starterpack\\\/#primaryimage\"},\"image\":{\"@id\":\"https:\\\/\\\/www.triopsgalaxy.de\\\/fr\\\/shop\\\/triops-longicaudatus-rouge-starterpack\\\/#primaryimage\"},\"thumbnailUrl\":\"https:\\\/\\\/www.triopsgalaxy.de\\\/wp-content\\\/uploads\\\/2025_Triops-Starterpack_red.png\",\"datePublished\":\"2022-04-21T08:00:09+00:00\",\"dateModified\":\"2026-04-02T12:10:07+00:00\",\"description\":\"Bereits ab 16,99 \u20ac \u2705 Triops longicaudatus Red \u2705 \u0152ufs compt\u00e9s un par un \u2705 Einsteiger \u2705 Triops-Eier \u2705 Urzeitkrebse \u2705 Eier \u2705 Starter Kit \u270d\ufe0f Triops Galaxy\",\"breadcrumb\":{\"@id\":\"https:\\\/\\\/www.triopsgalaxy.de\\\/fr\\\/shop\\\/triops-longicaudatus-rouge-starterpack\\\/#breadcrumb\"},\"inLanguage\":\"fr-FR\",\"potentialAction\":[{\"@type\":\"ReadAction\",\"target\":[\"https:\\\/\\\/www.triopsgalaxy.de\\\/fr\\\/shop\\\/triops-longicaudatus-rouge-starterpack\\\/\"]}]},{\"@type\":\"ImageObject\",\"inLanguage\":\"fr-FR\",\"@id\":\"https:\\\/\\\/www.triopsgalaxy.de\\\/fr\\\/shop\\\/triops-longicaudatus-rouge-starterpack\\\/#primaryimage\",\"url\":\"https:\\\/\\\/www.triopsgalaxy.de\\\/wp-content\\\/uploads\\\/2025_Triops-Starterpack_red.png\",\"contentUrl\":\"https:\\\/\\\/www.triopsgalaxy.de\\\/wp-content\\\/uploads\\\/2025_Triops-Starterpack_red.png\",\"width\":1000,\"height\":1000},{\"@type\":\"BreadcrumbList\",\"@id\":\"https:\\\/\\\/www.triopsgalaxy.de\\\/fr\\\/shop\\\/triops-longicaudatus-rouge-starterpack\\\/#breadcrumb\",\"itemListElement\":[{\"@type\":\"ListItem\",\"position\":1,\"name\":\"Startseite\",\"item\":\"https:\\\/\\\/www.triopsgalaxy.de\\\/fr\\\/\"},{\"@type\":\"ListItem\",\"position\":2,\"name\":\"Boutique\",\"item\":\"https:\\\/\\\/www.triopsgalaxy.de\\\/fr\\\/boutique\\\/\"},{\"@type\":\"ListItem\",\"position\":3,\"name\":\"Triops longicaudatus rouge &#8211; Kit de d\u00e9marrage &#8211; \u0152ufs compt\u00e9s un par un\"}]},{\"@type\":\"WebSite\",\"@id\":\"https:\\\/\\\/www.triopsgalaxy.de\\\/fr\\\/#website\",\"url\":\"https:\\\/\\\/www.triopsgalaxy.de\\\/fr\\\/\",\"name\":\"\",\"description\":\"\",\"potentialAction\":[{\"@type\":\"SearchAction\",\"target\":{\"@type\":\"EntryPoint\",\"urlTemplate\":\"https:\\\/\\\/www.triopsgalaxy.de\\\/fr\\\/?s={search_term_string}\"},\"query-input\":{\"@type\":\"PropertyValueSpecification\",\"valueRequired\":true,\"valueName\":\"search_term_string\"}}],\"inLanguage\":\"fr-FR\"}]}<\/script>\n<!-- \/ Yoast SEO plugin. -->","yoast_head_json":{"title":"Starterpack ab 16,99 \u20ac (\u0152ufs compt\u00e9s un par un) - Triops longicaudatus Red Starter - Triops Galaxy","description":"Bereits ab 16,99 \u20ac \u2705 Triops longicaudatus Red \u2705 \u0152ufs compt\u00e9s un par un \u2705 Einsteiger \u2705 Triops-Eier \u2705 Urzeitkrebse \u2705 Eier \u2705 Starter Kit \u270d\ufe0f Triops Galaxy","robots":{"index":"index","follow":"follow","max-snippet":"max-snippet:-1","max-image-preview":"max-image-preview:large","max-video-preview":"max-video-preview:-1"},"canonical":"https:\/\/www.triopsgalaxy.de\/fr\/shop\/triops-longicaudatus-rouge-starterpack\/","og_locale":"fr_FR","og_type":"article","og_title":"Starterpack ab 16,99 \u20ac (\u0152ufs compt\u00e9s un par un) - Triops longicaudatus Red Starter - Triops Galaxy","og_description":"Bereits ab 16,99 \u20ac \u2705 Triops longicaudatus Red \u2705 \u0152ufs compt\u00e9s un par un \u2705 Einsteiger \u2705 Triops-Eier \u2705 Urzeitkrebse \u2705 Eier \u2705 Starter Kit \u270d\ufe0f Triops Galaxy","og_url":"https:\/\/www.triopsgalaxy.de\/fr\/shop\/triops-longicaudatus-rouge-starterpack\/","article_modified_time":"2026-04-02T12:10:07+00:00","og_image":[{"width":1000,"height":1000,"url":"https:\/\/www.triopsgalaxy.de\/wp-content\/uploads\/2025_Triops-Starterpack_red.png","type":"image\/png"}],"twitter_card":"summary_large_image","twitter_misc":{"Dur\u00e9e de lecture estim\u00e9e":"5 minutes"},"schema":{"@context":"https:\/\/schema.org","@graph":[{"@type":"WebPage","@id":"https:\/\/www.triopsgalaxy.de\/fr\/shop\/triops-longicaudatus-rouge-starterpack\/","url":"https:\/\/www.triopsgalaxy.de\/fr\/shop\/triops-longicaudatus-rouge-starterpack\/","name":"Starterpack ab 16,99 \u20ac (\u0152ufs compt\u00e9s un par un) - Triops longicaudatus Red Starter - Triops Galaxy","isPartOf":{"@id":"https:\/\/www.triopsgalaxy.de\/fr\/#website"},"primaryImageOfPage":{"@id":"https:\/\/www.triopsgalaxy.de\/fr\/shop\/triops-longicaudatus-rouge-starterpack\/#primaryimage"},"image":{"@id":"https:\/\/www.triopsgalaxy.de\/fr\/shop\/triops-longicaudatus-rouge-starterpack\/#primaryimage"},"thumbnailUrl":"https:\/\/www.triopsgalaxy.de\/wp-content\/uploads\/2025_Triops-Starterpack_red.png","datePublished":"2022-04-21T08:00:09+00:00","dateModified":"2026-04-02T12:10:07+00:00","description":"Bereits ab 16,99 \u20ac \u2705 Triops longicaudatus Red \u2705 \u0152ufs compt\u00e9s un par un \u2705 Einsteiger \u2705 Triops-Eier \u2705 Urzeitkrebse \u2705 Eier \u2705 Starter Kit \u270d\ufe0f Triops Galaxy","breadcrumb":{"@id":"https:\/\/www.triopsgalaxy.de\/fr\/shop\/triops-longicaudatus-rouge-starterpack\/#breadcrumb"},"inLanguage":"fr-FR","potentialAction":[{"@type":"ReadAction","target":["https:\/\/www.triopsgalaxy.de\/fr\/shop\/triops-longicaudatus-rouge-starterpack\/"]}]},{"@type":"ImageObject","inLanguage":"fr-FR","@id":"https:\/\/www.triopsgalaxy.de\/fr\/shop\/triops-longicaudatus-rouge-starterpack\/#primaryimage","url":"https:\/\/www.triopsgalaxy.de\/wp-content\/uploads\/2025_Triops-Starterpack_red.png","contentUrl":"https:\/\/www.triopsgalaxy.de\/wp-content\/uploads\/2025_Triops-Starterpack_red.png","width":1000,"height":1000},{"@type":"BreadcrumbList","@id":"https:\/\/www.triopsgalaxy.de\/fr\/shop\/triops-longicaudatus-rouge-starterpack\/#breadcrumb","itemListElement":[{"@type":"ListItem","position":1,"name":"Startseite","item":"https:\/\/www.triopsgalaxy.de\/fr\/"},{"@type":"ListItem","position":2,"name":"Boutique","item":"https:\/\/www.triopsgalaxy.de\/fr\/boutique\/"},{"@type":"ListItem","position":3,"name":"Triops longicaudatus rouge &#8211; Kit de d\u00e9marrage &#8211; \u0152ufs compt\u00e9s un par un"}]},{"@type":"WebSite","@id":"https:\/\/www.triopsgalaxy.de\/fr\/#website","url":"https:\/\/www.triopsgalaxy.de\/fr\/","name":"","description":"","potentialAction":[{"@type":"SearchAction","target":{"@type":"EntryPoint","urlTemplate":"https:\/\/www.triopsgalaxy.de\/fr\/?s={search_term_string}"},"query-input":{"@type":"PropertyValueSpecification","valueRequired":true,"valueName":"search_term_string"}}],"inLanguage":"fr-FR"}]}},"_links":{"self":[{"href":"https:\/\/www.triopsgalaxy.de\/fr\/wp-json\/wp\/v2\/product\/6231","targetHints":{"allow":["GET"]}}],"collection":[{"href":"https:\/\/www.triopsgalaxy.de\/fr\/wp-json\/wp\/v2\/product"}],"about":[{"href":"https:\/\/www.triopsgalaxy.de\/fr\/wp-json\/wp\/v2\/types\/product"}],"replies":[{"embeddable":true,"href":"https:\/\/www.triopsgalaxy.de\/fr\/wp-json\/wp\/v2\/comments?post=6231"}],"wp:featuredmedia":[{"embeddable":true,"href":"https:\/\/www.triopsgalaxy.de\/fr\/wp-json\/wp\/v2\/media\/14245"}],"wp:attachment":[{"href":"https:\/\/www.triopsgalaxy.de\/fr\/wp-json\/wp\/v2\/media?parent=6231"}],"wp:term":[{"taxonomy":"product_brand","embeddable":true,"href":"https:\/\/www.triopsgalaxy.de\/fr\/wp-json\/wp\/v2\/product_brand?post=6231"},{"taxonomy":"product_cat","embeddable":true,"href":"https:\/\/www.triopsgalaxy.de\/fr\/wp-json\/wp\/v2\/product_cat?post=6231"},{"taxonomy":"product_tag","embeddable":true,"href":"https:\/\/www.triopsgalaxy.de\/fr\/wp-json\/wp\/v2\/product_tag?post=6231"}],"curies":[{"name":"wp","href":"https:\/\/api.w.org\/{rel}","templated":true}]}}