{"id":6251,"date":"2020-11-14T10:00:51","date_gmt":"2020-11-14T09:00:51","guid":{"rendered":"https:\/\/www.triopsgalaxy.de\/shop\/triops-longicaudatus-starterpack-mini-fr\/"},"modified":"2026-04-02T07:35:55","modified_gmt":"2026-04-02T05:35:55","slug":"triops-longicaudatus-starterpack-mini-fr","status":"publish","type":"product","link":"https:\/\/www.triopsgalaxy.de\/fr\/shop\/triops-longicaudatus-starterpack-mini-fr\/","title":{"rendered":"Triops longicaudatus &#8211; Kit de d\u00e9marrage Triops mini &#8211; \u0152ufs compt\u00e9s un par un"},"content":{"rendered":"<h1>Notre best-seller pour d\u00e9butants : le kit de d\u00e9marrage Triops mini<\/h1>\n<p>Les crustac\u00e9s pr\u00e9historiques sont une source de fascination et un v\u00e9ritable atout pour toute chambre d&rsquo;enfant, car ils permettent aux enfants d&rsquo;apprendre pour la premi\u00e8re fois \u00e0 assumer une responsabilit\u00e9 sociale envers un \u00eatre vivant. Gr\u00e2ce \u00e0 leur courte dur\u00e9e de vie (90 jours maximum), les enfants ne s&rsquo;attachent pas trop \u00e0 ces animaux. Le Triops longicaudatus est une esp\u00e8ce am\u00e9ricaine caract\u00e9ris\u00e9e par sa longue queue en forme de fourche et sa carapace chatoyante. C&rsquo;est un animal \u00e0 croissance tr\u00e8s rapide qui atteint sa maturit\u00e9 sexuelle en 14 jours.<\/p>\n<p>Les femelles Triops sont capables de pondre des \u0153ufs apr\u00e8s environ deux semaines et les enfouissent dans le sable. \u00c0 la fin de la vie des Triops, vous pouvez faire s\u00e9cher les \u0153ufs avec le sable, les congeler, puis commencer un nouvel \u00e9levage. Gr\u00e2ce \u00e0 la croissance rapide des Triops, on ne s&rsquo;ennuie certainement jamais dans l&rsquo;aquarium. Les Triops longicaudatus ont besoin d&rsquo;une temp\u00e9rature d&rsquo;environ 25 \u00b0C et peuvent \u00eatre \u00e9lev\u00e9s avec de l&rsquo;eau distill\u00e9e, de l&rsquo;eau min\u00e9rale plate ou de l&rsquo;eau de rivi\u00e8re et de mer. L&rsquo;eau d&rsquo;un \u00e9tang peut \u00e9galement \u00eatre utilis\u00e9e.<\/p>\n<h2>\u00c0 qui s&rsquo;adresse le kit de d\u00e9marrage Triops mini ?<\/h2>\n<p>Le kit de d\u00e9marrage Triops mini est id\u00e9al pour tous les d\u00e9butants en \u00e9levage de triops, les familles avec enfants, les biologistes amateurs ainsi que les \u00e9tablissements d&rsquo;enseignement tels que les \u00e9coles et les universit\u00e9s. Les \u00e9leveurs de triops exp\u00e9riment\u00e9s et les personnes int\u00e9ress\u00e9es par la science appr\u00e9cieront \u00e9galement la qualit\u00e9 des kits de d\u00e9marrage de Triops Galaxy. Le kit de d\u00e9marrage mini comprend le kit d&rsquo;\u00e9levage de triops haut de gamme de Triops Galaxy et la nourriture \u00e0 base de spiruline pour les premiers jours d&rsquo;alimentation des triops.<\/p>\n<h3>Chez Triops Galaxy, les \u0153ufs de triops sont compt\u00e9s<\/h3>\n<p>Les kits d&rsquo;\u00e9levage de triops disponibles dans le commerce se composent g\u00e9n\u00e9ralement de sable s\u00e9ch\u00e9 dans lequel se trouvent les \u0153ufs. La quantit\u00e9 d&rsquo;\u0153ufs contenue est g\u00e9n\u00e9ralement estim\u00e9e. Comme les \u0153ufs de triops ne sont pas r\u00e9partis uniform\u00e9ment dans le sable, leur nombre r\u00e9el peut varier consid\u00e9rablement : le kit peut contenir plus, mais aussi nettement moins d&rsquo;\u0153ufs que ce qui est indiqu\u00e9. Ni l&rsquo;acheteur ni le vendeur n&rsquo;ont finalement de certitude quant \u00e0 la quantit\u00e9 r\u00e9elle d&rsquo;\u0153ufs.<\/p>\n<p>Depuis des ann\u00e9es, Triops Galaxy a d\u00e9lib\u00e9r\u00e9ment choisi une autre approche. Ici, les \u0153ufs de triops sont compt\u00e9s manuellement et individuellement, de sorte que le nombre indiqu\u00e9 est respect\u00e9 \u00e0 la lettre. Cela \u00e9vite les estimations et les espoirs habituels : \u00e0 la place, les clients re\u00e7oivent un kit d&rsquo;\u00e9levage avec un nombre d&rsquo;\u0153ufs garanti et une qualit\u00e9 v\u00e9rifiable.<\/p>\n<p>Revivez la pr\u00e9histoire chez vous, dans votre salon, avec vos enfants !<\/p>\n<h2>Portrait de Triops longicaudatus:<\/h2>\n<p>Embranchement : arthropodes (Arthropoda)<br \/>\nSous-embranchement : Crustac\u00e9s (Crustacea)<br \/>\nTaille : 5 \u00e0 7 cm<br \/>\nDur\u00e9e de vie : env. 60 \u00e0 90 jours<br \/>\nHabitat : eau douce<br \/>\nTemp\u00e9rature : 25 \u00e0 28\u00b0 C<\/p>\n<h3>Kit complet comprenant plusieurs \u00e9l\u00e9ments pour l\u2019\u00e9levage de triops (contenu de la livraison) :<\/h3>\n<ul>\n<li><strong>1 x m\u00e9lange d&rsquo;\u0153ufs et de sable<\/strong><\/li>\n<li><strong>1 x sachet de spiruline en poudre<\/strong><\/li>\n<li><strong>Les instructions d&rsquo;\u00e9levage ne sont d\u00e9lib\u00e9r\u00e9ment pas fournies sous forme papier. Vous b\u00e9n\u00e9ficiez d&rsquo;un acc\u00e8s exclusif \u00e0 nos instructions d&rsquo;\u00e9levage num\u00e9riques. Il vous suffit de scanner le code QR figurant sur l&rsquo;\u00e9tiquette ou de <a href=\"https:\/\/www.triopsgalaxy.de\/wp-content\/uploads\/Breeding-Guide.pdf\" target=\"_blank\" rel=\"noopener\">CLIQUER ICI<\/a> ! <\/strong>Sur demande, nous vous enverrons gratuitement des instructions imprim\u00e9es. Veuillez l&rsquo;indiquer dans les commentaires lors de votre commande.<\/li>\n<\/ul>\n<div class=\"video video-fit mb\" style=\"padding-top:56.25%;\"><p><iframe loading=\"lazy\" title=\"Triops longicaudatus 11 Tage alt\" width=\"1020\" height=\"574\" src=\"https:\/\/www.youtube.com\/embed\/WAo_oT-QyXs?feature=oembed\" frameborder=\"0\" allow=\"accelerometer; autoplay; clipboard-write; encrypted-media; gyroscope; picture-in-picture; web-share\" allowfullscreen><\/iframe><\/p>\n<\/div>\n<div class=\"video video-fit mb\" style=\"padding-top:56.25%;\"><p><iframe loading=\"lazy\" title=\"Aufzucht-Schritt-f\u00fcr-Schritt-Anleitung [QUICK GUIDE]\" width=\"1020\" height=\"574\" src=\"https:\/\/www.youtube.com\/embed\/nzmG0C403SE?feature=oembed\" frameborder=\"0\" allow=\"accelerometer; autoplay; clipboard-write; encrypted-media; gyroscope; picture-in-picture; web-share\" allowfullscreen><\/iframe><\/p>\n<\/div>\n","protected":false},"excerpt":{"rendered":"<h3><span style=\"color: #50b848;\">En stock<\/span><\/h3>\n","protected":false},"featured_media":14230,"comment_status":"open","ping_status":"closed","template":"","meta":{"inline_featured_image":false},"product_brand":[],"product_cat":[216,218],"product_tag":[],"class_list":{"0":"post-6251","1":"product","2":"type-product","3":"status-publish","4":"has-post-thumbnail","6":"product_cat-les-triops","7":"product_cat-triops-longicaudatus-fr","8":"product_shipping_class-warenpost-fr","10":"first","11":"instock","12":"shipping-taxable","13":"purchasable","14":"product-type-variable"},"yoast_head":"<!-- This site is optimized with the Yoast SEO plugin v27.4 - https:\/\/yoast.com\/product\/yoast-seo-wordpress\/ -->\n<title>Starterpack \u00e0 partir de 11,97 \u20ac (\u0152ufs compt\u00e9s un par un) - Starterpack mini - Triops Galaxy<\/title>\n<meta name=\"description\" content=\"D\u00e9j\u00e0 \u00e0 partir de 11,97 \u20ac \u2705 Triops longicaudatus \u2705 \u0152ufs compt\u00e9s un par un \u2705 Triops \u2705 \u0152ufs \u2705 Crabes pr\u00e9historiques \u2705 \u00c9levage \u2705 Starter-Set \u270d\ufe0f Triops Galaxy\" \/>\n<meta name=\"robots\" content=\"index, follow, max-snippet:-1, max-image-preview:large, max-video-preview:-1\" \/>\n<link rel=\"canonical\" href=\"https:\/\/www.triopsgalaxy.de\/fr\/shop\/triops-longicaudatus-starterpack-mini-fr\/\" \/>\n<meta property=\"og:locale\" content=\"fr_FR\" \/>\n<meta property=\"og:type\" content=\"article\" \/>\n<meta property=\"og:title\" content=\"Starterpack \u00e0 partir de 11,97 \u20ac (\u0152ufs compt\u00e9s un par un) - Starterpack mini - Triops Galaxy\" \/>\n<meta property=\"og:description\" content=\"D\u00e9j\u00e0 \u00e0 partir de 11,97 \u20ac \u2705 Triops longicaudatus \u2705 \u0152ufs compt\u00e9s un par un \u2705 Triops \u2705 \u0152ufs \u2705 Crabes pr\u00e9historiques \u2705 \u00c9levage \u2705 Starter-Set \u270d\ufe0f Triops Galaxy\" \/>\n<meta property=\"og:url\" content=\"https:\/\/www.triopsgalaxy.de\/fr\/shop\/triops-longicaudatus-starterpack-mini-fr\/\" \/>\n<meta property=\"article:modified_time\" content=\"2026-04-02T05:35:55+00:00\" \/>\n<meta property=\"og:image\" content=\"https:\/\/www.triopsgalaxy.de\/wp-content\/uploads\/2025_Triops-Starterpack_mini.jpg\" \/>\n\t<meta property=\"og:image:width\" content=\"1000\" \/>\n\t<meta property=\"og:image:height\" content=\"1000\" \/>\n\t<meta property=\"og:image:type\" content=\"image\/jpeg\" \/>\n<meta name=\"twitter:card\" content=\"summary_large_image\" \/>\n<meta name=\"twitter:label1\" content=\"Dur\u00e9e de lecture estim\u00e9e\" \/>\n\t<meta name=\"twitter:data1\" content=\"4 minutes\" \/>\n<script type=\"application\/ld+json\" class=\"yoast-schema-graph\">{\"@context\":\"https:\\\/\\\/schema.org\",\"@graph\":[{\"@type\":\"WebPage\",\"@id\":\"https:\\\/\\\/www.triopsgalaxy.de\\\/fr\\\/shop\\\/triops-longicaudatus-starterpack-mini-fr\\\/\",\"url\":\"https:\\\/\\\/www.triopsgalaxy.de\\\/fr\\\/shop\\\/triops-longicaudatus-starterpack-mini-fr\\\/\",\"name\":\"Starterpack \u00e0 partir de 11,97 \u20ac (\u0152ufs compt\u00e9s un par un) - Starterpack mini - Triops Galaxy\",\"isPartOf\":{\"@id\":\"https:\\\/\\\/www.triopsgalaxy.de\\\/fr\\\/#website\"},\"primaryImageOfPage\":{\"@id\":\"https:\\\/\\\/www.triopsgalaxy.de\\\/fr\\\/shop\\\/triops-longicaudatus-starterpack-mini-fr\\\/#primaryimage\"},\"image\":{\"@id\":\"https:\\\/\\\/www.triopsgalaxy.de\\\/fr\\\/shop\\\/triops-longicaudatus-starterpack-mini-fr\\\/#primaryimage\"},\"thumbnailUrl\":\"https:\\\/\\\/www.triopsgalaxy.de\\\/wp-content\\\/uploads\\\/2025_Triops-Starterpack_mini.jpg\",\"datePublished\":\"2020-11-14T09:00:51+00:00\",\"dateModified\":\"2026-04-02T05:35:55+00:00\",\"description\":\"D\u00e9j\u00e0 \u00e0 partir de 11,97 \u20ac \u2705 Triops longicaudatus \u2705 \u0152ufs compt\u00e9s un par un \u2705 Triops \u2705 \u0152ufs \u2705 Crabes pr\u00e9historiques \u2705 \u00c9levage \u2705 Starter-Set \u270d\ufe0f Triops Galaxy\",\"breadcrumb\":{\"@id\":\"https:\\\/\\\/www.triopsgalaxy.de\\\/fr\\\/shop\\\/triops-longicaudatus-starterpack-mini-fr\\\/#breadcrumb\"},\"inLanguage\":\"fr-FR\",\"potentialAction\":[{\"@type\":\"ReadAction\",\"target\":[\"https:\\\/\\\/www.triopsgalaxy.de\\\/fr\\\/shop\\\/triops-longicaudatus-starterpack-mini-fr\\\/\"]}]},{\"@type\":\"ImageObject\",\"inLanguage\":\"fr-FR\",\"@id\":\"https:\\\/\\\/www.triopsgalaxy.de\\\/fr\\\/shop\\\/triops-longicaudatus-starterpack-mini-fr\\\/#primaryimage\",\"url\":\"https:\\\/\\\/www.triopsgalaxy.de\\\/wp-content\\\/uploads\\\/2025_Triops-Starterpack_mini.jpg\",\"contentUrl\":\"https:\\\/\\\/www.triopsgalaxy.de\\\/wp-content\\\/uploads\\\/2025_Triops-Starterpack_mini.jpg\",\"width\":1000,\"height\":1000},{\"@type\":\"BreadcrumbList\",\"@id\":\"https:\\\/\\\/www.triopsgalaxy.de\\\/fr\\\/shop\\\/triops-longicaudatus-starterpack-mini-fr\\\/#breadcrumb\",\"itemListElement\":[{\"@type\":\"ListItem\",\"position\":1,\"name\":\"Startseite\",\"item\":\"https:\\\/\\\/www.triopsgalaxy.de\\\/fr\\\/\"},{\"@type\":\"ListItem\",\"position\":2,\"name\":\"Boutique\",\"item\":\"https:\\\/\\\/www.triopsgalaxy.de\\\/fr\\\/boutique\\\/\"},{\"@type\":\"ListItem\",\"position\":3,\"name\":\"Triops longicaudatus &#8211; Kit de d\u00e9marrage Triops mini &#8211; \u0152ufs compt\u00e9s un par un\"}]},{\"@type\":\"WebSite\",\"@id\":\"https:\\\/\\\/www.triopsgalaxy.de\\\/fr\\\/#website\",\"url\":\"https:\\\/\\\/www.triopsgalaxy.de\\\/fr\\\/\",\"name\":\"\",\"description\":\"\",\"potentialAction\":[{\"@type\":\"SearchAction\",\"target\":{\"@type\":\"EntryPoint\",\"urlTemplate\":\"https:\\\/\\\/www.triopsgalaxy.de\\\/fr\\\/?s={search_term_string}\"},\"query-input\":{\"@type\":\"PropertyValueSpecification\",\"valueRequired\":true,\"valueName\":\"search_term_string\"}}],\"inLanguage\":\"fr-FR\"}]}<\/script>\n<!-- \/ Yoast SEO plugin. -->","yoast_head_json":{"title":"Starterpack \u00e0 partir de 11,97 \u20ac (\u0152ufs compt\u00e9s un par un) - Starterpack mini - Triops Galaxy","description":"D\u00e9j\u00e0 \u00e0 partir de 11,97 \u20ac \u2705 Triops longicaudatus \u2705 \u0152ufs compt\u00e9s un par un \u2705 Triops \u2705 \u0152ufs \u2705 Crabes pr\u00e9historiques \u2705 \u00c9levage \u2705 Starter-Set \u270d\ufe0f Triops Galaxy","robots":{"index":"index","follow":"follow","max-snippet":"max-snippet:-1","max-image-preview":"max-image-preview:large","max-video-preview":"max-video-preview:-1"},"canonical":"https:\/\/www.triopsgalaxy.de\/fr\/shop\/triops-longicaudatus-starterpack-mini-fr\/","og_locale":"fr_FR","og_type":"article","og_title":"Starterpack \u00e0 partir de 11,97 \u20ac (\u0152ufs compt\u00e9s un par un) - Starterpack mini - Triops Galaxy","og_description":"D\u00e9j\u00e0 \u00e0 partir de 11,97 \u20ac \u2705 Triops longicaudatus \u2705 \u0152ufs compt\u00e9s un par un \u2705 Triops \u2705 \u0152ufs \u2705 Crabes pr\u00e9historiques \u2705 \u00c9levage \u2705 Starter-Set \u270d\ufe0f Triops Galaxy","og_url":"https:\/\/www.triopsgalaxy.de\/fr\/shop\/triops-longicaudatus-starterpack-mini-fr\/","article_modified_time":"2026-04-02T05:35:55+00:00","og_image":[{"width":1000,"height":1000,"url":"https:\/\/www.triopsgalaxy.de\/wp-content\/uploads\/2025_Triops-Starterpack_mini.jpg","type":"image\/jpeg"}],"twitter_card":"summary_large_image","twitter_misc":{"Dur\u00e9e de lecture estim\u00e9e":"4 minutes"},"schema":{"@context":"https:\/\/schema.org","@graph":[{"@type":"WebPage","@id":"https:\/\/www.triopsgalaxy.de\/fr\/shop\/triops-longicaudatus-starterpack-mini-fr\/","url":"https:\/\/www.triopsgalaxy.de\/fr\/shop\/triops-longicaudatus-starterpack-mini-fr\/","name":"Starterpack \u00e0 partir de 11,97 \u20ac (\u0152ufs compt\u00e9s un par un) - Starterpack mini - Triops Galaxy","isPartOf":{"@id":"https:\/\/www.triopsgalaxy.de\/fr\/#website"},"primaryImageOfPage":{"@id":"https:\/\/www.triopsgalaxy.de\/fr\/shop\/triops-longicaudatus-starterpack-mini-fr\/#primaryimage"},"image":{"@id":"https:\/\/www.triopsgalaxy.de\/fr\/shop\/triops-longicaudatus-starterpack-mini-fr\/#primaryimage"},"thumbnailUrl":"https:\/\/www.triopsgalaxy.de\/wp-content\/uploads\/2025_Triops-Starterpack_mini.jpg","datePublished":"2020-11-14T09:00:51+00:00","dateModified":"2026-04-02T05:35:55+00:00","description":"D\u00e9j\u00e0 \u00e0 partir de 11,97 \u20ac \u2705 Triops longicaudatus \u2705 \u0152ufs compt\u00e9s un par un \u2705 Triops \u2705 \u0152ufs \u2705 Crabes pr\u00e9historiques \u2705 \u00c9levage \u2705 Starter-Set \u270d\ufe0f Triops Galaxy","breadcrumb":{"@id":"https:\/\/www.triopsgalaxy.de\/fr\/shop\/triops-longicaudatus-starterpack-mini-fr\/#breadcrumb"},"inLanguage":"fr-FR","potentialAction":[{"@type":"ReadAction","target":["https:\/\/www.triopsgalaxy.de\/fr\/shop\/triops-longicaudatus-starterpack-mini-fr\/"]}]},{"@type":"ImageObject","inLanguage":"fr-FR","@id":"https:\/\/www.triopsgalaxy.de\/fr\/shop\/triops-longicaudatus-starterpack-mini-fr\/#primaryimage","url":"https:\/\/www.triopsgalaxy.de\/wp-content\/uploads\/2025_Triops-Starterpack_mini.jpg","contentUrl":"https:\/\/www.triopsgalaxy.de\/wp-content\/uploads\/2025_Triops-Starterpack_mini.jpg","width":1000,"height":1000},{"@type":"BreadcrumbList","@id":"https:\/\/www.triopsgalaxy.de\/fr\/shop\/triops-longicaudatus-starterpack-mini-fr\/#breadcrumb","itemListElement":[{"@type":"ListItem","position":1,"name":"Startseite","item":"https:\/\/www.triopsgalaxy.de\/fr\/"},{"@type":"ListItem","position":2,"name":"Boutique","item":"https:\/\/www.triopsgalaxy.de\/fr\/boutique\/"},{"@type":"ListItem","position":3,"name":"Triops longicaudatus &#8211; Kit de d\u00e9marrage Triops mini &#8211; \u0152ufs compt\u00e9s un par un"}]},{"@type":"WebSite","@id":"https:\/\/www.triopsgalaxy.de\/fr\/#website","url":"https:\/\/www.triopsgalaxy.de\/fr\/","name":"","description":"","potentialAction":[{"@type":"SearchAction","target":{"@type":"EntryPoint","urlTemplate":"https:\/\/www.triopsgalaxy.de\/fr\/?s={search_term_string}"},"query-input":{"@type":"PropertyValueSpecification","valueRequired":true,"valueName":"search_term_string"}}],"inLanguage":"fr-FR"}]}},"_links":{"self":[{"href":"https:\/\/www.triopsgalaxy.de\/fr\/wp-json\/wp\/v2\/product\/6251","targetHints":{"allow":["GET"]}}],"collection":[{"href":"https:\/\/www.triopsgalaxy.de\/fr\/wp-json\/wp\/v2\/product"}],"about":[{"href":"https:\/\/www.triopsgalaxy.de\/fr\/wp-json\/wp\/v2\/types\/product"}],"replies":[{"embeddable":true,"href":"https:\/\/www.triopsgalaxy.de\/fr\/wp-json\/wp\/v2\/comments?post=6251"}],"wp:featuredmedia":[{"embeddable":true,"href":"https:\/\/www.triopsgalaxy.de\/fr\/wp-json\/wp\/v2\/media\/14230"}],"wp:attachment":[{"href":"https:\/\/www.triopsgalaxy.de\/fr\/wp-json\/wp\/v2\/media?parent=6251"}],"wp:term":[{"taxonomy":"product_brand","embeddable":true,"href":"https:\/\/www.triopsgalaxy.de\/fr\/wp-json\/wp\/v2\/product_brand?post=6251"},{"taxonomy":"product_cat","embeddable":true,"href":"https:\/\/www.triopsgalaxy.de\/fr\/wp-json\/wp\/v2\/product_cat?post=6251"},{"taxonomy":"product_tag","embeddable":true,"href":"https:\/\/www.triopsgalaxy.de\/fr\/wp-json\/wp\/v2\/product_tag?post=6251"}],"curies":[{"name":"wp","href":"https:\/\/api.w.org\/{rel}","templated":true}]}}