{"id":6269,"date":"2020-11-14T10:00:49","date_gmt":"2020-11-14T09:00:49","guid":{"rendered":"https:\/\/www.triopsgalaxy.de\/shop\/triops-longicaudatus-starterpack-maxi-fr\/"},"modified":"2026-04-02T13:38:54","modified_gmt":"2026-04-02T11:38:54","slug":"triops-longicaudatus-starterpack-maxi-fr","status":"publish","type":"product","link":"https:\/\/www.triopsgalaxy.de\/fr\/shop\/triops-longicaudatus-starterpack-maxi-fr\/","title":{"rendered":"Triops longicaudatus &#8211; Kit de d\u00e9marrage maxi &#8211; \u0152ufs compt\u00e9s un par un"},"content":{"rendered":"<h1>Triops longicaudatus : le crustac\u00e9 pr\u00e9historique am\u00e9ricain<\/h1>\n<p>Le Triops longicaudatus est ce qu\u2019on appelle un \u00ab fossile vivant \u00bb et compte parmi les esp\u00e8ces animales les plus anciennes encore existantes sur Terre. Son apparence n\u2019a pratiquement pas chang\u00e9 depuis plus de 200 millions d\u2019ann\u00e9es ; il vivait donc bien avant les dinosaures et a m\u00eame surv\u00e9cu \u00e0 leur extinction. Ce crustac\u00e9 pr\u00e9historique d&rsquo;eau douce se caract\u00e9rise par sa croissance rapide et son cycle de vie court. Il atteint sa maturit\u00e9 sexuelle apr\u00e8s seulement quelques semaines et commence \u00e0 pondre ses \u0153ufs dans le sable. Ses \u0153ufs r\u00e9sistants peuvent survivre \u00e0 de longues p\u00e9riodes de s\u00e9cheresse, permettant ainsi l&rsquo;\u00e9mergence de nouvelles g\u00e9n\u00e9rations.<\/p>\n<p>L&rsquo;\u00e9levage de triops permet \u00e0 vos enfants de d\u00e9velopper leur sens des responsabilit\u00e9s en s&rsquo;occupant d&rsquo;un \u00eatre vivant, de l&rsquo;\u00e9closion jusqu&rsquo;\u00e0 la fin de sa vie. Comme les triops ont une dur\u00e9e de vie tr\u00e8s courte, les enfants ne s&rsquo;attachent pas trop \u00e0 eux, contrairement \u00e0 ce qui se passe avec d&rsquo;autres animaux. L&rsquo;esp\u00e8ce Triops longicaudatus grandit tr\u00e8s vite et atteint sa maturit\u00e9 sexuelle en 14 jours.<\/p>\n<p>Ensuite, les femelles triops commencent \u00e0 pondre leurs \u0153ufs dans le sable. Plus pr\u00e9cis\u00e9ment, elles les enfouissent dans le sable. Lorsque la derni\u00e8re population de triops est morte, vous pouvez faire s\u00e9cher les \u0153ufs, les congeler et les utiliser pour un nouvel \u00e9levage. Les Triops longicaudatus se sentent bien \u00e0 une temp\u00e9rature d\u2019environ 25 \u00b0C et peuvent \u00eatre \u00e9lev\u00e9s dans de l\u2019eau min\u00e9rale plate, de l\u2019eau distill\u00e9e ou de l\u2019eau de rivi\u00e8re et de mer.<\/p>\n<h2>Nombre d&rsquo;\u0153ufs compt\u00e9 individuellement et garanti !<\/h2>\n<p>Chez Triops Galaxy, les kits d&rsquo;\u00e9levage sont disponibles aussi bien dans les kits de d\u00e9marrage et les coffrets que s\u00e9par\u00e9ment, au choix avec 50, 150 ou 300 \u0153ufs de triops.<\/p>\n<p>Alors que de nombreux kits d&rsquo;\u00e9levage disponibles dans le commerce ne fournissent que des indications approximatives sur les quantit\u00e9s et que le nombre r\u00e9el d&rsquo;\u0153ufs reste inconnu, Triops Galaxy mise sur une transparence totale et une fiabilit\u00e9 absolue. Chaque kit d&rsquo;\u00e9levage contient au moins le nombre d&rsquo;\u0153ufs de triops indiqu\u00e9.<\/p>\n<p>Ceci est rendu possible gr\u00e2ce \u00e0 un proc\u00e9d\u00e9 sp\u00e9cialement d\u00e9velopp\u00e9, dans lequel les \u0153ufs de triops sont compt\u00e9s individuellement et \u00e0 la main. De cette mani\u00e8re, le nombre d&rsquo;\u0153ufs n&rsquo;est pas estim\u00e9, mais d\u00e9termin\u00e9 avec exactitude \u2013 une norme de qualit\u00e9 qui se d\u00e9marque nettement des kits de triops traditionnels.<\/p>\n<h3>\u00c0 qui s&rsquo;adresse le kit de d\u00e9marrage maxi pour triops ?<\/h3>\n<p>Le kit de d\u00e9marrage maxi pour triops est id\u00e9al pour les \u00e9coles et les universit\u00e9s, mais aussi pour d&rsquo;autres \u00e9tablissements d&rsquo;enseignement. Il convient \u00e9galement parfaitement aux personnes int\u00e9ress\u00e9es par les sciences naturelles, aux familles avec enfants, aux d\u00e9butants dans l&rsquo;\u00e9levage de triops, mais aussi aux \u00e9leveurs exp\u00e9riment\u00e9s. Le kit de d\u00e9marrage contient de la spiruline de haute qualit\u00e9 pour nourrir les jeunes triops pendant les dix premiers jours. \u00c0 l&rsquo;\u00e2ge adulte, ils sont nourris avec la nourriture principale fournie sous forme de b\u00e2tonnets.<\/p>\n<p>Revivez la pr\u00e9histoire avec vos enfants \u2013 dans votre salon !<\/p>\n<h2>Portrait de Triops longicaudatus:<\/h2>\n<p>Embranchement : arthropodes (Arthropoda)<br \/>\nSous-embranchement : Crustac\u00e9s (Crustacea)<br \/>\nTaille : 5 \u00e0 7 cm<br \/>\nDur\u00e9e de vie : env. 60 \u00e0 90 jours<br \/>\nHabitat : eau douce<br \/>\nTemp\u00e9rature : 25 \u00e0 28\u00b0 C<\/p>\n<h3>Kit complet comprenant plusieurs \u00e9l\u00e9ments pour l\u2019\u00e9levage de triops (contenu de la livraison) :<\/h3>\n<ul>\n<li><strong>1 x m\u00e9lange d&rsquo;\u0153ufs et de sable<\/strong><\/li>\n<li><strong>1 x sachet de spiruline en poudre<\/strong><\/li>\n<li><strong>1 x sachet d&rsquo;\u0153ufs d&rsquo;art\u00e9mias d\u00e9capsul\u00e9s (nourriture pour jeunes animaux)<\/strong><\/li>\n<li><strong>1 x sachet d&rsquo;aliment principal<\/strong><\/li>\n<li><strong>1 x sachet de morceaux de feuilles d&rsquo;amandier de mer s\u00e9ch\u00e9es<\/strong><\/li>\n<li><strong>Les instructions d&rsquo;\u00e9levage ne sont d\u00e9lib\u00e9r\u00e9ment pas fournies sous forme papier. Vous b\u00e9n\u00e9ficiez d&rsquo;un acc\u00e8s exclusif \u00e0 nos instructions d&rsquo;\u00e9levage num\u00e9riques. Il vous suffit de scanner le code QR figurant sur l&rsquo;\u00e9tiquette ou de <a href=\"https:\/\/www.triopsgalaxy.de\/wp-content\/uploads\/Breeding-Guide.pdf\" target=\"_blank\" rel=\"noopener\">CLIQUER ICI<\/a> ! <\/strong>Sur demande, nous vous enverrons gratuitement des instructions imprim\u00e9es. Veuillez l&rsquo;indiquer dans les commentaires lors de votre commande.<\/li>\n<\/ul>\n<div class=\"video video-fit mb\" style=\"padding-top:56.25%;\"><p><iframe loading=\"lazy\" title=\"Triops longicaudatus 11 Tage alt\" width=\"1020\" height=\"574\" src=\"https:\/\/www.youtube.com\/embed\/WAo_oT-QyXs?feature=oembed\" frameborder=\"0\" allow=\"accelerometer; autoplay; clipboard-write; encrypted-media; gyroscope; picture-in-picture; web-share\" allowfullscreen><\/iframe><\/p>\n<\/div>\n<div class=\"video video-fit mb\" style=\"padding-top:56.25%;\"><p><iframe loading=\"lazy\" title=\"Aufzucht-Schritt-f\u00fcr-Schritt-Anleitung [QUICK GUIDE]\" width=\"1020\" height=\"574\" src=\"https:\/\/www.youtube.com\/embed\/nzmG0C403SE?feature=oembed\" frameborder=\"0\" allow=\"accelerometer; autoplay; clipboard-write; encrypted-media; gyroscope; picture-in-picture; web-share\" allowfullscreen><\/iframe><\/p>\n<\/div>\n","protected":false},"excerpt":{"rendered":"<h3><span style=\"color: #50b848;\">En stock<\/span><\/h3>\n","protected":false},"featured_media":14254,"comment_status":"open","ping_status":"closed","template":"","meta":{"inline_featured_image":false},"product_brand":[],"product_cat":[216,218],"product_tag":[],"class_list":{"0":"post-6269","1":"product","2":"type-product","3":"status-publish","4":"has-post-thumbnail","6":"product_cat-les-triops","7":"product_cat-triops-longicaudatus-fr","8":"product_shipping_class-warenpost-fr","10":"first","11":"instock","12":"shipping-taxable","13":"purchasable","14":"product-type-variable"},"yoast_head":"<!-- This site is optimized with the Yoast SEO plugin v27.4 - https:\/\/yoast.com\/product\/yoast-seo-wordpress\/ -->\n<title>Starterpack \u00e0 partir de 17,99 \u20ac (\u0152ufs compt\u00e9s un par un) - Kit de d\u00e9marrage maxi - Triops Galaxy<\/title>\n<meta name=\"description\" content=\"D\u00e9j\u00e0 \u00e0 partir de 17,99 \u20ac \u2705 Triops longicaudatus \u2705 \u0152ufs compt\u00e9s un par un \u2705 Triops \u2705 \u0152ufs \u2705 \u00c9levage \u2705 Crabes pr\u00e9historiques \u270d\ufe0f Triops Galaxy\" \/>\n<meta name=\"robots\" content=\"index, follow, max-snippet:-1, max-image-preview:large, max-video-preview:-1\" \/>\n<link rel=\"canonical\" href=\"https:\/\/www.triopsgalaxy.de\/fr\/shop\/triops-longicaudatus-starterpack-maxi-fr\/\" \/>\n<meta property=\"og:locale\" content=\"fr_FR\" \/>\n<meta property=\"og:type\" content=\"article\" \/>\n<meta property=\"og:title\" content=\"Starterpack \u00e0 partir de 17,99 \u20ac (\u0152ufs compt\u00e9s un par un) - Kit de d\u00e9marrage maxi - Triops Galaxy\" \/>\n<meta property=\"og:description\" content=\"D\u00e9j\u00e0 \u00e0 partir de 17,99 \u20ac \u2705 Triops longicaudatus \u2705 \u0152ufs compt\u00e9s un par un \u2705 Triops \u2705 \u0152ufs \u2705 \u00c9levage \u2705 Crabes pr\u00e9historiques \u270d\ufe0f Triops Galaxy\" \/>\n<meta property=\"og:url\" content=\"https:\/\/www.triopsgalaxy.de\/fr\/shop\/triops-longicaudatus-starterpack-maxi-fr\/\" \/>\n<meta property=\"article:modified_time\" content=\"2026-04-02T11:38:54+00:00\" \/>\n<meta property=\"og:image\" content=\"https:\/\/www.triopsgalaxy.de\/wp-content\/uploads\/2025_Triops-Starterpack_maxi.png\" \/>\n\t<meta property=\"og:image:width\" content=\"1000\" \/>\n\t<meta property=\"og:image:height\" content=\"1000\" \/>\n\t<meta property=\"og:image:type\" content=\"image\/png\" \/>\n<meta name=\"twitter:card\" content=\"summary_large_image\" \/>\n<meta name=\"twitter:label1\" content=\"Dur\u00e9e de lecture estim\u00e9e\" \/>\n\t<meta name=\"twitter:data1\" content=\"4 minutes\" \/>\n<script type=\"application\/ld+json\" class=\"yoast-schema-graph\">{\"@context\":\"https:\\\/\\\/schema.org\",\"@graph\":[{\"@type\":\"WebPage\",\"@id\":\"https:\\\/\\\/www.triopsgalaxy.de\\\/fr\\\/shop\\\/triops-longicaudatus-starterpack-maxi-fr\\\/\",\"url\":\"https:\\\/\\\/www.triopsgalaxy.de\\\/fr\\\/shop\\\/triops-longicaudatus-starterpack-maxi-fr\\\/\",\"name\":\"Starterpack \u00e0 partir de 17,99 \u20ac (\u0152ufs compt\u00e9s un par un) - Kit de d\u00e9marrage maxi - Triops Galaxy\",\"isPartOf\":{\"@id\":\"https:\\\/\\\/www.triopsgalaxy.de\\\/fr\\\/#website\"},\"primaryImageOfPage\":{\"@id\":\"https:\\\/\\\/www.triopsgalaxy.de\\\/fr\\\/shop\\\/triops-longicaudatus-starterpack-maxi-fr\\\/#primaryimage\"},\"image\":{\"@id\":\"https:\\\/\\\/www.triopsgalaxy.de\\\/fr\\\/shop\\\/triops-longicaudatus-starterpack-maxi-fr\\\/#primaryimage\"},\"thumbnailUrl\":\"https:\\\/\\\/www.triopsgalaxy.de\\\/wp-content\\\/uploads\\\/2025_Triops-Starterpack_maxi.png\",\"datePublished\":\"2020-11-14T09:00:49+00:00\",\"dateModified\":\"2026-04-02T11:38:54+00:00\",\"description\":\"D\u00e9j\u00e0 \u00e0 partir de 17,99 \u20ac \u2705 Triops longicaudatus \u2705 \u0152ufs compt\u00e9s un par un \u2705 Triops \u2705 \u0152ufs \u2705 \u00c9levage \u2705 Crabes pr\u00e9historiques \u270d\ufe0f Triops Galaxy\",\"breadcrumb\":{\"@id\":\"https:\\\/\\\/www.triopsgalaxy.de\\\/fr\\\/shop\\\/triops-longicaudatus-starterpack-maxi-fr\\\/#breadcrumb\"},\"inLanguage\":\"fr-FR\",\"potentialAction\":[{\"@type\":\"ReadAction\",\"target\":[\"https:\\\/\\\/www.triopsgalaxy.de\\\/fr\\\/shop\\\/triops-longicaudatus-starterpack-maxi-fr\\\/\"]}]},{\"@type\":\"ImageObject\",\"inLanguage\":\"fr-FR\",\"@id\":\"https:\\\/\\\/www.triopsgalaxy.de\\\/fr\\\/shop\\\/triops-longicaudatus-starterpack-maxi-fr\\\/#primaryimage\",\"url\":\"https:\\\/\\\/www.triopsgalaxy.de\\\/wp-content\\\/uploads\\\/2025_Triops-Starterpack_maxi.png\",\"contentUrl\":\"https:\\\/\\\/www.triopsgalaxy.de\\\/wp-content\\\/uploads\\\/2025_Triops-Starterpack_maxi.png\",\"width\":1000,\"height\":1000},{\"@type\":\"BreadcrumbList\",\"@id\":\"https:\\\/\\\/www.triopsgalaxy.de\\\/fr\\\/shop\\\/triops-longicaudatus-starterpack-maxi-fr\\\/#breadcrumb\",\"itemListElement\":[{\"@type\":\"ListItem\",\"position\":1,\"name\":\"Startseite\",\"item\":\"https:\\\/\\\/www.triopsgalaxy.de\\\/fr\\\/\"},{\"@type\":\"ListItem\",\"position\":2,\"name\":\"Boutique\",\"item\":\"https:\\\/\\\/www.triopsgalaxy.de\\\/fr\\\/boutique\\\/\"},{\"@type\":\"ListItem\",\"position\":3,\"name\":\"Triops longicaudatus &#8211; Kit de d\u00e9marrage maxi &#8211; \u0152ufs compt\u00e9s un par un\"}]},{\"@type\":\"WebSite\",\"@id\":\"https:\\\/\\\/www.triopsgalaxy.de\\\/fr\\\/#website\",\"url\":\"https:\\\/\\\/www.triopsgalaxy.de\\\/fr\\\/\",\"name\":\"\",\"description\":\"\",\"potentialAction\":[{\"@type\":\"SearchAction\",\"target\":{\"@type\":\"EntryPoint\",\"urlTemplate\":\"https:\\\/\\\/www.triopsgalaxy.de\\\/fr\\\/?s={search_term_string}\"},\"query-input\":{\"@type\":\"PropertyValueSpecification\",\"valueRequired\":true,\"valueName\":\"search_term_string\"}}],\"inLanguage\":\"fr-FR\"}]}<\/script>\n<!-- \/ Yoast SEO plugin. -->","yoast_head_json":{"title":"Starterpack \u00e0 partir de 17,99 \u20ac (\u0152ufs compt\u00e9s un par un) - Kit de d\u00e9marrage maxi - Triops Galaxy","description":"D\u00e9j\u00e0 \u00e0 partir de 17,99 \u20ac \u2705 Triops longicaudatus \u2705 \u0152ufs compt\u00e9s un par un \u2705 Triops \u2705 \u0152ufs \u2705 \u00c9levage \u2705 Crabes pr\u00e9historiques \u270d\ufe0f Triops Galaxy","robots":{"index":"index","follow":"follow","max-snippet":"max-snippet:-1","max-image-preview":"max-image-preview:large","max-video-preview":"max-video-preview:-1"},"canonical":"https:\/\/www.triopsgalaxy.de\/fr\/shop\/triops-longicaudatus-starterpack-maxi-fr\/","og_locale":"fr_FR","og_type":"article","og_title":"Starterpack \u00e0 partir de 17,99 \u20ac (\u0152ufs compt\u00e9s un par un) - Kit de d\u00e9marrage maxi - Triops Galaxy","og_description":"D\u00e9j\u00e0 \u00e0 partir de 17,99 \u20ac \u2705 Triops longicaudatus \u2705 \u0152ufs compt\u00e9s un par un \u2705 Triops \u2705 \u0152ufs \u2705 \u00c9levage \u2705 Crabes pr\u00e9historiques \u270d\ufe0f Triops Galaxy","og_url":"https:\/\/www.triopsgalaxy.de\/fr\/shop\/triops-longicaudatus-starterpack-maxi-fr\/","article_modified_time":"2026-04-02T11:38:54+00:00","og_image":[{"width":1000,"height":1000,"url":"https:\/\/www.triopsgalaxy.de\/wp-content\/uploads\/2025_Triops-Starterpack_maxi.png","type":"image\/png"}],"twitter_card":"summary_large_image","twitter_misc":{"Dur\u00e9e de lecture estim\u00e9e":"4 minutes"},"schema":{"@context":"https:\/\/schema.org","@graph":[{"@type":"WebPage","@id":"https:\/\/www.triopsgalaxy.de\/fr\/shop\/triops-longicaudatus-starterpack-maxi-fr\/","url":"https:\/\/www.triopsgalaxy.de\/fr\/shop\/triops-longicaudatus-starterpack-maxi-fr\/","name":"Starterpack \u00e0 partir de 17,99 \u20ac (\u0152ufs compt\u00e9s un par un) - Kit de d\u00e9marrage maxi - Triops Galaxy","isPartOf":{"@id":"https:\/\/www.triopsgalaxy.de\/fr\/#website"},"primaryImageOfPage":{"@id":"https:\/\/www.triopsgalaxy.de\/fr\/shop\/triops-longicaudatus-starterpack-maxi-fr\/#primaryimage"},"image":{"@id":"https:\/\/www.triopsgalaxy.de\/fr\/shop\/triops-longicaudatus-starterpack-maxi-fr\/#primaryimage"},"thumbnailUrl":"https:\/\/www.triopsgalaxy.de\/wp-content\/uploads\/2025_Triops-Starterpack_maxi.png","datePublished":"2020-11-14T09:00:49+00:00","dateModified":"2026-04-02T11:38:54+00:00","description":"D\u00e9j\u00e0 \u00e0 partir de 17,99 \u20ac \u2705 Triops longicaudatus \u2705 \u0152ufs compt\u00e9s un par un \u2705 Triops \u2705 \u0152ufs \u2705 \u00c9levage \u2705 Crabes pr\u00e9historiques \u270d\ufe0f Triops Galaxy","breadcrumb":{"@id":"https:\/\/www.triopsgalaxy.de\/fr\/shop\/triops-longicaudatus-starterpack-maxi-fr\/#breadcrumb"},"inLanguage":"fr-FR","potentialAction":[{"@type":"ReadAction","target":["https:\/\/www.triopsgalaxy.de\/fr\/shop\/triops-longicaudatus-starterpack-maxi-fr\/"]}]},{"@type":"ImageObject","inLanguage":"fr-FR","@id":"https:\/\/www.triopsgalaxy.de\/fr\/shop\/triops-longicaudatus-starterpack-maxi-fr\/#primaryimage","url":"https:\/\/www.triopsgalaxy.de\/wp-content\/uploads\/2025_Triops-Starterpack_maxi.png","contentUrl":"https:\/\/www.triopsgalaxy.de\/wp-content\/uploads\/2025_Triops-Starterpack_maxi.png","width":1000,"height":1000},{"@type":"BreadcrumbList","@id":"https:\/\/www.triopsgalaxy.de\/fr\/shop\/triops-longicaudatus-starterpack-maxi-fr\/#breadcrumb","itemListElement":[{"@type":"ListItem","position":1,"name":"Startseite","item":"https:\/\/www.triopsgalaxy.de\/fr\/"},{"@type":"ListItem","position":2,"name":"Boutique","item":"https:\/\/www.triopsgalaxy.de\/fr\/boutique\/"},{"@type":"ListItem","position":3,"name":"Triops longicaudatus &#8211; Kit de d\u00e9marrage maxi &#8211; \u0152ufs compt\u00e9s un par un"}]},{"@type":"WebSite","@id":"https:\/\/www.triopsgalaxy.de\/fr\/#website","url":"https:\/\/www.triopsgalaxy.de\/fr\/","name":"","description":"","potentialAction":[{"@type":"SearchAction","target":{"@type":"EntryPoint","urlTemplate":"https:\/\/www.triopsgalaxy.de\/fr\/?s={search_term_string}"},"query-input":{"@type":"PropertyValueSpecification","valueRequired":true,"valueName":"search_term_string"}}],"inLanguage":"fr-FR"}]}},"_links":{"self":[{"href":"https:\/\/www.triopsgalaxy.de\/fr\/wp-json\/wp\/v2\/product\/6269","targetHints":{"allow":["GET"]}}],"collection":[{"href":"https:\/\/www.triopsgalaxy.de\/fr\/wp-json\/wp\/v2\/product"}],"about":[{"href":"https:\/\/www.triopsgalaxy.de\/fr\/wp-json\/wp\/v2\/types\/product"}],"replies":[{"embeddable":true,"href":"https:\/\/www.triopsgalaxy.de\/fr\/wp-json\/wp\/v2\/comments?post=6269"}],"wp:featuredmedia":[{"embeddable":true,"href":"https:\/\/www.triopsgalaxy.de\/fr\/wp-json\/wp\/v2\/media\/14254"}],"wp:attachment":[{"href":"https:\/\/www.triopsgalaxy.de\/fr\/wp-json\/wp\/v2\/media?parent=6269"}],"wp:term":[{"taxonomy":"product_brand","embeddable":true,"href":"https:\/\/www.triopsgalaxy.de\/fr\/wp-json\/wp\/v2\/product_brand?post=6269"},{"taxonomy":"product_cat","embeddable":true,"href":"https:\/\/www.triopsgalaxy.de\/fr\/wp-json\/wp\/v2\/product_cat?post=6269"},{"taxonomy":"product_tag","embeddable":true,"href":"https:\/\/www.triopsgalaxy.de\/fr\/wp-json\/wp\/v2\/product_tag?post=6269"}],"curies":[{"name":"wp","href":"https:\/\/api.w.org\/{rel}","templated":true}]}}